{"id":18466,"date":"2025-09-17T07:57:54","date_gmt":"2025-09-17T05:57:54","guid":{"rendered":"https:\/\/boreait.com\/fr\/?post_type=product&#038;p=18466"},"modified":"2025-09-17T07:59:41","modified_gmt":"2025-09-17T05:59:41","slug":"pieces-detachees-pour-ordinateur-portable-dell-latitude-e5470-e5480-04jmfp-caddy-080rk8","status":"publish","type":"product","link":"https:\/\/boreait.com\/fr\/produit\/pieces-detachees-pour-ordinateur-portable-dell-latitude-e5470-e5480-04jmfp-caddy-080rk8\/","title":{"rendered":"Pi\u00e8ces d\u00e9tach\u00e9es pour ordinateur portable Dell Latitude E5470\/E5480 04JMFP Caddy 080RK8"},"content":{"rendered":"<p data-start=\"589\" data-end=\"757\">Am\u00e9liorez ou r\u00e9parez votre ordinateur portable Dell Latitude avec ce <strong data-start=\"643\" data-end=\"704\">support de disque dur SATA haute qualit\u00e9<\/strong>, con\u00e7u pour les mod\u00e8les <strong data-start=\"726\" data-end=\"754\">Latitude E5470 et E5480<\/strong>.<\/p>\n<p data-start=\"759\" data-end=\"1073\">Cet ensemble comprend le <strong data-start=\"781\" data-end=\"821\">disque dur (04JMFP \/ 4JMFP)<\/strong>\u00a0<strong data-start=\"830\" data-end=\"866\">support de support de disque dur (080RK8)<\/strong>, garantissant un maintien s\u00fbr et des performances fiables de votre disque dur. Que vous remplaciez un disque dur d\u00e9fectueux ou que vous en ajoutiez un nouveau, cette pi\u00e8ce vous permet de restaurer les performances de votre ordinateur portable gr\u00e2ce \u00e0 un ajustement pr\u00e9cis.<\/p>\n<p data-start=\"1075\" data-end=\"1388\">\u2714 <strong data-start=\"1077\" data-end=\"1099\">Mod\u00e8les compatibles\u00a0:<\/strong> Dell Latitude E5470, E5480<br data-start=\"1126\" data-end=\"1129\" \/>\u2714 <strong data-start=\"1131\" data-end=\"1148\">R\u00e9f\u00e9rences\u00a0:<\/strong> 04JMFP \/ 4JMFP 080RK8 (caddy)<br data-start=\"1197\" data-end=\"1200\" \/>\u2714 <strong data-start=\"1202\" data-end=\"1216\">\u00c9tat\u00a0:<\/strong> Pi\u00e8ce de rechange d&rsquo;origine pour ordinateur portable<br data-start=\"1248\" data-end=\"1251\" \/>\u2714 <strong data-start=\"1253\" data-end=\"1266\">Cas d&rsquo;utilisation\u00a0:<\/strong> Id\u00e9al pour l&rsquo;installation, la mise \u00e0 niveau ou la r\u00e9paration de disques durs.<br data-start=\"1315\" data-end=\"1318\" \/>\u2714 <strong data-start=\"1320\" data-end=\"1331\">Photos\u00a0:<\/strong> Photos r\u00e9elles des pi\u00e8ces d\u00e9tach\u00e9es de votre ordinateur portable.<\/p>\n<p data-start=\"1390\" data-end=\"1509\">Ce produit est un remplacement indispensable si le disque dur de votre ordinateur portable n&rsquo;est pas d\u00e9tect\u00e9 ou si vous devez r\u00e9installer un disque.<\/p>\n<p data-start=\"1511\" data-end=\"1650\"><em data-start=\"1511\" data-end=\"1648\">Remarque\u00a0: les instructions d&rsquo;installation ne sont pas incluses. Si vous avez besoin d&rsquo;aide, n&rsquo;h\u00e9sitez pas \u00e0 nous contacter\u00a0; nous serons ravis de vous aider.<\/em><\/p>\n","protected":false},"excerpt":{"rendered":"<p data-start=\"397\" data-end=\"538\">Ensemble de bo\u00eetiers de disque dur SATA fiables pour Dell Latitude E5470\/E5480. Pi\u00e8ce de rechange d&rsquo;origine pour une installation s\u00e9curis\u00e9e du disque dur.<\/p>\n","protected":false},"featured_media":18529,"template":"","meta":[],"product_brand":[],"product_cat":[52],"product_tag":[53],"class_list":{"0":"post-18466","1":"product","2":"type-product","3":"status-publish","4":"has-post-thumbnail","6":"product_cat-laptop-housing","7":"product_tag-dell","9":"first","10":"instock","11":"taxable","12":"shipping-taxable","13":"purchasable","14":"product-type-simple"},"_links":{"self":[{"href":"https:\/\/boreait.com\/fr\/wp-json\/wp\/v2\/product\/18466","targetHints":{"allow":["GET"]}}],"collection":[{"href":"https:\/\/boreait.com\/fr\/wp-json\/wp\/v2\/product"}],"about":[{"href":"https:\/\/boreait.com\/fr\/wp-json\/wp\/v2\/types\/product"}],"wp:featuredmedia":[{"embeddable":true,"href":"https:\/\/boreait.com\/fr\/wp-json\/wp\/v2\/media\/18529"}],"wp:attachment":[{"href":"https:\/\/boreait.com\/fr\/wp-json\/wp\/v2\/media?parent=18466"}],"wp:term":[{"taxonomy":"product_brand","embeddable":true,"href":"https:\/\/boreait.com\/fr\/wp-json\/wp\/v2\/product_brand?post=18466"},{"taxonomy":"product_cat","embeddable":true,"href":"https:\/\/boreait.com\/fr\/wp-json\/wp\/v2\/product_cat?post=18466"},{"taxonomy":"product_tag","embeddable":true,"href":"https:\/\/boreait.com\/fr\/wp-json\/wp\/v2\/product_tag?post=18466"}],"curies":[{"name":"wp","href":"https:\/\/api.w.org\/{rel}","templated":true}]}}