{"id":18464,"date":"2025-09-17T07:57:53","date_gmt":"2025-09-17T05:57:53","guid":{"rendered":"https:\/\/boreait.com\/fr\/?post_type=product&#038;p=18464"},"modified":"2025-09-17T07:59:36","modified_gmt":"2025-09-17T05:59:36","slug":"pieces-dorigine-pour-ordinateur-portable-dell-latitude-e5470-haut-parleur-integre-cn-0cgdgm","status":"publish","type":"product","link":"https:\/\/boreait.com\/fr\/produit\/pieces-dorigine-pour-ordinateur-portable-dell-latitude-e5470-haut-parleur-integre-cn-0cgdgm\/","title":{"rendered":"Pi\u00e8ces d&rsquo;origine pour ordinateur portable Dell Latitude E5470, haut-parleur int\u00e9gr\u00e9 CN-0CGDGM"},"content":{"rendered":"<p data-start=\"620\" data-end=\"909\">Am\u00e9liorez ou restaurez la qualit\u00e9 sonore de votre Dell Latitude E5470 avec ce <strong data-start=\"695\" data-end=\"743\">haut-parleur int\u00e9gr\u00e9 d&rsquo;origine pour ordinateur portable (CN-0CGDGM)<\/strong>. Con\u00e7u sp\u00e9cifiquement pour le Latitude E5470, ce composant Dell d&rsquo;origine garantit des performances fiables, un son clair et une compatibilit\u00e9 sans aucune modification.<\/p>\n<p data-start=\"911\" data-end=\"1162\">Il s&rsquo;agit d&rsquo;un <strong data-start=\"922\" data-end=\"952\">\u00e9l\u00e9ment d&rsquo;origine pour ordinateur portable Dell<\/strong>, et non d&rsquo;un remplacement g\u00e9n\u00e9rique. Il est donc id\u00e9al si votre haut-parleur actuel est endommag\u00e9, d\u00e9form\u00e9 ou ne produit plus de son. Toutes les photos de cette annonce sont des <strong data-start=\"1105\" data-end=\"1120\">images r\u00e9elles<\/strong> de l&rsquo;enceinte que vous recevrez.<\/p>\n<p data-start=\"1164\" data-end=\"1364\">\u2714 <strong data-start=\"1166\" data-end=\"1176\">Mod\u00e8le\u00a0:<\/strong> Dell Latitude E5470<br data-start=\"1196\" data-end=\"1199\" \/>\u2714 <strong data-start=\"1201\" data-end=\"1217\">R\u00e9f\u00e9rence\u00a0:<\/strong> CN-0CGDGM<br data-start=\"1227\" data-end=\"1230\" \/>\u2714 <strong data-start=\"1232\" data-end=\"1241\">Type\u00a0:<\/strong> Haut-parleur interne int\u00e9gr\u00e9 pour ordinateur portable<br data-start=\"1274\" data-end=\"1277\" \/>\u2714 <strong data-start=\"1279\" data-end=\"1293\">\u00c9tat\u00a0:<\/strong> Original \/ Test\u00e9 et fonctionnel<br data-start=\"1319\" data-end=\"1322\" \/>\u2714 <strong data-start=\"1324\" data-end=\"1335\">R\u00e9gion\u00a0:<\/strong> Convient \u00e0 une utilisation dans le monde entier<\/p>\n<p data-start=\"1366\" data-end=\"1576\">Nous sommes sp\u00e9cialis\u00e9s dans les <strong data-start=\"1383\" data-end=\"1399\">pi\u00e8ces d\u00e9tach\u00e9es pour ordinateurs portables<\/strong> et fournissons des pi\u00e8ces de rechange d&rsquo;origine pour des performances durables. Si vous avez besoin d&rsquo;aide pour choisir la pi\u00e8ce adapt\u00e9e \u00e0 votre ordinateur portable, n&rsquo;h\u00e9sitez pas \u00e0 nous contacter directement.<\/p>\n","protected":false},"excerpt":{"rendered":"<p>Haut-parleur interne int\u00e9gr\u00e9 d&rsquo;origine pour Dell Latitude E5470 (CN-0CGDGM). Pi\u00e8ce de rechange id\u00e9ale pour restaurer un son clair.<\/p>\n","protected":false},"featured_media":18527,"template":"","meta":[],"product_brand":[],"product_cat":[54],"product_tag":[53],"class_list":{"0":"post-18464","1":"product","2":"type-product","3":"status-publish","4":"has-post-thumbnail","6":"product_cat-laptop-speakers","7":"product_tag-dell","9":"first","10":"instock","11":"taxable","12":"shipping-taxable","13":"purchasable","14":"product-type-simple"},"_links":{"self":[{"href":"https:\/\/boreait.com\/fr\/wp-json\/wp\/v2\/product\/18464","targetHints":{"allow":["GET"]}}],"collection":[{"href":"https:\/\/boreait.com\/fr\/wp-json\/wp\/v2\/product"}],"about":[{"href":"https:\/\/boreait.com\/fr\/wp-json\/wp\/v2\/types\/product"}],"wp:featuredmedia":[{"embeddable":true,"href":"https:\/\/boreait.com\/fr\/wp-json\/wp\/v2\/media\/18527"}],"wp:attachment":[{"href":"https:\/\/boreait.com\/fr\/wp-json\/wp\/v2\/media?parent=18464"}],"wp:term":[{"taxonomy":"product_brand","embeddable":true,"href":"https:\/\/boreait.com\/fr\/wp-json\/wp\/v2\/product_brand?post=18464"},{"taxonomy":"product_cat","embeddable":true,"href":"https:\/\/boreait.com\/fr\/wp-json\/wp\/v2\/product_cat?post=18464"},{"taxonomy":"product_tag","embeddable":true,"href":"https:\/\/boreait.com\/fr\/wp-json\/wp\/v2\/product_tag?post=18464"}],"curies":[{"name":"wp","href":"https:\/\/api.w.org\/{rel}","templated":true}]}}