{"id":18454,"date":"2025-09-17T07:57:29","date_gmt":"2025-09-17T05:57:29","guid":{"rendered":"https:\/\/boreait.com\/fr\/?post_type=product&#038;p=18454"},"modified":"2025-09-17T07:59:32","modified_gmt":"2025-09-17T05:59:32","slug":"ventilateur-de-refroidissement-pour-processeur-intel-cpu-gpu-0h3h1p-0wkt5y-pour-ordinateur-portable-dell-latitude-e5470","status":"publish","type":"product","link":"https:\/\/boreait.com\/fr\/produit\/ventilateur-de-refroidissement-pour-processeur-intel-cpu-gpu-0h3h1p-0wkt5y-pour-ordinateur-portable-dell-latitude-e5470\/","title":{"rendered":"Ventilateur de refroidissement pour processeur Intel CPU GPU 0H3H1P 0WKT5Y pour ordinateur portable Dell Latitude E5470"},"content":{"rendered":"<p data-start=\"533\" data-end=\"814\">Il s&rsquo;agit d&rsquo;un ensemble dissipateur thermique d&rsquo;origine pour ordinateur portable Dell Latitude E5470 avec ventilateur de refroidissement, con\u00e7u pour les mod\u00e8les avec <strong data-start=\"645\" data-end=\"680\">carte graphique int\u00e9gr\u00e9e Intel (UMA)<\/strong>. Il assure des performances de refroidissement stables et une dissipation thermique efficace, prot\u00e9geant ainsi votre carte m\u00e8re et votre processeur m\u00eame sous des charges de travail intenses.<\/p>\n<p data-start=\"816\" data-end=\"840\">\u2705 <strong data-start=\"818\" data-end=\"838\">D\u00e9tails du produit\u00a0:<\/strong><\/p>\n<ul data-start=\"841\" data-end=\"1078\">\n<li data-start=\"841\" data-end=\"882\">\n<p data-start=\"843\" data-end=\"882\">Mod\u00e8le compatible\u00a0: Dell Latitude E5470<\/p>\n<\/li>\n<li data-start=\"883\" data-end=\"933\">\n<p data-start=\"885\" data-end=\"933\">Type de carte graphique\u00a0: Intel Integrated Graphics (UMA)<\/p>\n<\/li>\n<li data-start=\"934\" data-end=\"979\">\n<p data-start=\"936\" data-end=\"979\">Comprend\u00a0: Dissipateur thermique et ventilateur de refroidissement.<\/p>\n<\/li>\n<li data-start=\"980\" data-end=\"1025\">\n<p data-start=\"982\" data-end=\"1025\">R\u00e9f\u00e9rences fabricant\u00a0: 0H3H1P, 0WKT5Y.<\/p>\n<\/li>\n<li data-start=\"1026\" data-end=\"1078\">\n<p data-start=\"1028\" data-end=\"1078\">\u00c9tat\u00a0: Authentique, test\u00e9 et enti\u00e8rement fonctionnel.<\/p>\n<\/li>\n<\/ul>\n<p data-start=\"1080\" data-end=\"1233\">Cette pi\u00e8ce d\u00e9tach\u00e9e pour ordinateur portable est id\u00e9ale pour remplacer un ventilateur de refroidissement d\u00e9fectueux ou bruyant, ou pour r\u00e9parer votre Dell Latitude. E5470 pour restaurer un refroidissement optimal.<\/p>\n<p data-start=\"1235\" data-end=\"1271\">\u26a1 <strong data-start=\"1237\" data-end=\"1269\">Pourquoi choisir cette pi\u00e8ce pour ordinateur portable\u00a0?<\/strong><\/p>\n<ul data-start=\"1272\" data-end=\"1489\">\n<li data-start=\"1272\" data-end=\"1328\">\n<p data-start=\"1274\" data-end=\"1328\">Composant Dell 100\u00a0% d&rsquo;origine pour des performances fiables<\/p>\n<\/li>\n<li data-start=\"1329\" data-end=\"1394\">\n<p data-start=\"1331\" data-end=\"1394\">Contribue \u00e0 pr\u00e9venir la surchauffe et prolonge la dur\u00e9e de vie de votre ordinateur portable.<\/p>\n<\/li>\n<li data-start=\"1395\" data-end=\"1456\">\n<p data-start=\"1397\" data-end=\"1456\">Photos r\u00e9elles du produit\u00a0: vous recevrez exactement ce que vous voyez.<\/p>\n<\/li>\n<li data-start=\"1457\" data-end=\"1489\">\n<p data-start=\"1459\" data-end=\"1489\">Livraison internationale disponible.<\/p>\n<\/li>\n<\/ul>\n<p data-start=\"1491\" data-end=\"1596\">\ud83d\udca1 <strong data-start=\"1494\" data-end=\"1503\">Remarque\u00a0:<\/strong> Nous ne fournissons pas d\u2019instructions d\u2019installation, mais si vous avez besoin d\u2019aide, n\u2019h\u00e9sitez pas \u00e0 nous contacter.<\/p>\n","protected":false},"excerpt":{"rendered":"<p>Ensemble dissipateur thermique d&rsquo;origine Dell Latitude E5470 avec ventilateur pour carte graphique Intel UMA. Compatible avec les r\u00e9f\u00e9rences 0H3H1P et 0WKT5Y.<\/p>\n","protected":false},"featured_media":18525,"template":"","meta":[],"product_brand":[],"product_cat":[69],"product_tag":[53],"class_list":{"0":"post-18454","1":"product","2":"type-product","3":"status-publish","4":"has-post-thumbnail","6":"product_cat-cpu-fans-heatsinks","7":"product_tag-dell","9":"first","10":"instock","11":"taxable","12":"shipping-taxable","13":"purchasable","14":"product-type-simple"},"_links":{"self":[{"href":"https:\/\/boreait.com\/fr\/wp-json\/wp\/v2\/product\/18454","targetHints":{"allow":["GET"]}}],"collection":[{"href":"https:\/\/boreait.com\/fr\/wp-json\/wp\/v2\/product"}],"about":[{"href":"https:\/\/boreait.com\/fr\/wp-json\/wp\/v2\/types\/product"}],"wp:featuredmedia":[{"embeddable":true,"href":"https:\/\/boreait.com\/fr\/wp-json\/wp\/v2\/media\/18525"}],"wp:attachment":[{"href":"https:\/\/boreait.com\/fr\/wp-json\/wp\/v2\/media?parent=18454"}],"wp:term":[{"taxonomy":"product_brand","embeddable":true,"href":"https:\/\/boreait.com\/fr\/wp-json\/wp\/v2\/product_brand?post=18454"},{"taxonomy":"product_cat","embeddable":true,"href":"https:\/\/boreait.com\/fr\/wp-json\/wp\/v2\/product_cat?post=18454"},{"taxonomy":"product_tag","embeddable":true,"href":"https:\/\/boreait.com\/fr\/wp-json\/wp\/v2\/product_tag?post=18454"}],"curies":[{"name":"wp","href":"https:\/\/api.w.org\/{rel}","templated":true}]}}