{"id":18449,"date":"2025-09-17T07:57:28","date_gmt":"2025-09-17T05:57:28","guid":{"rendered":"https:\/\/boreait.com\/fr\/?post_type=product&#038;p=18449"},"modified":"2025-09-17T07:59:15","modified_gmt":"2025-09-17T05:59:15","slug":"clavier-lenovo-thinkpad-x280-a285-x390-x395-l13","status":"publish","type":"product","link":"https:\/\/boreait.com\/fr\/produit\/clavier-lenovo-thinkpad-x280-a285-x390-x395-l13\/","title":{"rendered":"Clavier Lenovo Thinkpad X280 A285 X390 X395 L13"},"content":{"rendered":"<p data-start=\"260\" data-end=\"638\">Mettez \u00e0 niveau ou remplacez votre clavier d\u00e9fectueux avec ce <strong data-start=\"365\" data-end=\"398\">clavier de remplacement fiable<\/strong>, sp\u00e9cialement con\u00e7u pour les mod\u00e8les de la s\u00e9rie Lenovo ThinkPad <strong data-start=\"456\" data-end=\"509\">E580, E585, E590, E595, T590, L580, L590 et P52<\/strong>. Con\u00e7u pour la durabilit\u00e9 et la pr\u00e9cision, ce clavier assure un ajustement parfait et une exp\u00e9rience de frappe fluide, comme l&rsquo;original.<\/p>\n<ul data-start=\"640\" data-end=\"1063\">\n<li data-start=\"640\" data-end=\"716\">\n<p data-start=\"642\" data-end=\"716\">\u2705 <strong data-start=\"644\" data-end=\"668\">Mod\u00e8les compatibles\u00a0:<\/strong> E580, E585, E590, E595, T590, L580, L590, P52<\/p>\n<\/li>\n<li data-start=\"717\" data-end=\"791\">\n<p data-start=\"719\" data-end=\"791\">\u2705 <strong data-start=\"721\" data-end=\"744\">Fabrication de haute qualit\u00e9\u00a0:<\/strong> Touches durables avec un excellent retour tactile<\/p>\n<\/li>\n<li data-start=\"792\" data-end=\"871\">\n<p data-start=\"794\" data-end=\"871\">\u2705 <strong data-start=\"796\" data-end=\"813\">Ajustement pr\u00e9cis\u00a0:<\/strong> Con\u00e7u pour une installation facile sans modification.<\/p>\n<\/li>\n<li data-start=\"872\" data-end=\"949\">\n<p data-start=\"874\" data-end=\"949\">\u2705 <strong data-start=\"876\" data-end=\"900\">Photos r\u00e9elles du produit\u00a0:<\/strong> Ce que vous voyez est ce que vous obtenez\u00a0\u2013 aucune image d&rsquo;archive.<\/p>\n<\/li>\n<li data-start=\"950\" data-end=\"1063\">\n<p data-start=\"952\" data-end=\"1063\">\u2705 <strong data-start=\"954\" data-end=\"978\">Id\u00e9al pour les r\u00e9parations\u00a0:<\/strong> Solution id\u00e9ale si votre clavier d&rsquo;origine est endommag\u00e9, qu&rsquo;il manque des touches ou qu&rsquo;il ne r\u00e9pond plus.<\/p>\n<\/li>\n<\/ul>\n<p data-start=\"1065\" data-end=\"1210\">Que vous soyez un professionnel de la r\u00e9paration ou que vous souhaitiez simplement remplacer une pi\u00e8ce de votre ordinateur portable, ce clavier offre une solution \u00e9conomique et fiable.<\/p>\n","protected":false},"excerpt":{"rendered":"<p>Clavier de remplacement fiable con\u00e7u pour les mod\u00e8les Lenovo ThinkPad E580, E585, E590, E595, T590, L580, L590 et P52. Pi\u00e8ce de rechange de haute qualit\u00e9, parfaitement ajust\u00e9e et accompagn\u00e9e de photos du produit.<\/p>\n","protected":false},"featured_media":18511,"template":"","meta":[],"product_brand":[],"product_cat":[71],"product_tag":[62],"class_list":{"0":"post-18449","1":"product","2":"type-product","3":"status-publish","4":"has-post-thumbnail","6":"product_cat-laptop-keyboard","7":"product_tag-lenovo","9":"first","10":"instock","11":"taxable","12":"shipping-taxable","13":"purchasable","14":"product-type-simple"},"_links":{"self":[{"href":"https:\/\/boreait.com\/fr\/wp-json\/wp\/v2\/product\/18449","targetHints":{"allow":["GET"]}}],"collection":[{"href":"https:\/\/boreait.com\/fr\/wp-json\/wp\/v2\/product"}],"about":[{"href":"https:\/\/boreait.com\/fr\/wp-json\/wp\/v2\/types\/product"}],"wp:featuredmedia":[{"embeddable":true,"href":"https:\/\/boreait.com\/fr\/wp-json\/wp\/v2\/media\/18511"}],"wp:attachment":[{"href":"https:\/\/boreait.com\/fr\/wp-json\/wp\/v2\/media?parent=18449"}],"wp:term":[{"taxonomy":"product_brand","embeddable":true,"href":"https:\/\/boreait.com\/fr\/wp-json\/wp\/v2\/product_brand?post=18449"},{"taxonomy":"product_cat","embeddable":true,"href":"https:\/\/boreait.com\/fr\/wp-json\/wp\/v2\/product_cat?post=18449"},{"taxonomy":"product_tag","embeddable":true,"href":"https:\/\/boreait.com\/fr\/wp-json\/wp\/v2\/product_tag?post=18449"}],"curies":[{"name":"wp","href":"https:\/\/api.w.org\/{rel}","templated":true}]}}