{"id":18440,"date":"2025-09-16T17:36:06","date_gmt":"2025-09-16T15:36:06","guid":{"rendered":"https:\/\/boreait.com\/fr\/?post_type=product&#038;p=18440"},"modified":"2025-09-17T07:59:12","modified_gmt":"2025-09-17T05:59:12","slug":"coque-inferieure-dorigine-pour-ordinateur-portable-lenovo-thinkpad-l490-l480-ap1az000700","status":"publish","type":"product","link":"https:\/\/boreait.com\/fr\/produit\/coque-inferieure-dorigine-pour-ordinateur-portable-lenovo-thinkpad-l490-l480-ap1az000700\/","title":{"rendered":"Coque inf\u00e9rieure d&rsquo;origine pour ordinateur portable Lenovo ThinkPad L490 L480 AP1AZ000700"},"content":{"rendered":"<p data-start=\"584\" data-end=\"878\">Il s&rsquo;agit d&rsquo;un <strong data-start=\"595\" data-end=\"645\">bo\u00eetier inf\u00e9rieur Lenovo ThinkPad d&rsquo;origine (coque D)<\/strong> con\u00e7u pour les ordinateurs portables des s\u00e9ries <strong data-start=\"663\" data-end=\"695\">L490 et L480<\/strong>, num\u00e9ro de pi\u00e8ce <strong data-start=\"709\" data-end=\"724\">AP1AZ000700<\/strong>. Si le bo\u00eetier inf\u00e9rieur actuel est fissur\u00e9, ray\u00e9 ou endommag\u00e9, ce remplacement restaurera la durabilit\u00e9 et l&rsquo;aspect professionnel de votre ThinkPad.<\/p>\n<p data-start=\"880\" data-end=\"1094\">\u2714 <strong data-start=\"882\" data-end=\"903\">Mod\u00e8les compatibles<\/strong>\u00a0: Lenovo ThinkPad s\u00e9ries L490 et L480<br data-start=\"938\" data-end=\"941\" \/>\u2714 <strong data-start=\"943\" data-end=\"958\">R\u00e9f\u00e9rence<\/strong>\u00a0: AP1AZ000700<br data-start=\"971\" data-end=\"974\" \/>\u2714 <strong data-start=\"976\" data-end=\"989\">\u00c9tat<\/strong>\u00a0: Original, test\u00e9 et en excellent \u00e9tat de fonctionnement<br data-start=\"1039\" data-end=\"1042\" \/>\u2714 <strong data-start=\"1044\" data-end=\"1056\">Cat\u00e9gorie<\/strong>\u00a0: Pi\u00e8ces pour ordinateur portable \u2013 Bo\u00eetier inf\u00e9rieur<\/p>\n<p data-start=\"1096\" data-end=\"1265\">Que vous r\u00e9pariez votre appareil ou que vous remplaciez simplement des pi\u00e8ces us\u00e9es, ce bo\u00eetier inf\u00e9rieur est un choix fiable pour garantir la protection et le bon fonctionnement de votre ordinateur portable.<\/p>\n<p data-start=\"1267\" data-end=\"1285\"><strong data-start=\"1267\" data-end=\"1283\">Remarque\u00a0:<\/strong><\/p>\n<ul data-start=\"1286\" data-end=\"1556\">\n<li data-start=\"1286\" data-end=\"1370\">\n<p data-start=\"1288\" data-end=\"1370\">Cette offre comprend uniquement le bo\u00eetier inf\u00e9rieur (sans vis ni composants suppl\u00e9mentaires).<\/p>\n<\/li>\n<li data-start=\"1371\" data-end=\"1490\">\n<p data-start=\"1373\" data-end=\"1490\">Les instructions d&rsquo;installation ne sont pas fournies, mais si vous avez besoin d&rsquo;aide, n&rsquo;h\u00e9sitez pas \u00e0 nous contacter pour obtenir de l&rsquo;aide.<\/p>\n<\/li>\n<li data-start=\"1491\" data-end=\"1556\">\n<p data-start=\"1493\" data-end=\"1556\">Toutes les photos pr\u00e9sent\u00e9es sont celles de l&rsquo;<strong data-start=\"1521\" data-end=\"1553\">produit r\u00e9el que vous recevrez<\/strong>.<\/p>\n<\/li>\n<\/ul>\n<p data-start=\"1558\" data-end=\"1662\">Chez <strong data-start=\"1561\" data-end=\"1575\">Siggmo<\/strong>, nous sommes sp\u00e9cialis\u00e9s dans la <strong data-start=\"1607\" de haute qualit\u00e9 data-end=\"1623\">pi\u00e8ces d\u00e9tach\u00e9es pour ordinateurs portables<\/strong> exp\u00e9di\u00e9es dans toute l&rsquo;Europe et dans le monde entier.<\/p>\n","protected":false},"excerpt":{"rendered":"<p>Coque inf\u00e9rieure d&rsquo;origine pour Lenovo ThinkPad L490\/L480 (coque D) \u2013 r\u00e9f\u00e9rence AP1AZ000700. Id\u00e9ale pour remplacer la coque endommag\u00e9e ou us\u00e9e de votre ordinateur portable.<\/p>\n","protected":false},"featured_media":18510,"template":"","meta":[],"product_brand":[],"product_cat":[52],"product_tag":[62],"class_list":{"0":"post-18440","1":"product","2":"type-product","3":"status-publish","4":"has-post-thumbnail","6":"product_cat-laptop-housing","7":"product_tag-lenovo","9":"first","10":"instock","11":"taxable","12":"shipping-taxable","13":"purchasable","14":"product-type-simple"},"_links":{"self":[{"href":"https:\/\/boreait.com\/fr\/wp-json\/wp\/v2\/product\/18440","targetHints":{"allow":["GET"]}}],"collection":[{"href":"https:\/\/boreait.com\/fr\/wp-json\/wp\/v2\/product"}],"about":[{"href":"https:\/\/boreait.com\/fr\/wp-json\/wp\/v2\/types\/product"}],"wp:featuredmedia":[{"embeddable":true,"href":"https:\/\/boreait.com\/fr\/wp-json\/wp\/v2\/media\/18510"}],"wp:attachment":[{"href":"https:\/\/boreait.com\/fr\/wp-json\/wp\/v2\/media?parent=18440"}],"wp:term":[{"taxonomy":"product_brand","embeddable":true,"href":"https:\/\/boreait.com\/fr\/wp-json\/wp\/v2\/product_brand?post=18440"},{"taxonomy":"product_cat","embeddable":true,"href":"https:\/\/boreait.com\/fr\/wp-json\/wp\/v2\/product_cat?post=18440"},{"taxonomy":"product_tag","embeddable":true,"href":"https:\/\/boreait.com\/fr\/wp-json\/wp\/v2\/product_tag?post=18440"}],"curies":[{"name":"wp","href":"https:\/\/api.w.org\/{rel}","templated":true}]}}