{"id":18427,"date":"2025-09-16T17:35:39","date_gmt":"2025-09-16T15:35:39","guid":{"rendered":"https:\/\/boreait.com\/fr\/?post_type=product&#038;p=18427"},"modified":"2025-09-17T07:58:50","modified_gmt":"2025-09-17T05:58:50","slug":"carte-module-wwan-4g-lte-fibocom-l830-eb-01ax761-pour-lenovo-thinkpad-t580-t480-t480s-x280-x380","status":"publish","type":"product","link":"https:\/\/boreait.com\/fr\/produit\/carte-module-wwan-4g-lte-fibocom-l830-eb-01ax761-pour-lenovo-thinkpad-t580-t480-t480s-x280-x380\/","title":{"rendered":"Carte module WWAN 4G LTE Fibocom L830-EB 01AX761 pour Lenovo ThinkPad T580 T480 T480s X280 X380"},"content":{"rendered":"<p data-start=\"336\" data-end=\"567\">Restez connect\u00e9 o\u00f9 que vous soyez gr\u00e2ce au <strong data-start=\"369\" data-end=\"412\">Module 4G LTE Fibocom L830-EB (01AX761)<\/strong>, une carte WWAN authentique con\u00e7ue pour les ordinateurs portables Lenovo ThinkPad.<br data-start=\"472\" data-end=\"475\" \/>Id\u00e9al pour ajouter une connexion haut d\u00e9bit mobile \u00e0 votre appareil lorsque le Wi-Fi n&rsquo;est pas disponible.<\/p>\n<p data-start=\"569\" data-end=\"601\"><strong data-start=\"569\" data-end=\"599\">Sp\u00e9cifications et Caract\u00e9ristiques\u00a0:<\/p>\n<ul data-start=\"602\" data-end=\"808\">\n<li data-start=\"602\" data-end=\"632\">\n<p data-start=\"604\" data-end=\"632\">Mod\u00e8le\u00a0: <strong data-start=\"611\" data-end=\"630\">Fibocom L830-EB<\/strong><\/p>\n<\/li>\n<li data-start=\"633\" data-end=\"656\">\n<p data-start=\"635\" data-end=\"656\">FRU\/PN\u00a0: <strong data-start=\"643\" data-end=\"654\">01AX761<\/strong><\/p>\n<\/li>\n<li data-start=\"657\" data-end=\"686\">\n<p data-start=\"659\" data-end=\"686\">4G Module LTE \/ Carte WWAN<\/p>\n<\/li>\n<li data-start=\"687\" data-end=\"740\">\n<p data-start=\"689\" data-end=\"740\">Offre une connectivit\u00e9 haut d\u00e9bit mobile<\/p>\n<\/li>\n<li data-start=\"741\" data-end=\"808\">\n<p data-start=\"743\" data-end=\"808\">Installation facile, plug-and-play avec les mod\u00e8les ThinkPad pris en charge<\/p>\n<\/li>\n<\/ul>\n<p data-start=\"810\" data-end=\"841\"><strong data-start=\"810\" data-end=\"839\">Mod\u00e8les Lenovo compatibles\u00a0:<\/strong><\/p>\n<ul data-start=\"842\" data-end=\"907\">\n<li data-start=\"842\" data-end=\"878\">\n<p data-start=\"844\" data-end=\"878\">ThinkPad <strong data-start=\"853\" data-end=\"876\">T580 \/ T480 \/ T480s<\/strong><\/p>\n<\/li>\n<li data-start=\"879\" data-end=\"907\">\n<p data-start=\"881\" data-end=\"907\">ThinkPad <strong data-start=\"890\" data-end=\"905\">X280 \/ X380<\/strong><\/p>\n<\/li>\n<\/ul>\n<p data-start=\"909\" data-end=\"982\"><strong data-start=\"909\" data-end=\"930\">Contenu du pack\u00a0:<\/strong><br data-start=\"930\" data-end=\"933\" \/>1 Fibocom L830-EB 4G Carte module LTE (01AX761)<\/p>\n<p data-start=\"984\" data-end=\"1070\">Am\u00e9liorez votre ThinkPad avec une connectivit\u00e9 4G fiable et restez connect\u00e9 o\u00f9 que vous soyez.<\/p>\n","protected":false},"excerpt":{"rendered":"<p>Module Fibocom L830-EB 4G LTE d&rsquo;origine (01AX761) pour ordinateurs portables Lenovo. Compatible avec les ThinkPad T580, T480, T480s, X280 et X380.<\/p>\n","protected":false},"featured_media":18495,"template":"","meta":[],"product_brand":[],"product_cat":[63],"product_tag":[62],"class_list":{"0":"post-18427","1":"product","2":"type-product","3":"status-publish","4":"has-post-thumbnail","6":"product_cat-motherboards-board-parts","7":"product_tag-lenovo","9":"first","10":"instock","11":"taxable","12":"shipping-taxable","13":"purchasable","14":"product-type-simple"},"_links":{"self":[{"href":"https:\/\/boreait.com\/fr\/wp-json\/wp\/v2\/product\/18427","targetHints":{"allow":["GET"]}}],"collection":[{"href":"https:\/\/boreait.com\/fr\/wp-json\/wp\/v2\/product"}],"about":[{"href":"https:\/\/boreait.com\/fr\/wp-json\/wp\/v2\/types\/product"}],"wp:featuredmedia":[{"embeddable":true,"href":"https:\/\/boreait.com\/fr\/wp-json\/wp\/v2\/media\/18495"}],"wp:attachment":[{"href":"https:\/\/boreait.com\/fr\/wp-json\/wp\/v2\/media?parent=18427"}],"wp:term":[{"taxonomy":"product_brand","embeddable":true,"href":"https:\/\/boreait.com\/fr\/wp-json\/wp\/v2\/product_brand?post=18427"},{"taxonomy":"product_cat","embeddable":true,"href":"https:\/\/boreait.com\/fr\/wp-json\/wp\/v2\/product_cat?post=18427"},{"taxonomy":"product_tag","embeddable":true,"href":"https:\/\/boreait.com\/fr\/wp-json\/wp\/v2\/product_tag?post=18427"}],"curies":[{"name":"wp","href":"https:\/\/api.w.org\/{rel}","templated":true}]}}