{"id":18426,"date":"2025-09-16T17:35:39","date_gmt":"2025-09-16T15:35:39","guid":{"rendered":"https:\/\/boreait.com\/fr\/?post_type=product&#038;p=18426"},"modified":"2025-09-17T07:58:47","modified_gmt":"2025-09-17T05:58:47","slug":"carte-wi-fi-double-bande-ac-9260ngw-1-730-mbps-pour-ordinateur-portable-lenovo-l490-bluetooth-5-0","status":"publish","type":"product","link":"https:\/\/boreait.com\/fr\/produit\/carte-wi-fi-double-bande-ac-9260ngw-1-730-mbps-pour-ordinateur-portable-lenovo-l490-bluetooth-5-0\/","title":{"rendered":"Carte Wi-Fi double bande AC 9260NGW 1\u00a0730\u00a0Mbps pour ordinateur portable Lenovo L490, Bluetooth 5.0"},"content":{"rendered":"<p data-start=\"578\" data-end=\"778\">Vous recherchez des <strong data-start=\"599\" data-end=\"615\">composants informatiques fiables pour votre ordinateur portable Lenovo<\/strong> afin d&rsquo;optimiser ses performances\u00a0? Cette <strong data-start=\"662\" data-end=\"706\">carte Intel Dual Band Wireless-AC 9260NGW<\/strong> est con\u00e7ue pour le Lenovo L490 et offre vitesse et stabilit\u00e9.<\/p>\n<p data-start=\"780\" data-end=\"1073\">Gr\u00e2ce \u00e0 la prise en charge du <strong data-start=\"797\" data-end=\"831\">Wi-Fi double bande (2,4\u00a0GHz et 5\u00a0GHz)<\/strong> et \u00e0 des d\u00e9bits allant jusqu&rsquo;\u00e0 <strong data-start=\"849\" data-end=\"861\">1\u00a0730\u00a0Mbit\/s<\/strong>, vous b\u00e9n\u00e9ficierez d&rsquo;une navigation, d&rsquo;un streaming et de transferts de fichiers fluides. Le <strong data-start=\"944\" data-end=\"961\">Bluetooth 5.0<\/strong> int\u00e9gr\u00e9 assure des connexions puissantes et \u00e9conomes en \u00e9nergie aux accessoires sans fil tels que les casques, les claviers et les souris.<\/p>\n<p data-start=\"1075\" data-end=\"1097\">\ud83d\udd39 <strong data-start=\"1078\" data-end=\"1095\">Principales caract\u00e9ristiques\u00a0:<\/strong><\/p>\n<ul data-start=\"1098\" data-end=\"1467\">\n<li data-start=\"1098\" data-end=\"1211\">\n<p data-start=\"1100\" data-end=\"1211\">Compatible avec le <strong data-start=\"1116\" data-end=\"1131\">Lenovo L490<\/strong> (peut \u00e9galement \u00eatre compatible avec d&rsquo;autres ordinateurs portables \u00e9quip\u00e9s d&rsquo;un port NGFF\/M.2\u00a0\u2013 veuillez v\u00e9rifier) (compatibilit\u00e9)<\/p>\n<\/li>\n<li data-start=\"1212\" data-end=\"1287\">\n<p data-start=\"1214\" data-end=\"1287\"><strong data-start=\"1214\" data-end=\"1234\">Chipset Intel AC 9260NGW<\/strong> pour une connectivit\u00e9 sans fil hautes performances<\/p>\n<\/li>\n<li data-start=\"1288\" data-end=\"1357\">\n<p data-start=\"1290\" data-end=\"1357\"><strong data-start=\"1290\" data-end=\"1308\">Wi-Fi double bande<\/strong> (2,4 GHz et 5 GHz) avec des d\u00e9bits allant jusqu&rsquo;\u00e0 <strong data-start=\"1343\" data-end=\"1355\">1730 Mbit\/s<\/strong><\/p>\n<\/li>\n<li data-start=\"1358\" data-end=\"1423\">\n<p data-start=\"1360\" data-end=\"1423\"><strong data-start=\"1360\" data-end=\"1377\">Bluetooth 5.0<\/strong> pour des connexions stables et une faible consommation d&rsquo;\u00e9nergie.<\/p>\n<\/li>\n<li data-start=\"1424\" data-end=\"1467\">\n<p data-start=\"1426\" data-end=\"1467\">Format compact <strong data-start=\"1434\" data-end=\"1453\">NGFF (M.2 2230)<\/strong><\/p>\n<\/li>\n<\/ul>\n<p data-start=\"1469\" data-end=\"1714\">\ud83d\udce6 <strong data-start=\"1472\" data-end=\"1486\">\u00c9tat\u00a0:<\/strong> Pi\u00e8ce d&rsquo;occasion d&rsquo;origine, enti\u00e8rement test\u00e9e et Fonctionne.<br data-start=\"1531\" data-end=\"1534\" \/>\ud83d\uddbc\ufe0f <strong data-start=\"1538\" data-end=\"1549\">Photos\u00a0:<\/strong> Toutes les images repr\u00e9sentent l&rsquo;article que vous recevrez.<br data-start=\"1599\" data-end=\"1602\" \/>\ud83d\udcac <strong data-start=\"1605\" data-end=\"1617\">Assistance\u00a0:<\/strong> Aucune instruction de remplacement n&rsquo;est fournie, mais vous pouvez toujours nous contacter si vous avez besoin de conseils.<\/p>\n<p data-start=\"1716\" data-end=\"1876\">Que vous r\u00e9pariez ou mettiez \u00e0 niveau votre ordinateur portable, cette <strong data-start=\"1760\" data-end=\"1797\">carte Wi-Fi et Bluetooth Lenovo L490<\/strong> est id\u00e9ale pour restaurer une connectivit\u00e9 rapide et fiable.<\/p>\n","protected":false},"excerpt":{"rendered":"<p>Am\u00e9liorez votre Lenovo L490 avec la carte Intel Wireless-AC 9260NGW. Profitez d&rsquo;un Wi-Fi bi-bande ultra-rapide de 1730 Mbit\/s et d&rsquo;une connectivit\u00e9 Bluetooth 5.0 stable pour des performances optimales.<\/p>\n","protected":false},"featured_media":18494,"template":"","meta":[],"product_brand":[],"product_cat":[63],"product_tag":[62],"class_list":{"0":"post-18426","1":"product","2":"type-product","3":"status-publish","4":"has-post-thumbnail","6":"product_cat-motherboards-board-parts","7":"product_tag-lenovo","9":"first","10":"instock","11":"taxable","12":"shipping-taxable","13":"purchasable","14":"product-type-simple"},"_links":{"self":[{"href":"https:\/\/boreait.com\/fr\/wp-json\/wp\/v2\/product\/18426","targetHints":{"allow":["GET"]}}],"collection":[{"href":"https:\/\/boreait.com\/fr\/wp-json\/wp\/v2\/product"}],"about":[{"href":"https:\/\/boreait.com\/fr\/wp-json\/wp\/v2\/types\/product"}],"wp:featuredmedia":[{"embeddable":true,"href":"https:\/\/boreait.com\/fr\/wp-json\/wp\/v2\/media\/18494"}],"wp:attachment":[{"href":"https:\/\/boreait.com\/fr\/wp-json\/wp\/v2\/media?parent=18426"}],"wp:term":[{"taxonomy":"product_brand","embeddable":true,"href":"https:\/\/boreait.com\/fr\/wp-json\/wp\/v2\/product_brand?post=18426"},{"taxonomy":"product_cat","embeddable":true,"href":"https:\/\/boreait.com\/fr\/wp-json\/wp\/v2\/product_cat?post=18426"},{"taxonomy":"product_tag","embeddable":true,"href":"https:\/\/boreait.com\/fr\/wp-json\/wp\/v2\/product_tag?post=18426"}],"curies":[{"name":"wp","href":"https:\/\/api.w.org\/{rel}","templated":true}]}}