{"id":18416,"date":"2025-09-16T17:35:12","date_gmt":"2025-09-16T15:35:12","guid":{"rendered":"https:\/\/boreait.com\/fr\/?post_type=product&#038;p=18416"},"modified":"2025-09-17T07:58:30","modified_gmt":"2025-09-17T05:58:30","slug":"haut-parleurs-pour-ordinateur-portable-lenovo-l490-pieces-de-rechange-dorigine-pour-haut-parleurs-internes","status":"publish","type":"product","link":"https:\/\/boreait.com\/fr\/produit\/haut-parleurs-pour-ordinateur-portable-lenovo-l490-pieces-de-rechange-dorigine-pour-haut-parleurs-internes\/","title":{"rendered":"Haut-parleurs pour ordinateur portable Lenovo L490 | Pi\u00e8ces de rechange d&rsquo;origine pour haut-parleurs internes"},"content":{"rendered":"<p data-start=\"493\" data-end=\"807\">Am\u00e9liorez ou restaurez le son de votre ordinateur portable avec ces <strong data-start=\"543\" data-end=\"582\">haut-parleurs d&rsquo;ordinateur portable Lenovo L490 authentiques<\/strong>. Con\u00e7us sp\u00e9cifiquement pour le mod\u00e8le Lenovo ThinkPad L490, ces haut-parleurs internes offrent un son clair et \u00e9quilibr\u00e9 pour une utilisation quotidienne, que vous regardiez des films, participiez \u00e0 des r\u00e9unions en ligne ou \u00e9coutiez de la musique.<\/p>\n<p data-start=\"809\" data-end=\"834\">\ud83d\udd39 <strong data-start=\"812\" data-end=\"832\">D\u00e9tails du produit\u00a0:<\/strong><\/p>\n<ul data-start=\"835\" data-end=\"1124\">\n<li data-start=\"835\" data-end=\"880\">\n<p data-start=\"837\" data-end=\"880\">Compatibilit\u00e9 du mod\u00e8le\u00a0: Lenovo ThinkPad L490<\/p>\n<\/li>\n<li data-start=\"881\" data-end=\"933\">\n<p data-start=\"883\" data-end=\"933\">Type de pi\u00e8ce\u00a0: Interne gauche et Haut-parleurs d&rsquo;ordinateur portable droit<\/p>\n<\/li>\n<li data-start=\"934\" data-end=\"1007\">\n<p data-start=\"936\" data-end=\"1007\">\u00c9tat\u00a0: Original, enti\u00e8rement test\u00e9 et en excellent \u00e9tat de fonctionnement.<\/p>\n<\/li>\n<li data-start=\"1008\" data-end=\"1071\">\n<p data-start=\"1010\" data-end=\"1071\">Id\u00e9al pour remplacer des haut-parleurs d\u00e9fectueux, endommag\u00e9s ou \u00e0 faible volume.<\/p>\n<\/li>\n<li data-start=\"1072\" data-end=\"1124\">\n<p data-start=\"1074\" data-end=\"1124\">Pi\u00e8ces Lenovo authentiques\u00a0\u2013 pas de substituts g\u00e9n\u00e9riques.<\/p>\n<\/li>\n<\/ul>\n<p data-start=\"1126\" data-end=\"1302\">\u2705 Toutes les photos des produits sont des <strong data-start=\"1151\" data-end=\"1205\">images r\u00e9elles des enceintes que vous recevrez<\/strong>.<br data-start=\"1206\" data-end=\"1209\" \/>\u2705 Aucune instruction d&rsquo;installation n&rsquo;est fournie, mais si vous avez besoin d&rsquo;aide, n&rsquo;h\u00e9sitez pas \u00e0 nous contacter.<\/p>\n<p data-start=\"1304\" data-end=\"1574\">Ces enceintes pour ordinateur portable font partie de notre large gamme de <strong data-start=\"1356\" data-end=\"1385\">pi\u00e8ces d\u00e9tach\u00e9es de haute qualit\u00e9<\/strong>, s\u00e9lectionn\u00e9es et test\u00e9es pour garantir durabilit\u00e9 et performances. Que vous r\u00e9pariez un ordinateur portable pour un usage personnel ou que vous dirigiez un atelier de r\u00e9paration, ces enceintes Lenovo L490 sont un choix fiable.<\/p>\n","protected":false},"excerpt":{"rendered":"<p>Haut-parleurs d&rsquo;origine pour ordinateur portable Lenovo L490. Remplacement id\u00e9al pour les haut-parleurs internes d\u00e9fectueux ou endommag\u00e9s. Test\u00e9s, fiables et pr\u00eats \u00e0 redonner vie au son de votre ordinateur portable.<\/p>\n","protected":false},"featured_media":18483,"template":"","meta":[],"product_brand":[],"product_cat":[54],"product_tag":[62],"class_list":{"0":"post-18416","1":"product","2":"type-product","3":"status-publish","4":"has-post-thumbnail","6":"product_cat-laptop-speakers","7":"product_tag-lenovo","9":"first","10":"instock","11":"taxable","12":"shipping-taxable","13":"purchasable","14":"product-type-simple"},"_links":{"self":[{"href":"https:\/\/boreait.com\/fr\/wp-json\/wp\/v2\/product\/18416","targetHints":{"allow":["GET"]}}],"collection":[{"href":"https:\/\/boreait.com\/fr\/wp-json\/wp\/v2\/product"}],"about":[{"href":"https:\/\/boreait.com\/fr\/wp-json\/wp\/v2\/types\/product"}],"wp:featuredmedia":[{"embeddable":true,"href":"https:\/\/boreait.com\/fr\/wp-json\/wp\/v2\/media\/18483"}],"wp:attachment":[{"href":"https:\/\/boreait.com\/fr\/wp-json\/wp\/v2\/media?parent=18416"}],"wp:term":[{"taxonomy":"product_brand","embeddable":true,"href":"https:\/\/boreait.com\/fr\/wp-json\/wp\/v2\/product_brand?post=18416"},{"taxonomy":"product_cat","embeddable":true,"href":"https:\/\/boreait.com\/fr\/wp-json\/wp\/v2\/product_cat?post=18416"},{"taxonomy":"product_tag","embeddable":true,"href":"https:\/\/boreait.com\/fr\/wp-json\/wp\/v2\/product_tag?post=18416"}],"curies":[{"name":"wp","href":"https:\/\/api.w.org\/{rel}","templated":true}]}}