{"id":18408,"date":"2025-09-16T17:34:47","date_gmt":"2025-09-16T15:34:47","guid":{"rendered":"https:\/\/boreait.com\/fr\/?post_type=product&#038;p=18408"},"modified":"2025-09-17T07:58:21","modified_gmt":"2025-09-17T05:58:21","slug":"pave-tactile-de-remplacement-pour-lenovo-thinkpad-l490-8ssm10p360-piece-dorigine-pour-ordinateur-portable","status":"publish","type":"product","link":"https:\/\/boreait.com\/fr\/produit\/pave-tactile-de-remplacement-pour-lenovo-thinkpad-l490-8ssm10p360-piece-dorigine-pour-ordinateur-portable\/","title":{"rendered":"Pav\u00e9 tactile de remplacement pour Lenovo ThinkPad L490 8SSM10P360 | Pi\u00e8ce d&rsquo;origine pour ordinateur portable"},"content":{"rendered":"<p data-start=\"674\" data-end=\"965\">Il s&rsquo;agit d&rsquo;un <strong data-start=\"694\" data-end=\"727\">pav\u00e9 tactile Lenovo ThinkPad L490<\/strong> d&rsquo;origine, num\u00e9ro de pi\u00e8ce <strong data-start=\"741\" data-end=\"755\">8SSM10P360<\/strong>, con\u00e7u pour restaurer une navigation fluide et un contr\u00f4le pr\u00e9cis sur votre ordinateur portable. Que votre pav\u00e9 tactile actuel ne r\u00e9ponde plus, soit endommag\u00e9 ou us\u00e9, ce composant Lenovo d&rsquo;origine constitue la solution de remplacement id\u00e9ale.<\/p>\n<p data-start=\"967\" data-end=\"989\"><strong data-start=\"967\" data-end=\"987\">D\u00e9tails du produit\u00a0:<\/strong><\/p>\n<ul data-start=\"990\" data-end=\"1235\">\n<li data-start=\"990\" data-end=\"1039\">\n<p data-start=\"992\" data-end=\"1039\">Mod\u00e8le compatible\u00a0: <strong data-start=\"1013\" data-end=\"1037\">Lenovo ThinkPad L490<\/strong><\/p>\n<\/li>\n<li data-start=\"1040\" data-end=\"1071\">\n<p data-start=\"1042\" data-end=\"1071\">R\u00e9f\u00e9rence\u00a0: <strong data-start=\"1055\" data-end=\"1069\">8SSM10P360<\/strong><\/p>\n<\/li>\n<li data-start=\"1072\" data-end=\"1113\">\n<p data-start=\"1074\" data-end=\"1113\">Type\u00a0: <strong data-start=\"1080\" data-end=\"1111\">Pav\u00e9 tactile de remplacement pour ordinateur portable<\/strong><\/p>\n<\/li>\n<li data-start=\"1114\" data-end=\"1176\">\n<p data-start=\"1116\" data-end=\"1176\">\u00c9tat\u00a0: Authentique, test\u00e9 et en excellent \u00e9tat de fonctionnement.<\/p>\n<\/li>\n<li data-start=\"1177\" data-end=\"1235\">\n<p data-start=\"1179\" data-end=\"1235\">Photos\u00a0: Photos r\u00e9elles La pi\u00e8ce exacte que vous recevrez<\/p>\n<\/li>\n<\/ul>\n<p data-start=\"1237\" data-end=\"1271\"><strong data-start=\"1237\" data-end=\"1269\">Pourquoi choisir cette pi\u00e8ce pour ordinateur portable\u00a0?<\/strong><\/p>\n<ul data-start=\"1272\" data-end=\"1485\">\n<li data-start=\"1272\" data-end=\"1312\">\n<p data-start=\"1274\" data-end=\"1312\">Pi\u00e8ce de rechange Lenovo 100\u00a0% d&rsquo;origine<\/p>\n<\/li>\n<li data-start=\"1313\" data-end=\"1373\">\n<p data-start=\"1315\" data-end=\"1373\">Garantit un mouvement pr\u00e9cis du curseur et la prise en charge du multi-touch<\/p>\n<\/li>\n<li data-start=\"1374\" data-end=\"1419\">\n<p data-start=\"1376\" data-end=\"1419\">Installation facile par un technicien qualifi\u00e9<\/p>\n<\/li>\n<li data-start=\"1420\" data-end=\"1485\">\n<p data-start=\"1422\" data-end=\"1485\">Solution id\u00e9ale si votre pav\u00e9 tactile actuel est d\u00e9fectueux ou endommag\u00e9<\/p>\n<\/li>\n<\/ul>\n<p data-start=\"1487\" data-end=\"1605\">\ud83d\udccc <strong data-start=\"1490\" data-end=\"1499\">Remarque\u00a0:<\/strong> Nous ne fournissons pas d&rsquo;instructions d&rsquo;installation, mais si vous avez besoin de conseils suppl\u00e9mentaires, n&rsquo;h\u00e9sitez pas \u00e0 nous contacter.<\/p>\n<p data-start=\"1607\" data-end=\"1876\">Ce pav\u00e9 tactile fait partie de notre <strong data-start=\"1636\" data-end=\"1663\">collection de pi\u00e8ces d\u00e9tach\u00e9es pour ordinateurs portables<\/strong>, proposant des composants fiables pour les r\u00e9parations et les mises \u00e0 niveau. En choisissant des pi\u00e8ces d&rsquo;origine comme le <strong data-start=\"1755\" data-end=\"1799\">pav\u00e9 tactile du Lenovo ThinkPad L490 8SSM10P360<\/strong>, vous prolongez la dur\u00e9e de vie de votre appareil et pr\u00e9servez ses performances d&rsquo;origine.<\/p>\n","protected":false},"excerpt":{"rendered":"<p>Pav\u00e9 tactile d&rsquo;origine pour Lenovo ThinkPad L490 (r\u00e9f\u00e9rence 8SSM10P360). Pi\u00e8ce de rechange fiable, test\u00e9e et en excellent \u00e9tat. Les photos repr\u00e9sentent l&rsquo;article que vous recevrez.<\/p>\n","protected":false},"featured_media":18479,"template":"","meta":[],"product_brand":[],"product_cat":[78],"product_tag":[62],"class_list":{"0":"post-18408","1":"product","2":"type-product","3":"status-publish","4":"has-post-thumbnail","6":"product_cat-laptop-touchpads","7":"product_tag-lenovo","9":"first","10":"instock","11":"taxable","12":"shipping-taxable","13":"purchasable","14":"product-type-simple"},"_links":{"self":[{"href":"https:\/\/boreait.com\/fr\/wp-json\/wp\/v2\/product\/18408","targetHints":{"allow":["GET"]}}],"collection":[{"href":"https:\/\/boreait.com\/fr\/wp-json\/wp\/v2\/product"}],"about":[{"href":"https:\/\/boreait.com\/fr\/wp-json\/wp\/v2\/types\/product"}],"wp:featuredmedia":[{"embeddable":true,"href":"https:\/\/boreait.com\/fr\/wp-json\/wp\/v2\/media\/18479"}],"wp:attachment":[{"href":"https:\/\/boreait.com\/fr\/wp-json\/wp\/v2\/media?parent=18408"}],"wp:term":[{"taxonomy":"product_brand","embeddable":true,"href":"https:\/\/boreait.com\/fr\/wp-json\/wp\/v2\/product_brand?post=18408"},{"taxonomy":"product_cat","embeddable":true,"href":"https:\/\/boreait.com\/fr\/wp-json\/wp\/v2\/product_cat?post=18408"},{"taxonomy":"product_tag","embeddable":true,"href":"https:\/\/boreait.com\/fr\/wp-json\/wp\/v2\/product_tag?post=18408"}],"curies":[{"name":"wp","href":"https:\/\/api.w.org\/{rel}","templated":true}]}}