{"id":18398,"date":"2025-09-16T17:34:22","date_gmt":"2025-09-16T15:34:22","guid":{"rendered":"https:\/\/boreait.com\/fr\/?post_type=product&#038;p=18398"},"modified":"2025-09-17T07:58:00","modified_gmt":"2025-09-17T05:58:00","slug":"cadre-avant-de-lecran-lcd-pour-ordinateur-portable-lenovo-thinkpad-l490-ap1az000300-02dm324","status":"publish","type":"product","link":"https:\/\/boreait.com\/fr\/produit\/cadre-avant-de-lecran-lcd-pour-ordinateur-portable-lenovo-thinkpad-l490-ap1az000300-02dm324\/","title":{"rendered":"Cadre avant de l&rsquo;\u00e9cran LCD pour ordinateur portable Lenovo ThinkPad L490 (AP1AZ000300, 02DM324)"},"content":{"rendered":"<p data-start=\"497\" data-end=\"763\">Am\u00e9liorez ou r\u00e9parez votre Lenovo ThinkPad L490 avec ce <strong data-start=\"551\" data-end=\"591\">cadre de protection LCD avant d&rsquo;origine<\/strong>. Con\u00e7ue pour s&rsquo;adapter parfaitement au mod\u00e8le L490, cette pi\u00e8ce (r\u00e9f\u00e9rences <strong data-start=\"655\" data-end=\"670\">AP1AZ000300<\/strong> et <strong data-start=\"675\" data-end=\"686\">02DM324<\/strong>) est la solution id\u00e9ale si votre cadre actuel est fissur\u00e9, us\u00e9 ou manquant.<\/p>\n<p data-start=\"765\" data-end=\"961\">\u2714 <strong data-start=\"767\" data-end=\"788\">Mod\u00e8le compatible\u00a0:<\/strong> Lenovo ThinkPad L490<br data-start=\"809\" data-end=\"812\" \/>\u2714 <strong data-start=\"814\" data-end=\"831\">R\u00e9f\u00e9rences\u00a0:<\/strong> AP1AZ000300 \/ 02DM324<br data-start=\"853\" data-end=\"856\" \/>\u2714 <strong data-start=\"858\" data-end=\"872\">\u00c9tat\u00a0:<\/strong> Pi\u00e8ce de rechange d&rsquo;origine pour ordinateur portable<br data-start=\"904\" data-end=\"907\" \/>\u2714 <strong data-start=\"909\" data-end=\"922\">Cat\u00e9gorie\u00a0:<\/strong> Pi\u00e8ces pour ordinateur portable \u2013 Cadre de protection LCD<\/p>\n<p data-start=\"963\" data-end=\"1104\">Ce cadre de haute qualit\u00e9 prot\u00e8ge l&rsquo;\u00e9cran de votre ordinateur portable, lui donnant un aspect soign\u00e9 et professionnel tout en prot\u00e9geant les composants internes.<\/p>\n<p data-start=\"1106\" data-end=\"1127\">\ud83d\udca1 <strong data-start=\"1109\" data-end=\"1125\">Remarque\u00a0:<\/strong><\/p>\n<ul data-start=\"1128\" data-end=\"1291\">\n<li data-start=\"1128\" data-end=\"1221\">\n<p data-start=\"1130\" data-end=\"1221\">Aucune notice d&rsquo;installation n&rsquo;est fournie, mais si vous avez besoin d&rsquo;aide, n&rsquo;h\u00e9sitez pas \u00e0 nous contacter.<\/p>\n<\/li>\n<li data-start=\"1222\" data-end=\"1291\">\n<p data-start=\"1224\" data-end=\"1291\">Les photos pr\u00e9sent\u00e9es dans la fiche produit repr\u00e9sentent le produit r\u00e9el que vous recevrez.<\/p>\n<\/li>\n<\/ul>\n<p data-start=\"1293\" data-end=\"1459\">Que vous r\u00e9pariez votre ThinkPad ou que vous revendiez des ordinateurs portables, ce cache est une pi\u00e8ce de rechange fiable et pr\u00e9cise pour restaurer l&rsquo;apparence et les fonctionnalit\u00e9s de votre appareil.<\/p>\n","protected":false},"excerpt":{"rendered":"<p>Cache avant de l&rsquo;\u00e9cran LCD d&rsquo;origine pour Lenovo ThinkPad L490 (r\u00e9f\u00e9rence AP1AZ000300 \/ 02DM324). Pi\u00e8ce de rechange id\u00e9ale pour les \u00e9crans endommag\u00e9s ou cass\u00e9s.<\/p>\n","protected":false},"featured_media":18468,"template":"","meta":[],"product_brand":[],"product_cat":[52],"product_tag":[62],"class_list":{"0":"post-18398","1":"product","2":"type-product","3":"status-publish","4":"has-post-thumbnail","6":"product_cat-laptop-housing","7":"product_tag-lenovo","9":"first","10":"instock","11":"taxable","12":"shipping-taxable","13":"purchasable","14":"product-type-simple"},"_links":{"self":[{"href":"https:\/\/boreait.com\/fr\/wp-json\/wp\/v2\/product\/18398","targetHints":{"allow":["GET"]}}],"collection":[{"href":"https:\/\/boreait.com\/fr\/wp-json\/wp\/v2\/product"}],"about":[{"href":"https:\/\/boreait.com\/fr\/wp-json\/wp\/v2\/types\/product"}],"wp:featuredmedia":[{"embeddable":true,"href":"https:\/\/boreait.com\/fr\/wp-json\/wp\/v2\/media\/18468"}],"wp:attachment":[{"href":"https:\/\/boreait.com\/fr\/wp-json\/wp\/v2\/media?parent=18398"}],"wp:term":[{"taxonomy":"product_brand","embeddable":true,"href":"https:\/\/boreait.com\/fr\/wp-json\/wp\/v2\/product_brand?post=18398"},{"taxonomy":"product_cat","embeddable":true,"href":"https:\/\/boreait.com\/fr\/wp-json\/wp\/v2\/product_cat?post=18398"},{"taxonomy":"product_tag","embeddable":true,"href":"https:\/\/boreait.com\/fr\/wp-json\/wp\/v2\/product_tag?post=18398"}],"curies":[{"name":"wp","href":"https:\/\/api.w.org\/{rel}","templated":true}]}}