{"id":18376,"date":"2025-09-16T17:33:31","date_gmt":"2025-09-16T15:33:31","guid":{"rendered":"https:\/\/boreait.com\/fr\/?post_type=product&#038;p=18376"},"modified":"2025-09-16T17:36:17","modified_gmt":"2025-09-16T15:36:17","slug":"carte-reseau-sans-fil-hp-wi-fi-8265ngw-851592-001-918855-855-dorigine-pour-ordinateur-portable","status":"publish","type":"product","link":"https:\/\/boreait.com\/fr\/produit\/carte-reseau-sans-fil-hp-wi-fi-8265ngw-851592-001-918855-855-dorigine-pour-ordinateur-portable\/","title":{"rendered":"Carte r\u00e9seau sans fil HP Wi-Fi 8265NGW 851592-001 918855-855 d&rsquo;origine pour ordinateur portable"},"content":{"rendered":"<p data-start=\"633\" data-end=\"912\">Cette <strong data-start=\"638\" data-end=\"683\">carte LAN sans fil HP WiFi 8265NGW d&rsquo;origine<\/strong> (num\u00e9ros de pi\u00e8ce HP <strong data-start=\"701\" data-end=\"715\">851592-001<\/strong> et <strong data-start=\"720\" data-end=\"734\">918855-855<\/strong>) est une pi\u00e8ce de rechange fiable con\u00e7ue pour une connectivit\u00e9 sans fil rapide et stable. Id\u00e9al pour les utilisateurs souhaitant r\u00e9parer, mettre \u00e0 niveau ou restaurer les performances sans fil de leur ordinateur portable.<\/p>\n<p data-start=\"914\" data-end=\"933\"><strong data-start=\"914\" data-end=\"931\">Principales caract\u00e9ristiques\u00a0:<\/strong><\/p>\n<ul data-start=\"934\" data-end=\"1212\">\n<li data-start=\"934\" data-end=\"986\">\n<p data-start=\"936\" data-end=\"986\">Carte Intel Dual Band Wireless-AC 8265NGW authentique<\/p>\n<\/li>\n<li data-start=\"987\" data-end=\"1054\">\n<p data-start=\"989\" data-end=\"1054\">Compatible avec les ordinateurs portables HP portant les r\u00e9f\u00e9rences 851592-001 et 918855-855<\/p>\n<\/li>\n<li data-start=\"1055\" data-end=\"1114\">\n<p data-start=\"1057\" data-end=\"1114\">Offre une connectivit\u00e9 Wi-Fi et Bluetooth puissante et stable.<\/p>\n<\/li>\n<li data-start=\"1115\" data-end=\"1160\">\n<p data-start=\"1117\" data-end=\"1160\">Test\u00e9 et v\u00e9rifi\u00e9 pour l&rsquo;assurance qualit\u00e9.<\/p>\n<\/li>\n<li data-start=\"1161\" data-end=\"1212\">\n<p data-start=\"1163\" data-end=\"1212\">Solution id\u00e9ale pour la r\u00e9paration ou la mise \u00e0 niveau d&rsquo;un ordinateur portable.<\/p>\n<\/li>\n<\/ul>\n<p data-start=\"1214\" data-end=\"1236\"><strong data-start=\"1214\" data-end=\"1234\">Pourquoi acheter chez nous\u00a0?<\/strong><\/p>\n<ul data-start=\"1237\" data-end=\"1472\">\n<li data-start=\"1237\" data-end=\"1306\">\n<p data-start=\"1239\" data-end=\"1306\">Pi\u00e8ces d\u00e9tach\u00e9es pour ordinateur portable 100\u00a0% authentiques et authentiques\u00a0\u2013 aucune imitation bon march\u00e9<\/p>\n<\/li>\n<li data-start=\"1307\" data-end=\"1355\">\n<p data-start=\"1309\" data-end=\"1355\">Photos r\u00e9elles de l&rsquo;article que vous recevrez.<\/p>\n<\/li>\n<li data-start=\"1356\" data-end=\"1387\">\n<p data-start=\"1358\" data-end=\"1387\">Exp\u00e9di\u00e9 avec soin dans le monde entier<\/p>\n<\/li>\n<li data-start=\"1388\" data-end=\"1472\">\n<p data-start=\"1390\" data-end=\"1472\">Si vous avez besoin de conseils pour choisir la pi\u00e8ce adapt\u00e9e, n&rsquo;h\u00e9sitez pas \u00e0 nous contacter.<\/p>\n<\/li>\n<\/ul>\n<p data-start=\"1474\" data-end=\"1636\">Cette carte Wi-Fi est un excellent choix si vous rencontrez des probl\u00e8mes de connectivit\u00e9, si vous avez besoin d&rsquo;une carte de remplacement ou si vous souhaitez simplement restaurer les performances optimales de votre ordinateur portable.<\/p>\n","protected":false},"excerpt":{"rendered":"<p>Am\u00e9liorez votre ordinateur portable HP avec une carte r\u00e9seau sans fil Intel 8265NGW Wi-Fi authentique (r\u00e9f\u00e9rences HP 851592-001 et 918855-855). Pi\u00e8ce d&rsquo;ordinateur portable authentique 100 % test\u00e9e, avec de vraies photos de l&rsquo;article que vous recevrez.<\/p>\n","protected":false},"featured_media":18443,"template":"","meta":[],"product_brand":[],"product_cat":[63],"product_tag":[62],"class_list":{"0":"post-18376","1":"product","2":"type-product","3":"status-publish","4":"has-post-thumbnail","6":"product_cat-motherboards-board-parts","7":"product_tag-lenovo","9":"first","10":"instock","11":"taxable","12":"shipping-taxable","13":"purchasable","14":"product-type-simple"},"_links":{"self":[{"href":"https:\/\/boreait.com\/fr\/wp-json\/wp\/v2\/product\/18376","targetHints":{"allow":["GET"]}}],"collection":[{"href":"https:\/\/boreait.com\/fr\/wp-json\/wp\/v2\/product"}],"about":[{"href":"https:\/\/boreait.com\/fr\/wp-json\/wp\/v2\/types\/product"}],"wp:featuredmedia":[{"embeddable":true,"href":"https:\/\/boreait.com\/fr\/wp-json\/wp\/v2\/media\/18443"}],"wp:attachment":[{"href":"https:\/\/boreait.com\/fr\/wp-json\/wp\/v2\/media?parent=18376"}],"wp:term":[{"taxonomy":"product_brand","embeddable":true,"href":"https:\/\/boreait.com\/fr\/wp-json\/wp\/v2\/product_brand?post=18376"},{"taxonomy":"product_cat","embeddable":true,"href":"https:\/\/boreait.com\/fr\/wp-json\/wp\/v2\/product_cat?post=18376"},{"taxonomy":"product_tag","embeddable":true,"href":"https:\/\/boreait.com\/fr\/wp-json\/wp\/v2\/product_tag?post=18376"}],"curies":[{"name":"wp","href":"https:\/\/api.w.org\/{rel}","templated":true}]}}