{"id":18374,"date":"2025-09-16T17:33:30","date_gmt":"2025-09-16T15:33:30","guid":{"rendered":"https:\/\/boreait.com\/fr\/?post_type=product&#038;p=18374"},"modified":"2025-09-16T17:36:10","modified_gmt":"2025-09-16T15:36:10","slug":"cache-de-remplissage-factice-pour-lecteur-de-carte-a-puce-lenovo-thinkpad-t470-fa12d000d00","status":"publish","type":"product","link":"https:\/\/boreait.com\/fr\/produit\/cache-de-remplissage-factice-pour-lecteur-de-carte-a-puce-lenovo-thinkpad-t470-fa12d000d00\/","title":{"rendered":"Cache de remplissage factice pour lecteur de carte \u00e0 puce Lenovo ThinkPad T470 FA12D000D00"},"content":{"rendered":"<p data-start=\"671\" data-end=\"1004\">Ce <strong data-start=\"676\" data-end=\"750\">obturateur factice pour lecteur de carte \u00e0 puce Lenovo ThinkPad T470 (FA12D000D00)<\/strong> est une pi\u00e8ce de rechange d&rsquo;origine con\u00e7ue pour prot\u00e9ger l&#8217;emplacement du lecteur de carte \u00e0 puce de votre ordinateur portable. Si vous n&rsquo;utilisez pas de lecteur de carte \u00e0 puce, ce cache est essentiel pour prot\u00e9ger l&#8217;emplacement et prot\u00e9ger votre ordinateur portable de la poussi\u00e8re, de la salet\u00e9 et des dommages accidentels.<\/p>\n<p data-start=\"1006\" data-end=\"1277\">Sp\u00e9cialement con\u00e7u pour la <strong data-start=\"1032\" data-end=\"1063\">s\u00e9rie Lenovo ThinkPad T470<\/strong>, ce cache s&rsquo;installe parfaitement et pr\u00e9serve l&rsquo;aspect d&rsquo;origine de votre ordinateur portable. C&rsquo;est un accessoire petit mais essentiel qui prolonge la dur\u00e9e de vie de votre appareil en emp\u00eachant la p\u00e9n\u00e9tration de particules ind\u00e9sirables.<\/p>\n<p data-start=\"1279\" data-end=\"1498\">\u2714\ufe0f <strong data-start=\"1282\" data-end=\"1302\">Compatible avec\u00a0:<\/strong> Lenovo ThinkPad T470<br data-start=\"1323\" data-end=\"1326\" \/>\u2714\ufe0f <strong data-start=\"1329\" data-end=\"1345\">R\u00e9f\u00e9rence\u00a0:<\/strong> FA12D000D00<br data-start=\"1357\" data-end=\"1360\" \/>\u2714\ufe0f <strong data-start=\"1363\" data-end=\"1377\">\u00c9tat\u00a0:<\/strong> Authentique, test\u00e9 et en excellent \u00e9tat de fonctionnement<br data-start=\"1425\" data-end=\"1428\" \/>\u2714\ufe0f <strong data-start=\"1431\" data-end=\"1439\">Utilisation\u00a0:<\/strong> Prot\u00e8ge le lecteur de carte \u00e0 puce de la poussi\u00e8re et des dommages.<\/p>\n<p data-start=\"1500\" data-end=\"1620\">Toutes les photos de cette annonce sont des <strong data-start=\"1531\" data-end=\"1577\">photos r\u00e9elles de la pi\u00e8ce que vous recevrez<\/strong>. Vous savez donc exactement ce que vous achetez.<\/p>\n<p data-start=\"1622\" data-end=\"1806\">Cette <strong data-start=\"1632\" data-end=\"1657\">pi\u00e8ce indispensable pour ordinateur portable<\/strong> si le lecteur de carte \u00e0 puce de votre ThinkPad n&rsquo;est pas utilis\u00e9. L&rsquo;installation est simple et, si vous avez besoin d&rsquo;aide, n&rsquo;h\u00e9sitez pas \u00e0 nous contacter.<\/p>\n","protected":false},"excerpt":{"rendered":"<p>Obturateur factice pour lecteur de carte \u00e0 puce Lenovo ThinkPad T470 d&rsquo;origine (FA12D000D00). Prot\u00e8ge votre ordinateur portable de la poussi\u00e8re et des d\u00e9bris lorsque l&#8217;emplacement n&rsquo;est pas utilis\u00e9.<\/p>\n","protected":false},"featured_media":18441,"template":"","meta":[],"product_brand":[],"product_cat":[52],"product_tag":[62],"class_list":{"0":"post-18374","1":"product","2":"type-product","3":"status-publish","4":"has-post-thumbnail","6":"product_cat-laptop-housing","7":"product_tag-lenovo","9":"first","10":"instock","11":"taxable","12":"shipping-taxable","13":"purchasable","14":"product-type-simple"},"_links":{"self":[{"href":"https:\/\/boreait.com\/fr\/wp-json\/wp\/v2\/product\/18374","targetHints":{"allow":["GET"]}}],"collection":[{"href":"https:\/\/boreait.com\/fr\/wp-json\/wp\/v2\/product"}],"about":[{"href":"https:\/\/boreait.com\/fr\/wp-json\/wp\/v2\/types\/product"}],"wp:featuredmedia":[{"embeddable":true,"href":"https:\/\/boreait.com\/fr\/wp-json\/wp\/v2\/media\/18441"}],"wp:attachment":[{"href":"https:\/\/boreait.com\/fr\/wp-json\/wp\/v2\/media?parent=18374"}],"wp:term":[{"taxonomy":"product_brand","embeddable":true,"href":"https:\/\/boreait.com\/fr\/wp-json\/wp\/v2\/product_brand?post=18374"},{"taxonomy":"product_cat","embeddable":true,"href":"https:\/\/boreait.com\/fr\/wp-json\/wp\/v2\/product_cat?post=18374"},{"taxonomy":"product_tag","embeddable":true,"href":"https:\/\/boreait.com\/fr\/wp-json\/wp\/v2\/product_tag?post=18374"}],"curies":[{"name":"wp","href":"https:\/\/api.w.org\/{rel}","templated":true}]}}