{"id":18364,"date":"2025-09-16T17:32:59","date_gmt":"2025-09-16T15:32:59","guid":{"rendered":"https:\/\/boreait.com\/fr\/?post_type=product&#038;p=18364"},"modified":"2025-09-16T17:35:49","modified_gmt":"2025-09-16T15:35:49","slug":"carte-dalimentation-avec-cable-pour-ordinateur-portable-lenovo-thinkpad-t480-ns-b501-nbx0001lp00","status":"publish","type":"product","link":"https:\/\/boreait.com\/fr\/produit\/carte-dalimentation-avec-cable-pour-ordinateur-portable-lenovo-thinkpad-t480-ns-b501-nbx0001lp00\/","title":{"rendered":"Carte d&rsquo;alimentation avec c\u00e2ble pour ordinateur portable Lenovo ThinkPad T480 (NS-B501 NBX0001LP00)"},"content":{"rendered":"<p data-start=\"560\" data-end=\"837\">Am\u00e9liorez ou r\u00e9parez votre Lenovo ThinkPad T480 avec cette <strong data-start=\"614\" data-end=\"677\">carte de bouton d&rsquo;alimentation et c\u00e2ble d&rsquo;origine (NS-B501 NBX0001LP00)<\/strong>. Il s&rsquo;agit d&rsquo;une pi\u00e8ce d&rsquo;origine pour ordinateur portable, soigneusement test\u00e9e et v\u00e9rifi\u00e9e pour sa qualit\u00e9. C&rsquo;est la solution id\u00e9ale si votre bouton d&rsquo;alimentation est d\u00e9fectueux ou ne r\u00e9pond plus.<\/p>\n<p data-start=\"839\" data-end=\"1044\">\u2705 <strong data-start=\"841\" data-end=\"861\">Mod\u00e8le compatible<\/strong>\u00a0: Lenovo ThinkPad T480<br data-start=\"883\" data-end=\"886\" \/>\u2705 <strong data-start=\"888\" data-end=\"904\">R\u00e9f\u00e9rences<\/strong>\u00a0: NS-B501, NBX0001LP00<br data-start=\"926\" data-end=\"929\" \/>\u2705 <strong data-start=\"931\" data-end=\"944\">\u00c9tat<\/strong>\u00a0: Pi\u00e8ce de rechange d&rsquo;origine, enti\u00e8rement fonctionnelle<br data-start=\"988\" data-end=\"991\" \/>\u2705 <strong data-start=\"993\" data-end=\"1005\">Inclus<\/strong>\u00a0: Carte du bouton d&rsquo;alimentation et c\u00e2ble fourni.<\/p>\n<p data-start=\"1046\" data-end=\"1234\">Cette pi\u00e8ce d\u00e9tach\u00e9e pour ordinateur portable garantit des performances fiables et une compatibilit\u00e9 parfaite avec votre appareil. Les photos de cette annonce repr\u00e9sentent le <strong data-start=\"1166\" data-end=\"1199\">produit r\u00e9el que vous recevrez<\/strong>. Achetez en toute confiance.<\/p>\n<p data-start=\"1236\" data-end=\"1354\">\ud83d\udd27 <em data-start=\"1239\" data-end=\"1352\">Remarque\u00a0: Les instructions d&rsquo;installation ne sont pas incluses. Si vous avez besoin de conseils, n&rsquo;h\u00e9sitez pas \u00e0 nous contacter.<\/em><\/p>\n<p data-start=\"1356\" data-end=\"1508\">Que vous r\u00e9pariez votre ThinkPad ou que vous recherchiez des <strong data-start=\"1422\" data-end=\"1438\">pi\u00e8ces d\u00e9tach\u00e9es pour ordinateur portable<\/strong> de qualit\u00e9, cette carte de bouton d&rsquo;alimentation est un choix \u00e9conomique et fiable.<\/p>\n","protected":false},"excerpt":{"rendered":"<p data-start=\"382\" data-end=\"509\">Carte bouton d&rsquo;alimentation de remplacement avec c\u00e2ble pour Lenovo ThinkPad T480. Pi\u00e8ce d&rsquo;origine pour ordinateur portable, test\u00e9e et en \u00e9tat de marche.<\/p>\n","protected":false},"featured_media":18431,"template":"","meta":[],"product_brand":[],"product_cat":[63],"product_tag":[62],"class_list":{"0":"post-18364","1":"product","2":"type-product","3":"status-publish","4":"has-post-thumbnail","6":"product_cat-motherboards-board-parts","7":"product_tag-lenovo","9":"first","10":"instock","11":"taxable","12":"shipping-taxable","13":"purchasable","14":"product-type-simple"},"_links":{"self":[{"href":"https:\/\/boreait.com\/fr\/wp-json\/wp\/v2\/product\/18364","targetHints":{"allow":["GET"]}}],"collection":[{"href":"https:\/\/boreait.com\/fr\/wp-json\/wp\/v2\/product"}],"about":[{"href":"https:\/\/boreait.com\/fr\/wp-json\/wp\/v2\/types\/product"}],"wp:featuredmedia":[{"embeddable":true,"href":"https:\/\/boreait.com\/fr\/wp-json\/wp\/v2\/media\/18431"}],"wp:attachment":[{"href":"https:\/\/boreait.com\/fr\/wp-json\/wp\/v2\/media?parent=18364"}],"wp:term":[{"taxonomy":"product_brand","embeddable":true,"href":"https:\/\/boreait.com\/fr\/wp-json\/wp\/v2\/product_brand?post=18364"},{"taxonomy":"product_cat","embeddable":true,"href":"https:\/\/boreait.com\/fr\/wp-json\/wp\/v2\/product_cat?post=18364"},{"taxonomy":"product_tag","embeddable":true,"href":"https:\/\/boreait.com\/fr\/wp-json\/wp\/v2\/product_tag?post=18364"}],"curies":[{"name":"wp","href":"https:\/\/api.w.org\/{rel}","templated":true}]}}