{"id":18360,"date":"2025-09-16T17:32:58","date_gmt":"2025-09-16T15:32:58","guid":{"rendered":"https:\/\/boreait.com\/fr\/?post_type=product&#038;p=18360"},"modified":"2025-09-16T17:35:31","modified_gmt":"2025-09-16T15:35:31","slug":"cable-decran-lcd-flexible-pour-ordinateur-portable-lenovo-thinkpad-t510","status":"publish","type":"product","link":"https:\/\/boreait.com\/fr\/produit\/cable-decran-lcd-flexible-pour-ordinateur-portable-lenovo-thinkpad-t510\/","title":{"rendered":"C\u00e2ble d&rsquo;\u00e9cran LCD flexible pour ordinateur portable Lenovo ThinkPad T510"},"content":{"rendered":"<p data-start=\"650\" data-end=\"900\">Am\u00e9liorez ou r\u00e9parez votre Lenovo ThinkPad T510 avec ce <strong data-start=\"704\" data-end=\"738\">c\u00e2ble d&rsquo;\u00e9cran LCD de haute qualit\u00e9<\/strong>. Ce <strong data-start=\"755\" data-end=\"770\">composant essentiel pour ordinateur portable<\/strong> relie la carte m\u00e8re de votre ordinateur portable \u00e0 l&rsquo;\u00e9cran, garantissant des images nettes et un affichage stable, sans scintillement ni distorsion.<\/p>\n<p data-start=\"902\" data-end=\"928\">\ud83d\udd39 <strong data-start=\"905\" data-end=\"926\">Caract\u00e9ristiques du produit\u00a0:<\/strong><\/p>\n<ul data-start=\"929\" data-end=\"1171\">\n<li data-start=\"929\" data-end=\"971\">\n<p data-start=\"931\" data-end=\"971\">Mod\u00e8le compatible\u00a0: Lenovo ThinkPad T510<\/p>\n<\/li>\n<li data-start=\"972\" data-end=\"1020\">\n<p data-start=\"974\" data-end=\"1020\">Fonction\u00a0: LCD \/ LED C\u00e2ble flexible d&rsquo;\u00e9cran vid\u00e9o<\/p>\n<\/li>\n<li data-start=\"1021\" data-end=\"1078\">\n<p data-start=\"1023\" data-end=\"1078\">Remplacement id\u00e9al pour les c\u00e2bles d&rsquo;\u00e9cran endommag\u00e9s ou d\u00e9fectueux<\/p>\n<\/li>\n<li data-start=\"1079\" data-end=\"1125\">\n<p data-start=\"1081\" data-end=\"1125\">Conception robuste pour des performances durables<\/p>\n<\/li>\n<li data-start=\"1126\" data-end=\"1171\">\n<p data-start=\"1128\" data-end=\"1171\">Test\u00e9 et v\u00e9rifi\u00e9 pour l&rsquo;assurance qualit\u00e9<\/p>\n<\/li>\n<\/ul>\n<p data-start=\"1173\" data-end=\"1286\">\ud83d\udcf8 <strong data-start=\"1176\" data-end=\"1208\">Ce que vous voyez est ce que vous recevrez<\/strong>\u00a0\u2013 toutes les photos de cette annonce repr\u00e9sentent les pi\u00e8ces d\u00e9tach\u00e9es de votre ordinateur portable.<\/p>\n<p data-start=\"1288\" data-end=\"1407\">\ud83d\udca1 Remarque\u00a0: les instructions d\u2019installation ne sont pas incluses, mais si vous avez besoin d\u2019aide, n\u2019h\u00e9sitez pas \u00e0 nous contacter.<\/p>\n<p data-start=\"1409\" data-end=\"1658\">Ce <strong data-start=\"1426\" data-end=\"1450\">c\u00e2ble d\u2019\u00e9cran d\u2019ordinateur portable<\/strong> de remplacement est id\u00e9al pour tous ceux qui rencontrent des probl\u00e8mes d\u2019\u00e9cran tels qu\u2019une absence d\u2019affichage, des scintillements ou des lignes \u00e0 l\u2019\u00e9cran. Remettez votre Lenovo ThinkPad T510 en parfait \u00e9tat de fonctionnement gr\u00e2ce \u00e0 une solution fiable et abordable.<\/p>\n","protected":false},"excerpt":{"rendered":"<p>C\u00e2ble d&rsquo;\u00e9cran fiable pour Lenovo ThinkPad T510, con\u00e7u pour une sortie vid\u00e9o nette et une connexion stable \u00e0 l&rsquo;\u00e9cran. Pi\u00e8ce de rechange id\u00e9ale pour restaurer les performances de votre ordinateur portable.<\/p>\n","protected":false},"featured_media":18422,"template":"","meta":[],"product_brand":[],"product_cat":[56],"product_tag":[62],"class_list":{"0":"post-18360","1":"product","2":"type-product","3":"status-publish","4":"has-post-thumbnail","6":"product_cat-cables","7":"product_tag-lenovo","9":"first","10":"instock","11":"taxable","12":"shipping-taxable","13":"purchasable","14":"product-type-simple"},"_links":{"self":[{"href":"https:\/\/boreait.com\/fr\/wp-json\/wp\/v2\/product\/18360","targetHints":{"allow":["GET"]}}],"collection":[{"href":"https:\/\/boreait.com\/fr\/wp-json\/wp\/v2\/product"}],"about":[{"href":"https:\/\/boreait.com\/fr\/wp-json\/wp\/v2\/types\/product"}],"wp:featuredmedia":[{"embeddable":true,"href":"https:\/\/boreait.com\/fr\/wp-json\/wp\/v2\/media\/18422"}],"wp:attachment":[{"href":"https:\/\/boreait.com\/fr\/wp-json\/wp\/v2\/media?parent=18360"}],"wp:term":[{"taxonomy":"product_brand","embeddable":true,"href":"https:\/\/boreait.com\/fr\/wp-json\/wp\/v2\/product_brand?post=18360"},{"taxonomy":"product_cat","embeddable":true,"href":"https:\/\/boreait.com\/fr\/wp-json\/wp\/v2\/product_cat?post=18360"},{"taxonomy":"product_tag","embeddable":true,"href":"https:\/\/boreait.com\/fr\/wp-json\/wp\/v2\/product_tag?post=18360"}],"curies":[{"name":"wp","href":"https:\/\/api.w.org\/{rel}","templated":true}]}}