{"id":18350,"date":"2025-09-16T17:32:27","date_gmt":"2025-09-16T15:32:27","guid":{"rendered":"https:\/\/boreait.com\/fr\/?post_type=product&#038;p=18350"},"modified":"2025-09-16T17:35:15","modified_gmt":"2025-09-16T15:35:15","slug":"ecran-lcd-27r2481-wxga-156-pour-ordinateur-portable-lenovo-thinkpad-t510-t510i-w510-pieces-dorigine","status":"publish","type":"product","link":"https:\/\/boreait.com\/fr\/produit\/ecran-lcd-27r2481-wxga-156-pour-ordinateur-portable-lenovo-thinkpad-t510-t510i-w510-pieces-dorigine\/","title":{"rendered":"\u00c9cran LCD 27R2481 WXGA 15,6&Prime; pour ordinateur portable Lenovo ThinkPad T510, T510i, W510, pi\u00e8ces d&rsquo;origine"},"content":{"rendered":"<p data-start=\"569\" data-end=\"730\">Redonnez vie \u00e0 votre Lenovo ThinkPad avec cet <strong data-start=\"619\" data-end=\"657\">\u00e9cran LCD Lenovo 27R2481 d&rsquo;origine<\/strong>, sp\u00e9cialement con\u00e7u pour les <strong data-start=\"685\" data-end=\"727\">ordinateurs portables ThinkPad T510, T510i et W510<\/strong>.<\/p>\n<p data-start=\"732\" data-end=\"969\">Cet <strong data-start=\"737\" data-end=\"763\">\u00e9cran WXGA 15,6 pouces<\/strong> offre des images nettes et constitue une solution de remplacement id\u00e9ale si l&rsquo;\u00e9cran de votre ordinateur portable est fissur\u00e9, endommag\u00e9 ou ne fonctionne plus. Pi\u00e8ce d&rsquo;origine Lenovo, vous pouvez compter sur sa compatibilit\u00e9, sa durabilit\u00e9 et sa qualit\u00e9.<\/p>\n<p data-start=\"971\" data-end=\"992\">\u2705 <strong data-start=\"973\" data-end=\"990\">Caract\u00e9ristiques principales\u00a0:<\/strong><\/p>\n<ul data-start=\"993\" data-end=\"1283\">\n<li data-start=\"993\" data-end=\"1037\">\n<p data-start=\"995\" data-end=\"1037\">Panneau LCD Lenovo d&rsquo;origine <strong data-start=\"1010\" data-end=\"1035\">FRU 27R2481<\/strong><\/p>\n<\/li>\n<li data-start=\"1038\" data-end=\"1107\">\n<p data-start=\"1040\" data-end=\"1107\"><strong data-start=\"1040\" data-end=\"1069\">R\u00e9solution WXGA 15,6 pouces<\/strong> pour une qualit\u00e9 d&rsquo;affichage nette et fiable<\/p>\n<\/li>\n<li data-start=\"1108\" data-end=\"1169\">\n<p data-start=\"1110\" data-end=\"1169\">Compatible avec les mod\u00e8les <strong data-start=\"1126\" data-end=\"1160\">ThinkPad T510, T510i et W510<\/strong><\/p>\n<\/li>\n<li data-start=\"1170\" data-end=\"1219\">\n<p data-start=\"1172\" data-end=\"1219\">Test\u00e9 pour v\u00e9rifier toutes ses fonctionnalit\u00e9s avant exp\u00e9dition<\/p>\n<\/li>\n<li data-start=\"1220\" data-end=\"1283\">\n<p data-start=\"1222\" data-end=\"1283\">Pi\u00e8ce de rechange id\u00e9ale pour restaurer les performances de votre ordinateur portable.<\/p>\n<\/li>\n<\/ul>\n<p data-start=\"1285\" data-end=\"1366\">\ud83d\udcf8 <em data-start=\"1288\" data-end=\"1364\">Les photos pr\u00e9sent\u00e9es sont celles du produit r\u00e9el que vous recevrez\u00a0; aucune image d&rsquo;archive.<\/em><\/p>\n<p data-start=\"1368\" data-end=\"1527\">Cette offre fait partie de notre <strong data-start=\"1414\" data-end=\"1441\">collection de pi\u00e8ces d\u00e9tach\u00e9es pour ordinateur portable<\/strong> soigneusement s\u00e9lectionn\u00e9e, vous permettant de prolonger la dur\u00e9e de vie de votre appareil gr\u00e2ce \u00e0 des composants d&rsquo;origine de haute qualit\u00e9.<\/p>\n<p data-start=\"1529\" data-end=\"1659\">\ud83d\udca1 Remarque\u00a0: les instructions d&rsquo;installation ne sont pas incluses. Si vous avez besoin de conseils, n\u2019h\u00e9sitez pas \u00e0 nous envoyer un message \u2013 nous serons heureux de vous aider.<\/p>\n","protected":false},"excerpt":{"rendered":"<p data-start=\"322\" data-end=\"491\">Am\u00e9liorez votre Lenovo ThinkPad avec cet \u00e9cran LCD WXGA 15,6&Prime; d&rsquo;origine (FRU 27R2481). Parfaitement adapt\u00e9 aux mod\u00e8les T510, T510i et W510. Test\u00e9, fiable et pr\u00eat \u00e0 installer.<\/p>\n","protected":false},"featured_media":18418,"template":"","meta":[],"product_brand":[],"product_cat":[58,57],"product_tag":[],"class_list":{"0":"post-18350","1":"product","2":"type-product","3":"status-publish","4":"has-post-thumbnail","6":"product_cat-15-6","7":"product_cat-laptop-screens-lcd-panels","9":"first","10":"instock","11":"taxable","12":"shipping-taxable","13":"purchasable","14":"product-type-simple"},"_links":{"self":[{"href":"https:\/\/boreait.com\/fr\/wp-json\/wp\/v2\/product\/18350","targetHints":{"allow":["GET"]}}],"collection":[{"href":"https:\/\/boreait.com\/fr\/wp-json\/wp\/v2\/product"}],"about":[{"href":"https:\/\/boreait.com\/fr\/wp-json\/wp\/v2\/types\/product"}],"wp:featuredmedia":[{"embeddable":true,"href":"https:\/\/boreait.com\/fr\/wp-json\/wp\/v2\/media\/18418"}],"wp:attachment":[{"href":"https:\/\/boreait.com\/fr\/wp-json\/wp\/v2\/media?parent=18350"}],"wp:term":[{"taxonomy":"product_brand","embeddable":true,"href":"https:\/\/boreait.com\/fr\/wp-json\/wp\/v2\/product_brand?post=18350"},{"taxonomy":"product_cat","embeddable":true,"href":"https:\/\/boreait.com\/fr\/wp-json\/wp\/v2\/product_cat?post=18350"},{"taxonomy":"product_tag","embeddable":true,"href":"https:\/\/boreait.com\/fr\/wp-json\/wp\/v2\/product_tag?post=18350"}],"curies":[{"name":"wp","href":"https:\/\/api.w.org\/{rel}","templated":true}]}}