{"id":18349,"date":"2025-09-16T17:32:27","date_gmt":"2025-09-16T15:32:27","guid":{"rendered":"https:\/\/boreait.com\/fr\/?post_type=product&#038;p=18349"},"modified":"2025-09-16T17:35:08","modified_gmt":"2025-09-16T15:35:08","slug":"cable-de-camera-dorigine-pour-ordinateur-portable-lenovo-thinkpad-x280-e475431","status":"publish","type":"product","link":"https:\/\/boreait.com\/fr\/produit\/cable-de-camera-dorigine-pour-ordinateur-portable-lenovo-thinkpad-x280-e475431\/","title":{"rendered":"C\u00e2ble de cam\u00e9ra d&rsquo;origine pour ordinateur portable Lenovo ThinkPad X280 E475431"},"content":{"rendered":"<p data-start=\"667\" data-end=\"893\">Am\u00e9liorez ou r\u00e9parez votre Lenovo ThinkPad X280 avec ce <strong data-start=\"721\" data-end=\"754\">c\u00e2ble de cam\u00e9ra d&rsquo;origine E475431<\/strong>. Cette pi\u00e8ce d&rsquo;origine pour ordinateur portable Lenovo est con\u00e7ue pour une compatibilit\u00e9 parfaite, garantissant des performances stables de l&rsquo;appareil photo et une fiabilit\u00e9 durable.<\/p>\n<p data-start=\"895\" data-end=\"919\">\u2705 <strong data-start=\"897\" data-end=\"917\">D\u00e9tails du produit\u00a0:<\/strong><\/p>\n<ul data-start=\"920\" data-end=\"1090\">\n<li data-start=\"920\" data-end=\"951\">\n<p data-start=\"922\" data-end=\"951\">Mod\u00e8le\u00a0: Lenovo ThinkPad X280<\/p>\n<\/li>\n<li data-start=\"952\" data-end=\"976\">\n<p data-start=\"954\" data-end=\"976\">R\u00e9f\u00e9rence\u00a0: E475431<\/p>\n<\/li>\n<li data-start=\"977\" data-end=\"999\">\n<p data-start=\"979\" data-end=\"999\">Type\u00a0: C\u00e2ble d&rsquo;appareil photo<\/p>\n<\/li>\n<li data-start=\"1000\" data-end=\"1032\">\n<p data-start=\"1002\" data-end=\"1032\">\u00c9tat\u00a0: Original et Test\u00e9<\/p>\n<\/li>\n<li data-start=\"1033\" data-end=\"1090\">\n<p data-start=\"1035\" data-end=\"1090\">Utilisation\u00a0: Remplacement d&rsquo;un c\u00e2ble d&rsquo;appareil photo d\u00e9fectueux ou endommag\u00e9<\/p>\n<\/li>\n<\/ul>\n<p data-start=\"1092\" data-end=\"1273\">Ce c\u00e2ble est un composant Lenovo authentique, ce qui en fait le choix id\u00e9al pour les techniciens, les ateliers de r\u00e9paration d&rsquo;ordinateurs portables et les utilisateurs finaux qui recherchent des <strong data-start=\"1236\" data-end=\"1252\">pi\u00e8ces d\u00e9tach\u00e9es pour ordinateurs portables<\/strong> fiables pour leurs appareils.<\/p>\n<p data-start=\"1275\" data-end=\"1356\">\ud83d\udcf8 <strong data-start=\"1278\" data-end=\"1313\">Les photos de cette annonce sont r\u00e9elles<\/strong>\u00a0; vous recevrez exactement la pi\u00e8ce pr\u00e9sent\u00e9e.<\/p>\n<p data-start=\"1358\" data-end=\"1489\">\ud83d\udca1 <strong data-start=\"1361\" data-end=\"1370\">Remarque\u00a0:<\/strong> Nous ne fournissons pas d&rsquo;instructions d&rsquo;installation. Si vous avez besoin d&rsquo;aide, n&rsquo;h\u00e9sitez pas \u00e0 nous contacter\u00a0; nous serons ravis de vous aider.<\/p>\n","protected":false},"excerpt":{"rendered":"<p>C\u00e2ble cam\u00e9ra d&rsquo;origine pour Lenovo ThinkPad X280 (E475431). Pi\u00e8ce d&rsquo;origine pour ordinateur portable, pour un remplacement et une r\u00e9paration fiables.<\/p>\n","protected":false},"featured_media":18413,"template":"","meta":[],"product_brand":[],"product_cat":[56],"product_tag":[62],"class_list":{"0":"post-18349","1":"product","2":"type-product","3":"status-publish","4":"has-post-thumbnail","6":"product_cat-cables","7":"product_tag-lenovo","9":"first","10":"instock","11":"taxable","12":"shipping-taxable","13":"purchasable","14":"product-type-simple"},"_links":{"self":[{"href":"https:\/\/boreait.com\/fr\/wp-json\/wp\/v2\/product\/18349","targetHints":{"allow":["GET"]}}],"collection":[{"href":"https:\/\/boreait.com\/fr\/wp-json\/wp\/v2\/product"}],"about":[{"href":"https:\/\/boreait.com\/fr\/wp-json\/wp\/v2\/types\/product"}],"wp:featuredmedia":[{"embeddable":true,"href":"https:\/\/boreait.com\/fr\/wp-json\/wp\/v2\/media\/18413"}],"wp:attachment":[{"href":"https:\/\/boreait.com\/fr\/wp-json\/wp\/v2\/media?parent=18349"}],"wp:term":[{"taxonomy":"product_brand","embeddable":true,"href":"https:\/\/boreait.com\/fr\/wp-json\/wp\/v2\/product_brand?post=18349"},{"taxonomy":"product_cat","embeddable":true,"href":"https:\/\/boreait.com\/fr\/wp-json\/wp\/v2\/product_cat?post=18349"},{"taxonomy":"product_tag","embeddable":true,"href":"https:\/\/boreait.com\/fr\/wp-json\/wp\/v2\/product_tag?post=18349"}],"curies":[{"name":"wp","href":"https:\/\/api.w.org\/{rel}","templated":true}]}}