{"id":18341,"date":"2025-09-16T17:32:03","date_gmt":"2025-09-16T15:32:03","guid":{"rendered":"https:\/\/boreait.com\/fr\/?post_type=product&#038;p=18341"},"modified":"2025-09-16T17:34:58","modified_gmt":"2025-09-16T15:34:58","slug":"cable-video-pour-ecran-lcd-dorigine-lenovo-thinkpad-x280-a285-01yn072-sc10l66846","status":"publish","type":"product","link":"https:\/\/boreait.com\/fr\/produit\/cable-video-pour-ecran-lcd-dorigine-lenovo-thinkpad-x280-a285-01yn072-sc10l66846\/","title":{"rendered":"C\u00e2ble vid\u00e9o pour \u00e9cran LCD d&rsquo;origine Lenovo ThinkPad X280 A285 01YN072 SC10L66846"},"content":{"rendered":"<p data-start=\"661\" data-end=\"917\">Ce <strong data-start=\"666\" data-end=\"717\">c\u00e2ble vid\u00e9o d&rsquo;\u00e9cran LCD Lenovo ThinkPad d&rsquo;origine<\/strong> est con\u00e7u pour les <strong data-start=\"734\" data-end=\"776\">mod\u00e8les ThinkPad X280 et ThinkPad A285<\/strong>. Si l&rsquo;\u00e9cran de votre ordinateur portable scintille, affiche des images d\u00e9form\u00e9es ou ne fonctionne pas correctement, remplacer le c\u00e2ble vid\u00e9o est souvent la solution.<\/p>\n<ul data-start=\"919\" data-end=\"1202\">\n<li data-start=\"919\" data-end=\"972\">\n<p data-start=\"921\" data-end=\"972\"><strong data-start=\"921\" data-end=\"943\">Mod\u00e8les compatibles\u00a0:<\/strong> Lenovo ThinkPad X280, A285<\/p>\n<\/li>\n<li data-start=\"973\" data-end=\"1027\">\n<p data-start=\"975\" data-end=\"1027\"><strong data-start=\"975\" data-end=\"992\">R\u00e9f\u00e9rences\u00a0:<\/strong> 01YN072, SC10L66846, DC02C00BZ10<\/p>\n<\/li>\n<li data-start=\"1028\" data-end=\"1077\">\n<p data-start=\"1030\" data-end=\"1077\"><strong data-start=\"1030\" data-end=\"1039\">Type\u00a0: C\u00e2ble vid\u00e9o pour \u00e9cran LCD LED LVDS FHD<\/p>\n<\/li>\n<li data-start=\"1078\" data-end=\"1149\">\n<p data-start=\"1080\" data-end=\"1149\"><strong data-start=\"1080\" data-end=\"1094\">\u00c9tat\u00a0: 100\u00a0% d&rsquo;origine, test\u00e9 et en excellent \u00e9tat de fonctionnement.<\/p>\n<\/li>\n<li data-start=\"1150\" data-end=\"1202\">\n<p data-start=\"1152\" data-end=\"1202\"><strong data-start=\"1152\" data-end=\"1165\">Cat\u00e9gorie\u00a0:<\/strong> Pi\u00e8ces d\u00e9tach\u00e9es pour ordinateur portable \u2013 pi\u00e8ce de rechange d&rsquo;origine<\/p>\n<\/li>\n<\/ul>\n<p data-start=\"1204\" data-end=\"1337\">Ce c\u00e2ble relie la carte m\u00e8re de votre ordinateur portable \u00e0 l&rsquo;\u00e9cran LCD, garantissant une transmission vid\u00e9o fluide et des performances d&rsquo;affichage stables.<\/p>\n<p data-start=\"1339\" data-end=\"1544\">\u2714 Les photos de cette annonce repr\u00e9sentent le <strong data-start=\"1375\" data-end=\"1393\">produit r\u00e9el<\/strong> que vous recevrez.<br data-start=\"1411\" data-end=\"1414\" \/>\u2714 Emballage s\u00e9curis\u00e9 et livraison dans le monde entier.<br data-start=\"1454\" data-end=\"1457\" \/>\u2714 Pour toute question ou besoin d&rsquo;aide pour v\u00e9rifier la compatibilit\u00e9, n&rsquo;h\u00e9sitez pas \u00e0 nous contacter. nous.<\/p>\n<p data-start=\"1546\" data-end=\"1687\"><strong data-start=\"1546\" data-end=\"1555\">Remarque\u00a0:<\/strong> Les instructions d&rsquo;installation ne sont pas incluses. En cas de doute sur le remplacement des pi\u00e8ces de votre ordinateur portable, nous vous recommandons de faire appel \u00e0 un professionnel.<\/p>\n","protected":false},"excerpt":{"rendered":"<p>C\u00e2ble vid\u00e9o LCD FHD d&rsquo;origine pour Lenovo ThinkPad X280 et A285 (01YN072 \/ SC10L66846). Pi\u00e8ce de rechange de haute qualit\u00e9 pour un \u00e9cran parfaitement net.<\/p>\n","protected":false},"featured_media":18411,"template":"","meta":[],"product_brand":[],"product_cat":[56],"product_tag":[62],"class_list":{"0":"post-18341","1":"product","2":"type-product","3":"status-publish","4":"has-post-thumbnail","6":"product_cat-cables","7":"product_tag-lenovo","9":"first","10":"instock","11":"taxable","12":"shipping-taxable","13":"purchasable","14":"product-type-simple"},"_links":{"self":[{"href":"https:\/\/boreait.com\/fr\/wp-json\/wp\/v2\/product\/18341","targetHints":{"allow":["GET"]}}],"collection":[{"href":"https:\/\/boreait.com\/fr\/wp-json\/wp\/v2\/product"}],"about":[{"href":"https:\/\/boreait.com\/fr\/wp-json\/wp\/v2\/types\/product"}],"wp:featuredmedia":[{"embeddable":true,"href":"https:\/\/boreait.com\/fr\/wp-json\/wp\/v2\/media\/18411"}],"wp:attachment":[{"href":"https:\/\/boreait.com\/fr\/wp-json\/wp\/v2\/media?parent=18341"}],"wp:term":[{"taxonomy":"product_brand","embeddable":true,"href":"https:\/\/boreait.com\/fr\/wp-json\/wp\/v2\/product_brand?post=18341"},{"taxonomy":"product_cat","embeddable":true,"href":"https:\/\/boreait.com\/fr\/wp-json\/wp\/v2\/product_cat?post=18341"},{"taxonomy":"product_tag","embeddable":true,"href":"https:\/\/boreait.com\/fr\/wp-json\/wp\/v2\/product_tag?post=18341"}],"curies":[{"name":"wp","href":"https:\/\/api.w.org\/{rel}","templated":true}]}}