{"id":18332,"date":"2025-09-16T17:31:37","date_gmt":"2025-09-16T15:31:37","guid":{"rendered":"https:\/\/boreait.com\/fr\/?post_type=product&#038;p=18332"},"modified":"2025-09-16T17:34:35","modified_gmt":"2025-09-16T15:34:35","slug":"couvercle-arriere-de-lecran-lcd-pour-lenovo-thinkpad-x280-ap16p000100-pieces-detachees-pour-ordinateur-portable","status":"publish","type":"product","link":"https:\/\/boreait.com\/fr\/produit\/couvercle-arriere-de-lecran-lcd-pour-lenovo-thinkpad-x280-ap16p000100-pieces-detachees-pour-ordinateur-portable\/","title":{"rendered":"Couvercle arri\u00e8re de l&rsquo;\u00e9cran LCD pour Lenovo ThinkPad X280 AP16P000100 \u2013 Pi\u00e8ces d\u00e9tach\u00e9es pour ordinateur portable"},"content":{"rendered":"<p data-start=\"700\" data-end=\"966\">Ce <strong data-start=\"705\" data-end=\"785\">couvercle arri\u00e8re de l&rsquo;\u00e9cran LCD du bo\u00eetier sup\u00e9rieur du Lenovo ThinkPad X280 (r\u00e9f\u00e9rence AP16P000100)<\/strong> est un remplacement authentique et de haute qualit\u00e9 con\u00e7u sp\u00e9cifiquement pour la s\u00e9rie ThinkPad X280. C&rsquo;est la solution id\u00e9ale si votre coque arri\u00e8re d&rsquo;origine est fissur\u00e9e, endommag\u00e9e ou us\u00e9e.<\/p>\n<p data-start=\"968\" data-end=\"1119\">Con\u00e7ue pour durer, cette coque de remplacement prot\u00e8ge l&rsquo;\u00e9cran et les composants internes de votre ordinateur portable tout en pr\u00e9servant l&rsquo;\u00e9l\u00e9gance du design Lenovo.<\/p>\n<p data-start=\"1121\" data-end=\"1143\"><strong data-start=\"1121\" data-end=\"1141\">D\u00e9tails du produit\u00a0:<\/strong><\/p>\n<ul data-start=\"1144\" data-end=\"1378\">\n<li data-start=\"1144\" data-end=\"1186\">\n<p data-start=\"1146\" data-end=\"1186\">Mod\u00e8le compatible\u00a0: Lenovo ThinkPad X280<\/p>\n<\/li>\n<li data-start=\"1187\" data-end=\"1215\">\n<p data-start=\"1189\" data-end=\"1215\">R\u00e9f\u00e9rence\u00a0: AP16P000100<\/p>\n<\/li>\n<li data-start=\"1216\" data-end=\"1262\">\n<p data-start=\"1218\" data-end=\"1262\">Type\u00a0: Bo\u00eetier sup\u00e9rieur \/ Couvercle arri\u00e8re de l&rsquo;\u00e9cran LCD \/ Coque arri\u00e8re<\/p>\n<\/li>\n<li data-start=\"1263\" data-end=\"1330\">\n<p data-start=\"1265\" data-end=\"1330\">\u00c9tat\u00a0: Utilis\u00e9, enti\u00e8rement test\u00e9 et en excellent \u00e9tat de fonctionnement.<\/p>\n<\/li>\n<li data-start=\"1331\" data-end=\"1378\">\n<p data-start=\"1333\" data-end=\"1378\">Finition\u00a0: Design Lenovo d&rsquo;origine, pr\u00e9cis Ajustement parfait<\/p>\n<\/li>\n<\/ul>\n<p data-start=\"1380\" data-end=\"1410\"><strong data-start=\"1380\" data-end=\"1408\">Pourquoi choisir ce produit\u00a0:<\/strong><\/p>\n<ul data-start=\"1411\" data-end=\"1613\">\n<li data-start=\"1411\" data-end=\"1467\">\n<p data-start=\"1413\" data-end=\"1467\">Pi\u00e8ce d&rsquo;ordinateur portable Lenovo 100\u00a0% authentique\u00a0\u2013 il ne s&rsquo;agit pas d&rsquo;une copie g\u00e9n\u00e9rique<\/p>\n<\/li>\n<li data-start=\"1468\" data-end=\"1506\">\n<p data-start=\"1470\" data-end=\"1506\">Ajustement fiable pour un remplacement rapide<\/p>\n<\/li>\n<li data-start=\"1507\" data-end=\"1564\">\n<p data-start=\"1509\" data-end=\"1564\">Aide \u00e0 restaurer l&rsquo;aspect professionnel de l&rsquo;ordinateur portable.<\/p>\n<\/li>\n<li data-start=\"1565\" data-end=\"1613\">\n<p data-start=\"1567\" data-end=\"1613\">Prot\u00e8ge l&rsquo;\u00e9cran contre d&rsquo;autres dommages.<\/p>\n<\/li>\n<\/ul>\n<p data-start=\"1615\" data-end=\"1809\">\ud83d\udd39 <strong data-start=\"1618\" data-end=\"1634\">Remarque\u00a0:<\/strong> Cette offre comprend uniquement le couvercle arri\u00e8re du bo\u00eetier sup\u00e9rieur. L&rsquo;appareil n&rsquo;est pas fourni avec les instructions d&rsquo;installation, mais si vous avez besoin d&rsquo;aide ou de conseils, n&rsquo;h\u00e9sitez pas \u00e0 nous contacter \u00e0 tout moment.<\/p>\n<p data-start=\"1811\" data-end=\"1915\">\ud83d\udcf8 <strong data-start=\"1814\" data-end=\"1830\">Photos r\u00e9elles\u00a0:<\/strong> Toutes les images de cette annonce sont des photos r\u00e9elles des pi\u00e8ces de l&rsquo;ordinateur portable que vous recevrez.<\/p>\n","protected":false},"excerpt":{"rendered":"<p>Coque arri\u00e8re de l&rsquo;\u00e9cran LCD du bo\u00eetier sup\u00e9rieur du Lenovo ThinkPad X280 (AP16P000100). Pi\u00e8ce de rechange de haute qualit\u00e9, id\u00e9ale pour restaurer votre appareil \u00e0 son \u00e9tat d&rsquo;origine.<\/p>\n","protected":false},"featured_media":18402,"template":"","meta":[],"product_brand":[],"product_cat":[52],"product_tag":[62],"class_list":{"0":"post-18332","1":"product","2":"type-product","3":"status-publish","4":"has-post-thumbnail","6":"product_cat-laptop-housing","7":"product_tag-lenovo","9":"first","10":"instock","11":"taxable","12":"shipping-taxable","13":"purchasable","14":"product-type-simple"},"_links":{"self":[{"href":"https:\/\/boreait.com\/fr\/wp-json\/wp\/v2\/product\/18332","targetHints":{"allow":["GET"]}}],"collection":[{"href":"https:\/\/boreait.com\/fr\/wp-json\/wp\/v2\/product"}],"about":[{"href":"https:\/\/boreait.com\/fr\/wp-json\/wp\/v2\/types\/product"}],"wp:featuredmedia":[{"embeddable":true,"href":"https:\/\/boreait.com\/fr\/wp-json\/wp\/v2\/media\/18402"}],"wp:attachment":[{"href":"https:\/\/boreait.com\/fr\/wp-json\/wp\/v2\/media?parent=18332"}],"wp:term":[{"taxonomy":"product_brand","embeddable":true,"href":"https:\/\/boreait.com\/fr\/wp-json\/wp\/v2\/product_brand?post=18332"},{"taxonomy":"product_cat","embeddable":true,"href":"https:\/\/boreait.com\/fr\/wp-json\/wp\/v2\/product_cat?post=18332"},{"taxonomy":"product_tag","embeddable":true,"href":"https:\/\/boreait.com\/fr\/wp-json\/wp\/v2\/product_tag?post=18332"}],"curies":[{"name":"wp","href":"https:\/\/api.w.org\/{rel}","templated":true}]}}