{"id":18330,"date":"2025-09-16T17:31:37","date_gmt":"2025-09-16T15:31:37","guid":{"rendered":"https:\/\/boreait.com\/fr\/?post_type=product&#038;p=18330"},"modified":"2025-09-16T17:34:18","modified_gmt":"2025-09-16T15:34:18","slug":"ecran-led-mat-ips-125-fhd-30-broches-pour-ordinateur-portable-lenovo-thinkpad-x280-00hn883-b125han02-2","status":"publish","type":"product","link":"https:\/\/boreait.com\/fr\/produit\/ecran-led-mat-ips-125-fhd-30-broches-pour-ordinateur-portable-lenovo-thinkpad-x280-00hn883-b125han02-2\/","title":{"rendered":"\u00c9cran LED mat IPS 12,5&Prime; FHD 30 broches pour ordinateur portable Lenovo ThinkPad X280 (00HN883 b125han02.2)"},"content":{"rendered":"<p data-start=\"588\" data-end=\"905\">Am\u00e9liorez ou remplacez l&rsquo;\u00e9cran de votre ordinateur portable avec cet <strong data-start=\"636\" data-end=\"692\">\u00e9cran d&rsquo;origine Lenovo ThinkPad X280 (00HN883)<\/strong>. Con\u00e7u pour la <strong data-start=\"711\" data-end=\"735\">s\u00e9rie ThinkPad X280<\/strong>, cet <strong data-start=\"742\" data-end=\"787\">\u00e9cran IPS Full HD (1920 x 1080) de 12,5 pouces<\/strong> offre des images nettes, des couleurs \u00e9clatantes et une finition mate qui r\u00e9duit les reflets pour une exp\u00e9rience visuelle confortable.<\/p>\n<p data-start=\"907\" data-end=\"1147\">Cet \u00e9cran de remplacement est dot\u00e9 d&rsquo;un <strong data-start=\"942\" data-end=\"962\">connecteur 30 broches<\/strong> et d&rsquo;un r\u00e9tro\u00e9clairage LED int\u00e9gral, garantissant une efficacit\u00e9 \u00e9nerg\u00e9tique optimale et une luminosit\u00e9 optimale. C&rsquo;est une excellente option si votre \u00e9cran actuel est fissur\u00e9, scintille ou ne fonctionne plus correctement.<\/p>\n<p data-start=\"1149\" data-end=\"1170\">\u2705 <strong data-start=\"1151\" data-end=\"1168\">Principales caract\u00e9ristiques\u00a0:<\/strong><\/p>\n<ul data-start=\"1171\" data-end=\"1477\">\n<li data-start=\"1171\" data-end=\"1217\">\n<p data-start=\"1173\" data-end=\"1217\">Mod\u00e8le compatible\u00a0: <strong data-start=\"1191\" data-end=\"1215\">Lenovo ThinkPad X280<\/strong><\/p>\n<\/li>\n<li data-start=\"1218\" data-end=\"1248\">\n<p data-start=\"1220\" data-end=\"1248\">Taille de l&rsquo;\u00e9cran\u00a0: <strong data-start=\"1233\" data-end=\"1246\">12,5 pouces<\/strong><\/p>\n<\/li>\n<li data-start=\"1249\" data-end=\"1290\">\n<p data-start=\"1251\" data-end=\"1290\">R\u00e9solution\u00a0: <strong data-start=\"1263\" data-end=\"1288\">1920 x 1080 (Full HD)<\/strong><\/p>\n<\/li>\n<li data-start=\"1291\" data-end=\"1336\">\n<p data-start=\"1293\" data-end=\"1336\">Type de dalle\u00a0: <strong data-start=\"1305\" data-end=\"1334\">IPS \u2013 grands angles de vision<\/strong><\/p>\n<\/li>\n<li data-start=\"1337\" data-end=\"1371\">\n<p data-start=\"1339\" data-end=\"1371\">Finition\u00a0: <strong data-start=\"1347\" data-end=\"1369\">Mat \/ Antireflet<\/strong><\/p>\n<\/li>\n<li data-start=\"1372\" data-end=\"1397\">\n<p data-start=\"1374\" data-end=\"1397\">Connecteur\u00a0: <strong data-start=\"1385\" data-end=\"1395\">30 broches<\/strong><\/p>\n<\/li>\n<li data-start=\"1398\" data-end=\"1426\">\n<p data-start=\"1400\" data-end=\"1426\">R\u00e9f\u00e9rence\u00a0: <strong data-start=\"1413\" data-end=\"1424\">00HN883 \/ b125han02.2<\/strong><\/p>\n<\/li>\n<li data-start=\"1427\" data-end=\"1477\">\n<p data-start=\"1429\" data-end=\"1477\">\u00c9tat\u00a0: <strong data-start=\"1440\" data-end=\"1475\">Pi\u00e8ce de rechange d&rsquo;origine pour ordinateur portable<\/strong><\/p>\n<\/li>\n<\/ul>\n<p data-start=\"1479\" data-end=\"1577\">\ud83d\udcf8 <strong data-start=\"1482\" data-end=\"1497\">Photos r\u00e9elles<\/strong>\u00a0: Les photos de cette annonce sont des photos r\u00e9elles de la pi\u00e8ce que vous recevrez.<\/p>\n<p data-start=\"1579\" data-end=\"1698\">\ud83d\udca1 <strong data-start=\"1582\" data-end=\"1590\">Remarque<\/strong>\u00a0: Aucune instruction d&rsquo;installation n&rsquo;est fournie, mais si Si vous avez besoin d&rsquo;aide, n&rsquo;h\u00e9sitez pas \u00e0 nous contacter.<\/p>\n<p data-start=\"1700\" data-end=\"1830\">Cet \u00e9cran Lenovo ThinkPad X280 de haute qualit\u00e9 est le choix id\u00e9al pour restaurer les performances et l&rsquo;exp\u00e9rience visuelle de votre ordinateur portable.<\/p>\n","protected":false},"excerpt":{"rendered":"<p>\u00c9cran LED mat IPS Full HD 12,5&Prime; d&rsquo;origine Lenovo ThinkPad X280 (00HN883). Pi\u00e8ce de rechange id\u00e9ale pour ordinateur portable avec connecteur 30 broches.<\/p>\n","protected":false},"featured_media":18394,"template":"","meta":[],"product_brand":[],"product_cat":[57],"product_tag":[62],"class_list":{"0":"post-18330","1":"product","2":"type-product","3":"status-publish","4":"has-post-thumbnail","6":"product_cat-laptop-screens-lcd-panels","7":"product_tag-lenovo","9":"first","10":"instock","11":"taxable","12":"shipping-taxable","13":"purchasable","14":"product-type-simple"},"_links":{"self":[{"href":"https:\/\/boreait.com\/fr\/wp-json\/wp\/v2\/product\/18330","targetHints":{"allow":["GET"]}}],"collection":[{"href":"https:\/\/boreait.com\/fr\/wp-json\/wp\/v2\/product"}],"about":[{"href":"https:\/\/boreait.com\/fr\/wp-json\/wp\/v2\/types\/product"}],"wp:featuredmedia":[{"embeddable":true,"href":"https:\/\/boreait.com\/fr\/wp-json\/wp\/v2\/media\/18394"}],"wp:attachment":[{"href":"https:\/\/boreait.com\/fr\/wp-json\/wp\/v2\/media?parent=18330"}],"wp:term":[{"taxonomy":"product_brand","embeddable":true,"href":"https:\/\/boreait.com\/fr\/wp-json\/wp\/v2\/product_brand?post=18330"},{"taxonomy":"product_cat","embeddable":true,"href":"https:\/\/boreait.com\/fr\/wp-json\/wp\/v2\/product_cat?post=18330"},{"taxonomy":"product_tag","embeddable":true,"href":"https:\/\/boreait.com\/fr\/wp-json\/wp\/v2\/product_tag?post=18330"}],"curies":[{"name":"wp","href":"https:\/\/api.w.org\/{rel}","templated":true}]}}