{"id":18329,"date":"2025-09-16T17:31:37","date_gmt":"2025-09-16T15:31:37","guid":{"rendered":"https:\/\/boreait.com\/fr\/?post_type=product&#038;p=18329"},"modified":"2025-09-16T17:34:15","modified_gmt":"2025-09-16T15:34:15","slug":"carte-dalimentation-avec-cable-ns-b522-pour-lenovo-thinkpad-x280-pieces-detachees-pour-ordinateur-portable","status":"publish","type":"product","link":"https:\/\/boreait.com\/fr\/produit\/carte-dalimentation-avec-cable-ns-b522-pour-lenovo-thinkpad-x280-pieces-detachees-pour-ordinateur-portable\/","title":{"rendered":"Carte d&rsquo;alimentation avec c\u00e2ble NS-B522 pour Lenovo ThinkPad X280 \u2013 Pi\u00e8ces d\u00e9tach\u00e9es pour ordinateur portable"},"content":{"rendered":"<p data-start=\"486\" data-end=\"765\">Am\u00e9liorez ou r\u00e9parez votre ordinateur portable avec cette carte bouton d&rsquo;alimentation Lenovo ThinkPad X280 12,5&Prime; avec c\u00e2ble (NS-B522) d&rsquo;origine.<br data-start=\"605\" data-end=\"608\" \/>Cette pi\u00e8ce Lenovo authentique, soigneusement test\u00e9e et en excellent \u00e9tat de fonctionnement, constitue un remplacement id\u00e9al pour les cartes d\u00e9fectueuses ou non fonctionnelles.<\/p>\n<p data-start=\"767\" data-end=\"789\"><strong data-start=\"767\" data-end=\"787\">D\u00e9tails du produit\u00a0:<\/strong><\/p>\n<ul data-start=\"790\" data-end=\"1019\">\n<li data-start=\"790\" data-end=\"847\">\n<p data-start=\"792\" data-end=\"847\"><strong data-start=\"792\" data-end=\"816\">Mod\u00e8les compatibles\u00a0: Lenovo ThinkPad X280 (12,5\u00a0po)<\/p>\n<\/li>\n<li data-start=\"848\" data-end=\"876\">\n<p data-start=\"850\" data-end=\"876\"><strong data-start=\"850\" data-end=\"866\">R\u00e9f\u00e9rence\u00a0: NS-B522<\/p>\n<\/li>\n<li data-start=\"877\" data-end=\"920\">\n<p data-start=\"879\" data-end=\"920\"><strong data-start=\"879\" data-end=\"888\">Type\u00a0: Carte bouton d&rsquo;alimentation avec c\u00e2ble<\/p>\n<\/li>\n<li data-start=\"921\" data-end=\"974\">\n<p data-start=\"923\" data-end=\"974\"><strong data-start=\"923\" data-end=\"937\">\u00c9tat\u00a0:<\/strong> Original, test\u00e9, enti\u00e8rement fonctionnel<\/p>\n<\/li>\n<li data-start=\"975\" data-end=\"1019\">\n<p data-start=\"977\" data-end=\"1019\"><strong data-start=\"977\" data-end=\"990\">Cat\u00e9gorie\u00a0:<\/strong> Pi\u00e8ces d\u00e9tach\u00e9es pour ordinateurs portables et Accessoires<\/p>\n<\/li>\n<\/ul>\n<p data-start=\"1021\" data-end=\"1043\"><strong data-start=\"1021\" data-end=\"1041\">Pourquoi acheter chez nous\u00a0?<\/strong><\/p>\n<ul data-start=\"1044\" data-end=\"1398\">\n<li data-start=\"1044\" data-end=\"1140\">\n<p data-start=\"1046\" data-end=\"1140\">Toutes les photos de cette annonce repr\u00e9sentent le <strong data-start=\"1084\" data-end=\"1119\">produit r\u00e9el que vous recevrez<\/strong>\u00a0; aucune image d&rsquo;archive n&rsquo;est disponible.<\/p>\n<\/li>\n<li data-start=\"1141\" data-end=\"1211\">\n<p data-start=\"1143\" data-end=\"1211\">Haute qualit\u00e9 Pi\u00e8ce d\u00e9tach\u00e9e Lenovo d&rsquo;origine pour des performances fiables.<\/p>\n<\/li>\n<li data-start=\"1212\" data-end=\"1290\">\n<p data-start=\"1214\" data-end=\"1290\">Livraison internationale disponible, avec une priorit\u00e9 donn\u00e9e \u00e0 une livraison rapide en Europe.<\/p>\n<\/li>\n<li data-start=\"1291\" data-end=\"1398\">\n<p data-start=\"1293\" data-end=\"1398\">Si vous avez besoin d&rsquo;aide pour l&rsquo;installation ou la compatibilit\u00e9, n&rsquo;h\u00e9sitez pas \u00e0 nous contacter\u00a0; nous serons ravis de vous aider.<\/p>\n<\/li>\n<\/ul>\n<p data-start=\"1400\" data-end=\"1572\">Cette carte de bouton d&rsquo;alimentation assure le red\u00e9marrage fluide de votre Lenovo ThinkPad X280. Id\u00e9ale pour les techniciens, les professionnels de l&rsquo;informatique ou les particuliers r\u00e9parant eux-m\u00eames leurs ordinateurs portables.<\/p>\n","protected":false},"excerpt":{"rendered":"<p>Carte bouton d&rsquo;alimentation Lenovo ThinkPad X280 fiable avec c\u00e2ble (NS-B522). Pi\u00e8ce 100 % d&rsquo;origine, test\u00e9e et pr\u00eate \u00e0 \u00eatre install\u00e9e.<\/p>\n","protected":false},"featured_media":18393,"template":"","meta":[],"product_brand":[],"product_cat":[63],"product_tag":[62],"class_list":{"0":"post-18329","1":"product","2":"type-product","3":"status-publish","4":"has-post-thumbnail","6":"product_cat-motherboards-board-parts","7":"product_tag-lenovo","9":"first","10":"instock","11":"taxable","12":"shipping-taxable","13":"purchasable","14":"product-type-simple"},"_links":{"self":[{"href":"https:\/\/boreait.com\/fr\/wp-json\/wp\/v2\/product\/18329","targetHints":{"allow":["GET"]}}],"collection":[{"href":"https:\/\/boreait.com\/fr\/wp-json\/wp\/v2\/product"}],"about":[{"href":"https:\/\/boreait.com\/fr\/wp-json\/wp\/v2\/types\/product"}],"wp:featuredmedia":[{"embeddable":true,"href":"https:\/\/boreait.com\/fr\/wp-json\/wp\/v2\/media\/18393"}],"wp:attachment":[{"href":"https:\/\/boreait.com\/fr\/wp-json\/wp\/v2\/media?parent=18329"}],"wp:term":[{"taxonomy":"product_brand","embeddable":true,"href":"https:\/\/boreait.com\/fr\/wp-json\/wp\/v2\/product_brand?post=18329"},{"taxonomy":"product_cat","embeddable":true,"href":"https:\/\/boreait.com\/fr\/wp-json\/wp\/v2\/product_cat?post=18329"},{"taxonomy":"product_tag","embeddable":true,"href":"https:\/\/boreait.com\/fr\/wp-json\/wp\/v2\/product_tag?post=18329"}],"curies":[{"name":"wp","href":"https:\/\/api.w.org\/{rel}","templated":true}]}}