{"id":18321,"date":"2025-09-16T17:31:12","date_gmt":"2025-09-16T15:31:12","guid":{"rendered":"https:\/\/boreait.com\/fr\/?post_type=product&#038;p=18321"},"modified":"2025-09-16T17:34:11","modified_gmt":"2025-09-16T15:34:11","slug":"carte-wi-fi-dorigine-lenovo-thinkpad-x280-8265ngw-851592-001-pour-ordinateur-portable","status":"publish","type":"product","link":"https:\/\/boreait.com\/fr\/produit\/carte-wi-fi-dorigine-lenovo-thinkpad-x280-8265ngw-851592-001-pour-ordinateur-portable\/","title":{"rendered":"Carte Wi-Fi d&rsquo;origine Lenovo ThinkPad X280 8265NGW 851592-001 pour ordinateur portable"},"content":{"rendered":"<p data-start=\"550\" data-end=\"872\">Cette <strong data-start=\"555\" data-end=\"610\">carte r\u00e9seau sans fil Wi-Fi Lenovo ThinkPad X280 d&rsquo;origine<\/strong> (Intel 8265NGW, FRU\u00a0: 851592-001) est la pi\u00e8ce de rechange id\u00e9ale pour restaurer ou mettre \u00e0 niveau la connectivit\u00e9 sans fil de votre ordinateur portable. Con\u00e7u pour la s\u00e9rie X280, il offre des performances rapides et stables, garantissant une navigation fluide, du streaming et une productivit\u00e9 accrue.<\/p>\n<ul data-start=\"874\" data-end=\"1134\">\n<li data-start=\"874\" data-end=\"923\">\n<p data-start=\"876\" data-end=\"923\"><strong data-start=\"876\" data-end=\"900\">Marques compatibles\u00a0:<\/strong> Lenovo ThinkPad X280<\/p>\n<\/li>\n<li data-start=\"924\" data-end=\"971\">\n<p data-start=\"926\" data-end=\"971\"><strong data-start=\"926\" data-end=\"943\">R\u00e9f\u00e9rences\u00a0:<\/strong> Intel 8265NGW, 851592-001<\/p>\n<\/li>\n<li data-start=\"972\" data-end=\"1014\">\n<p data-start=\"974\" data-end=\"1014\"><strong data-start=\"974\" data-end=\"987\">Fonction\u00a0:<\/strong> Carte r\u00e9seau sans fil \/ Wi-Fi<\/p>\n<\/li>\n<li data-start=\"1015\" data-end=\"1070\">\n<p data-start=\"1017\" data-end=\"1070\"><strong data-start=\"1017\" data-end=\"1031\">\u00c9tat\u00a0:<\/strong> Pi\u00e8ce d&rsquo;ordinateur portable d&rsquo;origine et enti\u00e8rement test\u00e9e<\/p>\n<\/li>\n<li data-start=\"1071\" data-end=\"1134\">\n<p data-start=\"1073\" data-end=\"1134\"><strong data-start=\"1073\" data-end=\"1084\">Photos\u00a0:<\/strong> Images r\u00e9elles de la pi\u00e8ce que vous verrez Recevoir<\/p>\n<\/li>\n<\/ul>\n<p data-start=\"1136\" data-end=\"1355\">Cette pi\u00e8ce d\u00e9tach\u00e9e pour ordinateur portable est id\u00e9ale si votre carte Wi-Fi actuelle est d\u00e9fectueuse, endommag\u00e9e ou n\u00e9cessite une mise \u00e0 niveau. Veuillez noter que les instructions d&rsquo;installation ne sont pas incluses. Si vous avez besoin d&rsquo;aide, n&rsquo;h\u00e9sitez pas \u00e0 nous contacter.<\/p>\n<p data-start=\"1357\" data-end=\"1479\">\u2714 Pi\u00e8ce d\u00e9tach\u00e9e 100 % authentique pour ordinateur portable Lenovo<br data-start=\"1390\" data-end=\"1393\" \/>\u2714 Qualit\u00e9 et performances test\u00e9es<br data-start=\"1429\" data-end=\"1432\" \/>\u2714 Livraison internationale disponible depuis notre boutique<\/p>\n","protected":false},"excerpt":{"rendered":"<p>Am\u00e9liorez votre Lenovo ThinkPad X280 avec cette carte Wi-Fi Intel 8265NGW d&rsquo;origine (FRU 851592-001). Performances Wi-Fi fiables, test\u00e9es et pr\u00eates \u00e0 installer.<\/p>\n","protected":false},"featured_media":18392,"template":"","meta":[],"product_brand":[],"product_cat":[63],"product_tag":[62],"class_list":{"0":"post-18321","1":"product","2":"type-product","3":"status-publish","4":"has-post-thumbnail","6":"product_cat-motherboards-board-parts","7":"product_tag-lenovo","9":"first","10":"instock","11":"taxable","12":"shipping-taxable","13":"purchasable","14":"product-type-simple"},"_links":{"self":[{"href":"https:\/\/boreait.com\/fr\/wp-json\/wp\/v2\/product\/18321","targetHints":{"allow":["GET"]}}],"collection":[{"href":"https:\/\/boreait.com\/fr\/wp-json\/wp\/v2\/product"}],"about":[{"href":"https:\/\/boreait.com\/fr\/wp-json\/wp\/v2\/types\/product"}],"wp:featuredmedia":[{"embeddable":true,"href":"https:\/\/boreait.com\/fr\/wp-json\/wp\/v2\/media\/18392"}],"wp:attachment":[{"href":"https:\/\/boreait.com\/fr\/wp-json\/wp\/v2\/media?parent=18321"}],"wp:term":[{"taxonomy":"product_brand","embeddable":true,"href":"https:\/\/boreait.com\/fr\/wp-json\/wp\/v2\/product_brand?post=18321"},{"taxonomy":"product_cat","embeddable":true,"href":"https:\/\/boreait.com\/fr\/wp-json\/wp\/v2\/product_cat?post=18321"},{"taxonomy":"product_tag","embeddable":true,"href":"https:\/\/boreait.com\/fr\/wp-json\/wp\/v2\/product_tag?post=18321"}],"curies":[{"name":"wp","href":"https:\/\/api.w.org\/{rel}","templated":true}]}}