{"id":18320,"date":"2025-09-16T17:31:12","date_gmt":"2025-09-16T15:31:12","guid":{"rendered":"https:\/\/boreait.com\/fr\/?post_type=product&#038;p=18320"},"modified":"2025-09-16T17:34:06","modified_gmt":"2025-09-16T15:34:06","slug":"ensemble-de-charnieres-gauche-et-droite-pour-lenovo-thinkpad-x280-01yn067-01yn066-am16p000810","status":"publish","type":"product","link":"https:\/\/boreait.com\/fr\/produit\/ensemble-de-charnieres-gauche-et-droite-pour-lenovo-thinkpad-x280-01yn067-01yn066-am16p000810\/","title":{"rendered":"Ensemble de charni\u00e8res gauche et droite pour Lenovo ThinkPad X280 | 01YN067 01YN066 AM16P000810"},"content":{"rendered":"<p data-start=\"539\" data-end=\"785\">Restaurez la fonctionnalit\u00e9 de votre Lenovo ThinkPad X280 avec cet <strong data-start=\"604\" data-end=\"626\">ensemble de charni\u00e8res d&rsquo;origine<\/strong>. Ces charni\u00e8res (gauche et droite) sont des pi\u00e8ces d&rsquo;ordinateur portable de haute qualit\u00e9, con\u00e7ues sp\u00e9cifiquement pour la s\u00e9rie X280, garantissant un ajustement parfait et des performances durables.<\/p>\n<p data-start=\"787\" data-end=\"1043\">\u2714\ufe0f <strong data-start=\"790\" data-end=\"811\">Mod\u00e8le compatible\u00a0:<\/strong> Lenovo ThinkPad X280<br data-start=\"832\" data-end=\"835\" \/>\u2714\ufe0f <strong data-start=\"838\" data-end=\"851\">Inclus\u00a0:<\/strong> Charni\u00e8re gauche + charni\u00e8re droite \/ R\u00e9f\u00e9rences\u00a0: 01YN067 01YN066 AM16P000810<br data-start=\"876\" data-end=\"879\" \/>\u2714\ufe0f <strong data-start=\"882\" data-end=\"896\">\u00c9tat\u00a0:<\/strong> Original, enti\u00e8rement test\u00e9 et en excellent \u00e9tat de fonctionnement<br data-start=\"955\" data-end=\"958\" \/>\u2714\ufe0f <strong data-start=\"961\" data-end=\"969\">Utilisation\u00a0:<\/strong> Remplacement des charni\u00e8res endommag\u00e9es ou us\u00e9es, restauration de la stabilit\u00e9 de l&rsquo;\u00e9cran.<\/p>\n<p data-start=\"1045\" data-end=\"1308\">Si l&rsquo;\u00e9cran de votre ordinateur portable est instable, instable ou difficile \u00e0 r\u00e9gler, le remplacement des charni\u00e8res est la solution la plus efficace. Cet ensemble vous permet de restaurer la robustesse d&rsquo;origine de votre appareil, facilitant ainsi son utilisation quotidienne sans vous soucier des mouvements de l&rsquo;\u00e9cran.<\/p>\n<ul data-start=\"1310\" data-end=\"1683\">\n<li data-start=\"1310\" data-end=\"1407\">\n<p data-start=\"1312\" data-end=\"1407\"><strong data-start=\"1312\" data-end=\"1334\">Qualit\u00e9 garantie<\/strong>\u00a0: Il s&rsquo;agit de pi\u00e8ces d\u00e9tach\u00e9es d&rsquo;origine pour ordinateur portable Lenovo, et non de substituts g\u00e9n\u00e9riques.<\/p>\n<\/li>\n<li data-start=\"1408\" data-end=\"1471\">\n<p data-start=\"1410\" data-end=\"1471\"><strong data-start=\"1410\" data-end=\"1432\">Livraison internationale<\/strong>\u00a0: Nous livrons dans toute l&rsquo;Europe et Dans le monde entier.<\/p>\n<\/li>\n<li data-start=\"1472\" data-end=\"1595\">\n<p data-start=\"1474\" data-end=\"1595\"><strong data-start=\"1474\" data-end=\"1494\">Assistance client<\/strong>\u00a0: Les instructions d\u2019installation ne sont pas incluses, mais si vous avez besoin d\u2019aide, vous pouvez nous contacter \u00e0 tout moment.<\/p>\n<\/li>\n<li data-start=\"1596\" data-end=\"1683\">\n<p data-start=\"1598\" data-end=\"1683\"><strong data-start=\"1598\" data-end=\"1613\">Photos r\u00e9elles<\/strong>\u00a0: Toutes les photos de la liste montrent les charni\u00e8res que vous recevrez.<\/p>\n<\/li>\n<\/ul>\n<p data-start=\"1685\" data-end=\"1791\">Mise \u00e0 niveau et r\u00e9paration de votre ThinkPad X280 en toute confiance \u2013 des charni\u00e8res durables signifient une dur\u00e9e de vie plus longue pour votre ordinateur portable.<\/p>\n","protected":false},"excerpt":{"rendered":"<p data-start=\"348\" data-end=\"488\">Ensemble de charni\u00e8res d&rsquo;origine pour Lenovo ThinkPad X280 (gauche et droite). Pi\u00e8ces de rechange id\u00e9ales pour ordinateur portable, pour restaurer la fluidit\u00e9 de l&rsquo;\u00e9cran et la durabilit\u00e9.<\/p>\n","protected":false},"featured_media":18391,"template":"","meta":[],"product_brand":[],"product_cat":[55],"product_tag":[62],"class_list":{"0":"post-18320","1":"product","2":"type-product","3":"status-publish","4":"has-post-thumbnail","6":"product_cat-screen-hinge","7":"product_tag-lenovo","9":"first","10":"instock","11":"taxable","12":"shipping-taxable","13":"purchasable","14":"product-type-simple"},"_links":{"self":[{"href":"https:\/\/boreait.com\/fr\/wp-json\/wp\/v2\/product\/18320","targetHints":{"allow":["GET"]}}],"collection":[{"href":"https:\/\/boreait.com\/fr\/wp-json\/wp\/v2\/product"}],"about":[{"href":"https:\/\/boreait.com\/fr\/wp-json\/wp\/v2\/types\/product"}],"wp:featuredmedia":[{"embeddable":true,"href":"https:\/\/boreait.com\/fr\/wp-json\/wp\/v2\/media\/18391"}],"wp:attachment":[{"href":"https:\/\/boreait.com\/fr\/wp-json\/wp\/v2\/media?parent=18320"}],"wp:term":[{"taxonomy":"product_brand","embeddable":true,"href":"https:\/\/boreait.com\/fr\/wp-json\/wp\/v2\/product_brand?post=18320"},{"taxonomy":"product_cat","embeddable":true,"href":"https:\/\/boreait.com\/fr\/wp-json\/wp\/v2\/product_cat?post=18320"},{"taxonomy":"product_tag","embeddable":true,"href":"https:\/\/boreait.com\/fr\/wp-json\/wp\/v2\/product_tag?post=18320"}],"curies":[{"name":"wp","href":"https:\/\/api.w.org\/{rel}","templated":true}]}}