{"id":18319,"date":"2025-09-16T17:31:11","date_gmt":"2025-09-16T15:31:11","guid":{"rendered":"https:\/\/boreait.com\/fr\/?post_type=product&#038;p=18319"},"modified":"2025-09-16T17:34:01","modified_gmt":"2025-09-16T15:34:01","slug":"lenovo-thinkpad-x280-haut-parleurs-gauche-et-droit-ensemble-de-haut-parleurs-01yn053","status":"publish","type":"product","link":"https:\/\/boreait.com\/fr\/produit\/lenovo-thinkpad-x280-haut-parleurs-gauche-et-droit-ensemble-de-haut-parleurs-01yn053\/","title":{"rendered":"Lenovo ThinkPad X280 &#8211; Haut-parleurs gauche et droit &#8211; ENSEMBLE DE HAUT-PARLEURS 01YN053"},"content":{"rendered":"<p data-start=\"504\" data-end=\"634\">Retrouvez la qualit\u00e9 sonore cristalline de votre Lenovo ThinkPad X280 gr\u00e2ce \u00e0 cet ensemble de haut-parleurs gauche et droit d&rsquo;origine pour ordinateur portable.<\/p>\n<p data-start=\"636\" data-end=\"824\">\u2714 <strong data-start=\"638\" data-end=\"659\">Mod\u00e8le compatible\u00a0:<\/strong> Lenovo ThinkPad X280 \/ 01YN053\u00a0<br data-start=\"680\" data-end=\"683\" \/>\u2714 <strong data-start=\"685\" data-end=\"698\">Inclus\u00a0:<\/strong> Haut-parleurs gauche et droit, comme sur les photos r\u00e9elles.<br data-start=\"746\" data-end=\"749\" \/>\u2714 <strong data-start=\"751\" data-end=\"765\">\u00c9tat\u00a0:<\/strong> Pi\u00e8ces de rechange d&rsquo;origine, test\u00e9es et enti\u00e8rement fonctionnelles.<\/p>\n<p data-start=\"826\" data-end=\"1024\">Ces pi\u00e8ces d\u00e9tach\u00e9es pour ordinateur portable sont id\u00e9ales si votre ThinkPad X280 pr\u00e9sente un son faible, une distorsion ou une absence de sortie audio. Remplacer les haut-parleurs garantit des performances optimales pour le travail, les \u00e9tudes ou les loisirs.<\/p>\n<p data-start=\"1026\" data-end=\"1149\">Nous ne fournissons pas d&rsquo;instructions d&rsquo;installation, mais si vous avez besoin de conseils, n&rsquo;h\u00e9sitez pas \u00e0 nous contacter\u00a0; nous serons ravis de vous aider.<\/p>\n<p data-start=\"1151\" data-end=\"1226\">\ud83d\udcf7 <strong data-start=\"1154\" data-end=\"1177\">Photos r\u00e9elles du produit<\/strong>\u00a0: vous recevrez exactement ce que vous voyez.<\/p>\n<p data-start=\"1228\" data-end=\"1341\">Restaurez votre Lenovo ThinkPad X280 avec des pi\u00e8ces d\u00e9tach\u00e9es d&rsquo;origine fiables, con\u00e7ues pour la durabilit\u00e9 et les performances.<\/p>\n","protected":false},"excerpt":{"rendered":"<p data-start=\"308\" data-end=\"451\">Haut-parleurs d&rsquo;origine de haute qualit\u00e9 pour ordinateur portable Lenovo ThinkPad X280 (paire gauche et droite). Pi\u00e8ces de rechange id\u00e9ales pour un son clair et net.<\/p>\n","protected":false},"featured_media":18390,"template":"","meta":[],"product_brand":[],"product_cat":[54],"product_tag":[62],"class_list":{"0":"post-18319","1":"product","2":"type-product","3":"status-publish","4":"has-post-thumbnail","6":"product_cat-laptop-speakers","7":"product_tag-lenovo","9":"first","10":"instock","11":"taxable","12":"shipping-taxable","13":"purchasable","14":"product-type-simple"},"_links":{"self":[{"href":"https:\/\/boreait.com\/fr\/wp-json\/wp\/v2\/product\/18319","targetHints":{"allow":["GET"]}}],"collection":[{"href":"https:\/\/boreait.com\/fr\/wp-json\/wp\/v2\/product"}],"about":[{"href":"https:\/\/boreait.com\/fr\/wp-json\/wp\/v2\/types\/product"}],"wp:featuredmedia":[{"embeddable":true,"href":"https:\/\/boreait.com\/fr\/wp-json\/wp\/v2\/media\/18390"}],"wp:attachment":[{"href":"https:\/\/boreait.com\/fr\/wp-json\/wp\/v2\/media?parent=18319"}],"wp:term":[{"taxonomy":"product_brand","embeddable":true,"href":"https:\/\/boreait.com\/fr\/wp-json\/wp\/v2\/product_brand?post=18319"},{"taxonomy":"product_cat","embeddable":true,"href":"https:\/\/boreait.com\/fr\/wp-json\/wp\/v2\/product_cat?post=18319"},{"taxonomy":"product_tag","embeddable":true,"href":"https:\/\/boreait.com\/fr\/wp-json\/wp\/v2\/product_tag?post=18319"}],"curies":[{"name":"wp","href":"https:\/\/api.w.org\/{rel}","templated":true}]}}