{"id":18308,"date":"2025-09-16T17:30:43","date_gmt":"2025-09-16T15:30:43","guid":{"rendered":"https:\/\/boreait.com\/fr\/?post_type=product&#038;p=18308"},"modified":"2025-09-16T17:33:38","modified_gmt":"2025-09-16T15:33:38","slug":"carte-bouton-dalimentation-avec-cable-et-interrupteur-pour-lenovo-thinkpad-l580-l590-el580-ns-b465","status":"publish","type":"product","link":"https:\/\/boreait.com\/fr\/produit\/carte-bouton-dalimentation-avec-cable-et-interrupteur-pour-lenovo-thinkpad-l580-l590-el580-ns-b465\/","title":{"rendered":"Carte bouton d&rsquo;alimentation avec c\u00e2ble et interrupteur pour Lenovo ThinkPad L580 L590 EL580 NS-B465"},"content":{"rendered":"<p data-start=\"415\" data-end=\"696\">Restaurez les fonctionnalit\u00e9s de votre Lenovo ThinkPad avec cette <strong data-start=\"475\" data-end=\"521\">carte bouton d&rsquo;alimentation + c\u00e2ble (EL580 NS-B465)<\/strong>.<br data-start=\"522\" data-end=\"525\" \/>Sp\u00e9cialement con\u00e7ue pour les ordinateurs portables <strong data-start=\"551\" data-end=\"584\">Lenovo ThinkPad L580 et L590<\/strong>, cette pi\u00e8ce garantit un d\u00e9marrage fiable du syst\u00e8me lorsque l&rsquo;interrupteur d&rsquo;alimentation d&rsquo;origine est endommag\u00e9 ou ne fonctionne pas.<\/p>\n<p data-start=\"698\" data-end=\"713\"><strong data-start=\"698\" data-end=\"711\">Caract\u00e9ristiques\u00a0:<\/strong><\/p>\n<ul data-start=\"714\" data-end=\"937\">\n<li data-start=\"714\" data-end=\"765\">\n<p data-start=\"716\" data-end=\"765\">Compatible avec Lenovo ThinkPad <strong data-start=\"748\" data-end=\"763\">L580 \/ L590<\/strong><\/p>\n<\/li>\n<li data-start=\"766\" data-end=\"796\">\n<p data-start=\"768\" data-end=\"796\">Comprend <strong data-start=\"777\" data-end=\"794\">carte et c\u00e2ble<\/strong><\/p>\n<\/li>\n<li data-start=\"797\" data-end=\"831\">\n<p data-start=\"799\" data-end=\"831\">R\u00e9f\u00e9rence\u00a0: <strong data-start=\"812\" data-end=\"829\">EL580 NS-B465<\/strong><\/p>\n<\/li>\n<li data-start=\"832\" data-end=\"868\">\n<p data-start=\"834\" data-end=\"868\">100 % test\u00e9 et enti\u00e8rement fonctionnel<\/p>\n<\/li>\n<li data-start=\"869\" data-end=\"937\">\n<p data-start=\"871\" data-end=\"937\">Remplacement id\u00e9al pour les cartes de boutons d&rsquo;alimentation cass\u00e9es ou inactives<\/p>\n<\/li>\n<\/ul>\n<p data-start=\"939\" data-end=\"1013\"><strong data-start=\"939\" data-end=\"960\">Contenu du colis\u00a0:<\/strong><br data-start=\"960\" data-end=\"963\" \/>1 carte de boutons d&rsquo;alimentation avec c\u00e2ble (EL580 NS-B465)<\/p>\n<p data-start=\"1015\" data-end=\"1084\">Redonnez vie \u00e0 votre ordinateur portable avec remplacement rapide et simple.<\/p>\n","protected":false},"excerpt":{"rendered":"<p>Carte de bouton d&rsquo;alimentation de remplacement avec c\u00e2ble pour Lenovo ThinkPad L580 et L590. Pi\u00e8ce de rechange d&rsquo;origine (EL580 NS-B465), id\u00e9ale pour r\u00e9parer les boutons d&rsquo;alimentation d\u00e9fectueux ou inactifs.<\/p>\n","protected":false},"featured_media":18379,"template":"","meta":[],"product_brand":[],"product_cat":[63],"product_tag":[62],"class_list":{"0":"post-18308","1":"product","2":"type-product","3":"status-publish","4":"has-post-thumbnail","6":"product_cat-motherboards-board-parts","7":"product_tag-lenovo","9":"first","10":"instock","11":"taxable","12":"shipping-taxable","13":"purchasable","14":"product-type-simple"},"_links":{"self":[{"href":"https:\/\/boreait.com\/fr\/wp-json\/wp\/v2\/product\/18308","targetHints":{"allow":["GET"]}}],"collection":[{"href":"https:\/\/boreait.com\/fr\/wp-json\/wp\/v2\/product"}],"about":[{"href":"https:\/\/boreait.com\/fr\/wp-json\/wp\/v2\/types\/product"}],"wp:featuredmedia":[{"embeddable":true,"href":"https:\/\/boreait.com\/fr\/wp-json\/wp\/v2\/media\/18379"}],"wp:attachment":[{"href":"https:\/\/boreait.com\/fr\/wp-json\/wp\/v2\/media?parent=18308"}],"wp:term":[{"taxonomy":"product_brand","embeddable":true,"href":"https:\/\/boreait.com\/fr\/wp-json\/wp\/v2\/product_brand?post=18308"},{"taxonomy":"product_cat","embeddable":true,"href":"https:\/\/boreait.com\/fr\/wp-json\/wp\/v2\/product_cat?post=18308"},{"taxonomy":"product_tag","embeddable":true,"href":"https:\/\/boreait.com\/fr\/wp-json\/wp\/v2\/product_tag?post=18308"}],"curies":[{"name":"wp","href":"https:\/\/api.w.org\/{rel}","templated":true}]}}