{"id":18306,"date":"2025-09-16T17:30:43","date_gmt":"2025-09-16T15:30:43","guid":{"rendered":"https:\/\/boreait.com\/fr\/?post_type=product&#038;p=18306"},"modified":"2025-09-16T17:33:25","modified_gmt":"2025-09-16T15:33:25","slug":"repose-poignets-ap165000200-pour-ordinateur-portable-lenovo-thinkpad-l580-156-pouces-sans-pave-tactile","status":"publish","type":"product","link":"https:\/\/boreait.com\/fr\/produit\/repose-poignets-ap165000200-pour-ordinateur-portable-lenovo-thinkpad-l580-156-pouces-sans-pave-tactile\/","title":{"rendered":"Repose-poignets AP165000200 pour ordinateur portable Lenovo ThinkPad L580 15,6 pouces (sans pav\u00e9 tactile)"},"content":{"rendered":"<p data-start=\"515\" data-end=\"716\">Am\u00e9liorez ou r\u00e9parez votre Lenovo ThinkPad L580 avec ce repose-poignets d&rsquo;ordinateur portable 15,6 pouces d&rsquo;origine (AP165000200). Ce repose-poignets est une pi\u00e8ce d&rsquo;origine Lenovo, con\u00e7ue pour s&rsquo;adapter parfaitement aux ThinkPad de la s\u00e9rie L580.<\/p>\n<p data-start=\"718\" data-end=\"739\">\ud83d\udc49 <strong data-start=\"721\" data-end=\"737\">D\u00e9tails cl\u00e9s\u00a0:<\/strong><\/p>\n<ul data-start=\"740\" data-end=\"1031\">\n<li data-start=\"740\" data-end=\"789\">\n<p data-start=\"742\" data-end=\"789\"><strong data-start=\"742\" data-end=\"766\">Mod\u00e8les compatibles\u00a0:<\/strong> Lenovo ThinkPad L580<\/p>\n<\/li>\n<li data-start=\"790\" data-end=\"822\">\n<p data-start=\"792\" data-end=\"822\"><strong data-start=\"792\" data-end=\"808\">R\u00e9f\u00e9rence\u00a0: AP165000200<\/p>\n<\/li>\n<li data-start=\"823\" data-end=\"858\">\n<p data-start=\"825\" data-end=\"858\"><strong data-start=\"825\" data-end=\"834\">Taille\u00a0: Repose-poignets pour ordinateur portable 15,6&Prime;<\/p>\n<\/li>\n<li data-start=\"859\" data-end=\"903\">\n<p data-start=\"861\" data-end=\"903\"><strong data-start=\"861\" data-end=\"875\">\u00c9tat\u00a0: Pi\u00e8ce de rechange d&rsquo;origine<\/p>\n<\/li>\n<li data-start=\"904\" data-end=\"952\">\n<p data-start=\"906\" data-end=\"952\"><strong data-start=\"906\" data-end=\"919\">Pav\u00e9 tactile\u00a0:<\/strong> <em data-start=\"920\" data-end=\"934\">Non inclus<\/em> (repose-poignets uniquement)<\/p>\n<\/li>\n<li data-start=\"953\" data-end=\"1031\">\n<p data-start=\"955\" data-end=\"1031\"><strong data-start=\"955\" data-end=\"966\">Photos\u00a0:<\/strong> Toutes les photos sont des repr\u00e9sentations r\u00e9elles de la pi\u00e8ce que vous recevrez.<\/p>\n<\/li>\n<\/ul>\n<p data-start=\"1033\" data-end=\"1204\">Ce repose-poignets est id\u00e9al pour r\u00e9parer les pi\u00e8ces endommag\u00e9es ou us\u00e9es de votre ordinateur portable. Il permet de restaurer l&rsquo;apparence et les fonctionnalit\u00e9s de votre ThinkPad, garantissant ainsi une utilisation durable.<\/p>\n<p data-start=\"1206\" data-end=\"1340\">\ud83d\udca1 Remarque\u00a0: les instructions d&rsquo;installation ne sont pas incluses. Si vous avez besoin de conseils, n&rsquo;h\u00e9sitez pas \u00e0 nous contacter\u00a0; nous serons ravis de vous aider.<\/p>\n<p data-start=\"1342\" data-end=\"1417\">\u2714 Livraison internationale disponible.<br data-start=\"1373\" data-end=\"1376\" \/>\u2714 Vendeur de confiance\u00a0: achetez en toute confiance.<\/p>\n","protected":false},"excerpt":{"rendered":"<p>Repose-poignets d&rsquo;origine pour ordinateur portable Lenovo ThinkPad L580 15,6&Prime; (AP165000200), pi\u00e8ce de rechange sans pav\u00e9 tactile. Photos r\u00e9elles.<\/p>\n","protected":false},"featured_media":18370,"template":"","meta":[],"product_brand":[],"product_cat":[52],"product_tag":[62],"class_list":{"0":"post-18306","1":"product","2":"type-product","3":"status-publish","4":"has-post-thumbnail","6":"product_cat-laptop-housing","7":"product_tag-lenovo","9":"first","10":"instock","11":"taxable","12":"shipping-taxable","13":"purchasable","14":"product-type-simple"},"_links":{"self":[{"href":"https:\/\/boreait.com\/fr\/wp-json\/wp\/v2\/product\/18306","targetHints":{"allow":["GET"]}}],"collection":[{"href":"https:\/\/boreait.com\/fr\/wp-json\/wp\/v2\/product"}],"about":[{"href":"https:\/\/boreait.com\/fr\/wp-json\/wp\/v2\/types\/product"}],"wp:featuredmedia":[{"embeddable":true,"href":"https:\/\/boreait.com\/fr\/wp-json\/wp\/v2\/media\/18370"}],"wp:attachment":[{"href":"https:\/\/boreait.com\/fr\/wp-json\/wp\/v2\/media?parent=18306"}],"wp:term":[{"taxonomy":"product_brand","embeddable":true,"href":"https:\/\/boreait.com\/fr\/wp-json\/wp\/v2\/product_brand?post=18306"},{"taxonomy":"product_cat","embeddable":true,"href":"https:\/\/boreait.com\/fr\/wp-json\/wp\/v2\/product_cat?post=18306"},{"taxonomy":"product_tag","embeddable":true,"href":"https:\/\/boreait.com\/fr\/wp-json\/wp\/v2\/product_tag?post=18306"}],"curies":[{"name":"wp","href":"https:\/\/api.w.org\/{rel}","templated":true}]}}