{"id":18305,"date":"2025-09-16T17:30:43","date_gmt":"2025-09-16T15:30:43","guid":{"rendered":"https:\/\/boreait.com\/fr\/?post_type=product&#038;p=18305"},"modified":"2025-09-16T17:33:18","modified_gmt":"2025-09-16T15:33:18","slug":"carte-microphone-mic-pour-lenovo-thinkpad-l480-l580-l490-l590-series-5c50z85817","status":"publish","type":"product","link":"https:\/\/boreait.com\/fr\/produit\/carte-microphone-mic-pour-lenovo-thinkpad-l480-l580-l490-l590-series-5c50z85817\/","title":{"rendered":"Carte microphone MIC pour Lenovo ThinkPad L480 L580 L490 L590 Series 5C50Z85817"},"content":{"rendered":"<p data-start=\"564\" data-end=\"787\">Am\u00e9liorez ou r\u00e9parez votre Lenovo ThinkPad avec cette <strong data-start=\"613\" data-end=\"694\">carte microphone MIC de remplacement d&rsquo;origine (num\u00e9ro de pi\u00e8ce\u00a0: 5C50Z85817 \/ NS-B464)<\/strong>. Cette <strong data-start=\"714\" data-end=\"729\">pi\u00e8ce d\u00e9tach\u00e9e pour ordinateur portable<\/strong> de haute qualit\u00e9 est compatible avec plusieurs mod\u00e8les ThinkPad, notamment\u00a0:<\/p>\n<ul data-start=\"789\" data-end=\"928\">\n<li data-start=\"789\" data-end=\"823\">\n<p data-start=\"791\" data-end=\"823\"><strong data-start=\"791\" data-end=\"821\">ThinkPad L480 (20LS, 20LT)<\/strong><\/p>\n<\/li>\n<li data-start=\"824\" data-end=\"858\">\n<p data-start=\"826\" data-end=\"858\"><strong data-start=\"826\" data-end=\"856\">ThinkPad L580 (20LW, 20LX)<\/strong><\/p>\n<\/li>\n<li data-start=\"859\" data-end=\"893\">\n<p data-start=\"861\" data-end=\"893\"><strong data-start=\"861\" data-end=\"891\">ThinkPad L490 (20Q5, 20Q6)<\/strong><\/p>\n<\/li>\n<li data-start=\"894\" data-end=\"928\">\n<p data-start=\"896\" data-end=\"928\"><strong data-start=\"896\" data-end=\"926\">ThinkPad L590 (20Q7, 20Q8)<\/strong><\/p>\n<\/li>\n<\/ul>\n<p data-start=\"930\" data-end=\"1081\">\u2714\ufe0f Con\u00e7u pour des performances audio fiables<br data-start=\"972\" data-end=\"975\" \/>\u2714\ufe0f 100 % test\u00e9 et enti\u00e8rement fonctionnel<br data-start=\"1010\" data-end=\"1013\" \/>\u2714\ufe0f Remplacement id\u00e9al si le microphone de votre ordinateur portable ne fonctionne plus<\/p>\n<p data-start=\"1083\" data-end=\"1223\">\ud83d\udca1 Remarque\u00a0: les instructions d&rsquo;installation ne sont pas incluses. Si vous avez besoin d&rsquo;aide pour le remplacement, n&rsquo;h\u00e9sitez pas \u00e0 nous contacter.<\/p>\n<p data-start=\"1225\" data-end=\"1343\">\ud83d\udcf8 Toutes les photos du produit sont des <strong data-start=\"1251\" data-end=\"1292\">images r\u00e9elles de la pi\u00e8ce d&rsquo;ordinateur portable<\/strong> que vous recevrez, garantissant transparence et confiance.<\/p>\n<p data-start=\"1345\" data-end=\"1534\">Cette carte microphone est une solution authentique et durable pour restaurer les fonctions d&rsquo;enregistrement et de chat vocal de votre ThinkPad. Un \u00e9l\u00e9ment indispensable pour ordinateur portable pour maintenir la productivit\u00e9 de votre appareil.<\/p>\n","protected":false},"excerpt":{"rendered":"<p>Carte microphone de remplacement d&rsquo;origine pour Lenovo ThinkPad L480, L580, L490 et L590. Pi\u00e8ce id\u00e9ale pour un son clair.<\/p>\n","protected":false},"featured_media":18369,"template":"","meta":[],"product_brand":[],"product_cat":[63],"product_tag":[62],"class_list":{"0":"post-18305","1":"product","2":"type-product","3":"status-publish","4":"has-post-thumbnail","6":"product_cat-motherboards-board-parts","7":"product_tag-lenovo","9":"first","10":"instock","11":"taxable","12":"shipping-taxable","13":"purchasable","14":"product-type-simple"},"_links":{"self":[{"href":"https:\/\/boreait.com\/fr\/wp-json\/wp\/v2\/product\/18305","targetHints":{"allow":["GET"]}}],"collection":[{"href":"https:\/\/boreait.com\/fr\/wp-json\/wp\/v2\/product"}],"about":[{"href":"https:\/\/boreait.com\/fr\/wp-json\/wp\/v2\/types\/product"}],"wp:featuredmedia":[{"embeddable":true,"href":"https:\/\/boreait.com\/fr\/wp-json\/wp\/v2\/media\/18369"}],"wp:attachment":[{"href":"https:\/\/boreait.com\/fr\/wp-json\/wp\/v2\/media?parent=18305"}],"wp:term":[{"taxonomy":"product_brand","embeddable":true,"href":"https:\/\/boreait.com\/fr\/wp-json\/wp\/v2\/product_brand?post=18305"},{"taxonomy":"product_cat","embeddable":true,"href":"https:\/\/boreait.com\/fr\/wp-json\/wp\/v2\/product_cat?post=18305"},{"taxonomy":"product_tag","embeddable":true,"href":"https:\/\/boreait.com\/fr\/wp-json\/wp\/v2\/product_tag?post=18305"}],"curies":[{"name":"wp","href":"https:\/\/api.w.org\/{rel}","templated":true}]}}