{"id":18296,"date":"2025-09-16T17:30:12","date_gmt":"2025-09-16T15:30:12","guid":{"rendered":"https:\/\/boreait.com\/fr\/?post_type=product&#038;p=18296"},"modified":"2025-09-16T17:33:14","modified_gmt":"2025-09-16T15:33:14","slug":"cadre-lcd-pour-ordinateur-portable-lenovo-thinkpad-l580-ap165000600-ap165000600ayl","status":"publish","type":"product","link":"https:\/\/boreait.com\/fr\/produit\/cadre-lcd-pour-ordinateur-portable-lenovo-thinkpad-l580-ap165000600-ap165000600ayl\/","title":{"rendered":"Cadre LCD pour ordinateur portable Lenovo ThinkPad L580 AP165000600 AP165000600AYL"},"content":{"rendered":"<p data-start=\"610\" data-end=\"901\">Am\u00e9liorez ou r\u00e9parez votre Lenovo ThinkPad L580 avec ce <strong data-start=\"664\" data-end=\"686\">cadre LCD d&rsquo;origine<\/strong>, compatible avec les r\u00e9f\u00e9rences <strong data-start=\"717\" data-end=\"732\">AP165000600<\/strong> et <strong data-start=\"737\" data-end=\"755\">AP165000600AYL<\/strong>. Ce cadre est con\u00e7u pour s&rsquo;adapter parfaitement au mod\u00e8le Lenovo ThinkPad L580, offrant une finition soign\u00e9e et une protection optimale \u00e0 l&rsquo;\u00e9cran de votre ordinateur portable.<\/p>\n<p data-start=\"903\" data-end=\"927\">\u2714 <strong data-start=\"905\" data-end=\"925\">D\u00e9tails du produit\u00a0:<\/strong><\/p>\n<ul data-start=\"928\" data-end=\"1126\">\n<li data-start=\"928\" data-end=\"970\">\n<p data-start=\"930\" data-end=\"970\">Mod\u00e8le compatible\u00a0: Lenovo ThinkPad L580<\/p>\n<\/li>\n<li data-start=\"971\" data-end=\"1017\">\n<p data-start=\"973\" data-end=\"1017\">R\u00e9f\u00e9rences\u00a0: AP165000600 \/ AP165000600AYL<\/p>\n<\/li>\n<li data-start=\"1018\" data-end=\"1064\">\n<p data-start=\"1020\" data-end=\"1064\">\u00c9tat\u00a0: Pi\u00e8ce de rechange d&rsquo;origine pour ordinateur portable<\/p>\n<\/li>\n<li data-start=\"1065\" data-end=\"1126\">\n<p data-start=\"1067\" data-end=\"1126\">Les photos pr\u00e9sent\u00e9es sont des images r\u00e9elles de la pi\u00e8ce que vous recevrez.<\/p>\n<\/li>\n<\/ul>\n<p data-start=\"1128\" data-end=\"1260\">Ce cadre est id\u00e9al pour remplacer les cadres d&rsquo;\u00e9cran fissur\u00e9s, ray\u00e9s ou manquants, garantissant ainsi \u00e0 votre ordinateur portable un aspect et un fonctionnement comme neufs.<\/p>\n<p data-start=\"1262\" data-end=\"1285\">\ud83d\udce6 <strong data-start=\"1265\" data-end=\"1283\">Pourquoi nous choisir\u00a0?<\/strong><\/p>\n<ul data-start=\"1286\" data-end=\"1416\">\n<li data-start=\"1286\" data-end=\"1342\">\n<p data-start=\"1288\" data-end=\"1342\">Toutes les photos sont des pi\u00e8ces r\u00e9elles en stock, et non des images d&rsquo;archives.<\/p>\n<\/li>\n<li data-start=\"1343\" data-end=\"1382\">\n<p data-start=\"1345\" data-end=\"1382\">Livraison rapide dans le monde entier depuis l&rsquo;Europe.<\/p>\n<\/li>\n<li data-start=\"1383\" data-end=\"1416\">\n<p data-start=\"1385\" data-end=\"1416\">Expert en vente d&rsquo;ordinateurs portables. Pi\u00e8ces d\u00e9tach\u00e9es<\/p>\n<\/li>\n<\/ul>\n<p data-start=\"1418\" \u200b\u200bdata-end=\"1566\">\ud83d\udd27 <strong data-start=\"1421\" data-end=\"1430\">Remarque\u00a0:<\/strong> Les instructions d&rsquo;installation ne sont pas incluses. Si vous avez besoin d&rsquo;aide pour identifier ou installer la pi\u00e8ce, n&rsquo;h\u00e9sitez pas \u00e0 nous contacter.<\/p>\n","protected":false},"excerpt":{"rendered":"<p>Cadre LCD d&rsquo;origine pour Lenovo ThinkPad L580 (r\u00e9f\u00e9rences AP165000600 \/ AP165000600AYL). Pi\u00e8ce de haute qualit\u00e9 pour ordinateur portable, id\u00e9ale pour remplacer les cadres endommag\u00e9s ou cass\u00e9s.<\/p>\n","protected":false},"featured_media":18367,"template":"","meta":[],"product_brand":[],"product_cat":[52],"product_tag":[62],"class_list":{"0":"post-18296","1":"product","2":"type-product","3":"status-publish","4":"has-post-thumbnail","6":"product_cat-laptop-housing","7":"product_tag-lenovo","9":"first","10":"instock","11":"taxable","12":"shipping-taxable","13":"purchasable","14":"product-type-simple"},"_links":{"self":[{"href":"https:\/\/boreait.com\/fr\/wp-json\/wp\/v2\/product\/18296","targetHints":{"allow":["GET"]}}],"collection":[{"href":"https:\/\/boreait.com\/fr\/wp-json\/wp\/v2\/product"}],"about":[{"href":"https:\/\/boreait.com\/fr\/wp-json\/wp\/v2\/types\/product"}],"wp:featuredmedia":[{"embeddable":true,"href":"https:\/\/boreait.com\/fr\/wp-json\/wp\/v2\/media\/18367"}],"wp:attachment":[{"href":"https:\/\/boreait.com\/fr\/wp-json\/wp\/v2\/media?parent=18296"}],"wp:term":[{"taxonomy":"product_brand","embeddable":true,"href":"https:\/\/boreait.com\/fr\/wp-json\/wp\/v2\/product_brand?post=18296"},{"taxonomy":"product_cat","embeddable":true,"href":"https:\/\/boreait.com\/fr\/wp-json\/wp\/v2\/product_cat?post=18296"},{"taxonomy":"product_tag","embeddable":true,"href":"https:\/\/boreait.com\/fr\/wp-json\/wp\/v2\/product_tag?post=18296"}],"curies":[{"name":"wp","href":"https:\/\/api.w.org\/{rel}","templated":true}]}}