{"id":18295,"date":"2025-09-16T17:30:12","date_gmt":"2025-09-16T15:30:12","guid":{"rendered":"https:\/\/boreait.com\/fr\/?post_type=product&#038;p=18295"},"modified":"2025-09-16T17:33:08","modified_gmt":"2025-09-16T15:33:08","slug":"cable-video-lcd-edp-dorigine-pour-ordinateur-portable-lenovo-thinkpad-l580-dc02c00bg20","status":"publish","type":"product","link":"https:\/\/boreait.com\/fr\/produit\/cable-video-lcd-edp-dorigine-pour-ordinateur-portable-lenovo-thinkpad-l580-dc02c00bg20\/","title":{"rendered":"C\u00e2ble vid\u00e9o LCD EDP d&rsquo;origine pour ordinateur portable Lenovo ThinkPad L580 DC02C00BG20"},"content":{"rendered":"<p data-start=\"570\" data-end=\"893\">Il s&rsquo;agit d&rsquo;un <strong data-start=\"580\" data-end=\"640\">c\u00e2ble d&rsquo;affichage vid\u00e9o LCD EDP Lenovo ThinkPad L580 d&rsquo;origine<\/strong> (num\u00e9ro de pi\u00e8ce <strong data-start=\"654\" data-end=\"669\">DC02C00BG20<\/strong>), con\u00e7u pour restaurer les performances d&rsquo;affichage compl\u00e8tes de votre ordinateur portable. Si votre \u00e9cran scintille, n&rsquo;affiche aucune image ou si le c\u00e2ble d&rsquo;affichage est endommag\u00e9, le remplacer par un c\u00e2ble Lenovo d&rsquo;origine est la solution la plus fiable.<\/p>\n<ul data-start=\"895\" data-end=\"1131\">\n<li data-start=\"895\" data-end=\"941\">\n<p data-start=\"897\" data-end=\"941\"><strong data-start=\"897\" data-end=\"917\">Mod\u00e8le compatible<\/strong>\u00a0: Lenovo ThinkPad L580<\/p>\n<\/li>\n<li data-start=\"942\" data-end=\"974\">\n<p data-start=\"944\" data-end=\"974\"><strong data-start=\"944\" data-end=\"959\">R\u00e9f\u00e9rence<\/strong>\u00a0: DC02C00BG20<\/p>\n<\/li>\n<li data-start=\"975\" data-end=\"1008\">\n<p data-start=\"977\" data-end=\"1008\"><strong data-start=\"977\" data-end=\"985\">Type<\/strong>\u00a0: C\u00e2ble vid\u00e9o LCD EDP<\/p>\n<\/li>\n<li data-start=\"1009\" data-end=\"1075\">\n<p data-start=\"1011\" data-end=\"1075\"><strong data-start=\"1011\" data-end=\"1024\">\u00c9tat<\/strong>\u00a0: Authentique, test\u00e9 et en excellent \u00e9tat de fonctionnement.<\/p>\n<\/li>\n<li data-start=\"1076\" data-end=\"1131\">\n<p data-start=\"1078\" data-end=\"1131\"><strong data-start=\"1078\" data-end=\"1090\">Cat\u00e9gorie<\/strong>\u00a0: Pi\u00e8ces pour ordinateur portable \u2013 \u00c9cran et C\u00e2bles vid\u00e9o<\/p>\n<\/li>\n<\/ul>\n<p data-start=\"1133\" data-end=\"1464\">\u2705 Ce c\u00e2ble de remplacement assure une connexion stable entre la carte m\u00e8re et l&rsquo;\u00e9cran LCD, vous permettant de retrouver une image nette et nette sans erreurs d&rsquo;affichage.<br data-start=\"1279\" data-end=\"1282\" \/>\u2705 Id\u00e9al pour les techniciens, les ateliers de r\u00e9paration ou les particuliers \u00e0 la recherche de <strong data-start=\"1362\" data-end=\"1378\">pi\u00e8ces d\u00e9tach\u00e9es pour ordinateur portable<\/strong> fiables.<br data-start=\"1379\" data-end=\"1382\" \/>\u2705 Toutes les photos de cette annonce sont des <strong data-start=\"1415\" data-end=\"1432\">images r\u00e9elles<\/strong> de la pi\u00e8ce que vous recevrez.<\/p>\n<p data-start=\"1466\" data-end=\"1614\">\u26a0\ufe0f <strong data-start=\"1469\" data-end=\"1477\">Remarque<\/strong>\u00a0: Aucune instruction d&rsquo;installation n&rsquo;est fournie. Si vous avez besoin d&rsquo;aide, n&rsquo;h\u00e9sitez pas \u00e0 nous contacter directement\u00a0; nous nous ferons un plaisir de vous guider.<\/p>\n","protected":false},"excerpt":{"rendered":"<p>C\u00e2ble d&rsquo;affichage vid\u00e9o LCD EDP d&rsquo;origine Lenovo ThinkPad L580 (DC02C00BG20). Pi\u00e8ce d&rsquo;ordinateur portable 100 % authentique, remplacement id\u00e9al pour les c\u00e2bles endommag\u00e9s ou d\u00e9fectueux.<\/p>\n","protected":false},"featured_media":18366,"template":"","meta":[],"product_brand":[],"product_cat":[56],"product_tag":[62],"class_list":{"0":"post-18295","1":"product","2":"type-product","3":"status-publish","4":"has-post-thumbnail","6":"product_cat-cables","7":"product_tag-lenovo","9":"first","10":"instock","11":"taxable","12":"shipping-taxable","13":"purchasable","14":"product-type-simple"},"_links":{"self":[{"href":"https:\/\/boreait.com\/fr\/wp-json\/wp\/v2\/product\/18295","targetHints":{"allow":["GET"]}}],"collection":[{"href":"https:\/\/boreait.com\/fr\/wp-json\/wp\/v2\/product"}],"about":[{"href":"https:\/\/boreait.com\/fr\/wp-json\/wp\/v2\/types\/product"}],"wp:featuredmedia":[{"embeddable":true,"href":"https:\/\/boreait.com\/fr\/wp-json\/wp\/v2\/media\/18366"}],"wp:attachment":[{"href":"https:\/\/boreait.com\/fr\/wp-json\/wp\/v2\/media?parent=18295"}],"wp:term":[{"taxonomy":"product_brand","embeddable":true,"href":"https:\/\/boreait.com\/fr\/wp-json\/wp\/v2\/product_brand?post=18295"},{"taxonomy":"product_cat","embeddable":true,"href":"https:\/\/boreait.com\/fr\/wp-json\/wp\/v2\/product_cat?post=18295"},{"taxonomy":"product_tag","embeddable":true,"href":"https:\/\/boreait.com\/fr\/wp-json\/wp\/v2\/product_tag?post=18295"}],"curies":[{"name":"wp","href":"https:\/\/api.w.org\/{rel}","templated":true}]}}