{"id":18294,"date":"2025-09-16T17:30:12","date_gmt":"2025-09-16T15:30:12","guid":{"rendered":"https:\/\/boreait.com\/fr\/?post_type=product&#038;p=18294"},"modified":"2025-09-16T17:33:03","modified_gmt":"2025-09-16T15:33:03","slug":"cable-daffichage-dell-dc02c00ay10-dorigine-pour-ordinateur-portable-lenovo-thinkpad-l580","status":"publish","type":"product","link":"https:\/\/boreait.com\/fr\/produit\/cable-daffichage-dell-dc02c00ay10-dorigine-pour-ordinateur-portable-lenovo-thinkpad-l580\/","title":{"rendered":"C\u00e2ble d&rsquo;affichage Dell DC02C00AY10 d&rsquo;origine pour ordinateur portable Lenovo ThinkPad L580"},"content":{"rendered":"<p data-start=\"727\" data-end=\"1092\">Le <strong data-start=\"731\" data-end=\"760\">c\u00e2ble d&rsquo;affichage DC02C00AY10<\/strong> est une pi\u00e8ce de rechange d&rsquo;origine con\u00e7ue pour des performances fiables dans les ordinateurs portables <strong data-start=\"856\" data-end=\"880\">Lenovo ThinkPad L580<\/strong>. Si l&rsquo;\u00e9cran de votre ordinateur portable scintille, affiche des lignes ou ne s&rsquo;affiche pas du tout, un c\u00e2ble d&rsquo;affichage d\u00e9fectueux en est souvent la cause. Cette pi\u00e8ce offre l&rsquo;ajustement et la fonction n\u00e9cessaires pour restaurer votre appareil.<\/p>\n<ul data-start=\"1094\" data-end=\"1300\">\n<li data-start=\"1094\" data-end=\"1126\">\n<p data-start=\"1096\" data-end=\"1126\"><strong data-start=\"1096\" data-end=\"1112\">R\u00e9f\u00e9rence\u00a0:<\/strong> DC02C00AY10<\/p>\n<\/li>\n<li data-start=\"1127\" data-end=\"1195\">\n<p data-start=\"1129\" data-end=\"1195\"><strong data-start=\"1129\" data-end=\"1151\">Mod\u00e8les compatibles\u00a0:<\/strong> Lenovo ThinkPad L580<\/p>\n<\/li>\n<li data-start=\"1196\" data-end=\"1252\">\n<p data-start=\"1198\" data-end=\"1252\"><strong data-start=\"1198\" data-end=\"1212\">\u00c9tat\u00a0:<\/strong> Authentique, test\u00e9 et enti\u00e8rement fonctionnel<\/p>\n<\/li>\n<li data-start=\"1253\" data-end=\"1300\">\n<p data-start=\"1255\" data-end=\"1300\"><strong data-start=\"1255\" data-end=\"1268\">Cat\u00e9gorie\u00a0:<\/strong> Pi\u00e8ces d\u00e9tach\u00e9es pour ordinateur portable (c\u00e2bles d&rsquo;\u00e9cran)<\/p>\n<\/li>\n<\/ul>\n<p data-start=\"1302\" data-end=\"1549\">Ce c\u00e2ble d&rsquo;\u00e9cran est id\u00e9al pour les techniciens, les ateliers de r\u00e9paration et les utilisateurs finaux qui ont besoin d&rsquo;un <strong data-start=\"1386\" data-end=\"1423\">Pi\u00e8ce d&rsquo;ordinateur portable fiable et d&rsquo;origine<\/strong> pour le remplacement de l&rsquo;\u00e9cran. Il est exactement conforme aux photos\u00a0; <strong data-start=\"1490\" data-end=\"1546\">les photos repr\u00e9sentent l&rsquo;article r\u00e9el que vous recevrez<\/strong>.<\/p>\n<p data-start=\"1551\" data-end=\"1711\">\u26a0\ufe0f Remarque\u00a0: Nous ne fournissons pas d&rsquo;instructions d&rsquo;installation, mais si vous avez besoin d&rsquo;aide pour d\u00e9terminer la compatibilit\u00e9, n&rsquo;h\u00e9sitez pas \u00e0 <strong data-start=\"1678\" data-end=\"1708\">nous contacter avant l&rsquo;achat<\/strong>.<\/p>\n<p data-start=\"1713\" data-end=\"1880\">\n","protected":false},"excerpt":{"rendered":"<p>Am\u00e9liorez ou r\u00e9parez votre ordinateur portable avec le <strong data-start=\"519\" data-end=\"561\">c\u00e2ble d&rsquo;\u00e9cran Lenovo DC02C00AY10 d&rsquo;origine<\/strong>, compatible avec les mod\u00e8les ThinkPad L580. Pi\u00e8ce 100 % d&rsquo;origine, test\u00e9e et en excellent \u00e9tat de fonctionnement.<\/p>\n","protected":false},"featured_media":18365,"template":"","meta":[],"product_brand":[],"product_cat":[56],"product_tag":[62],"class_list":{"0":"post-18294","1":"product","2":"type-product","3":"status-publish","4":"has-post-thumbnail","6":"product_cat-cables","7":"product_tag-lenovo","9":"first","10":"instock","11":"taxable","12":"shipping-taxable","13":"purchasable","14":"product-type-simple"},"_links":{"self":[{"href":"https:\/\/boreait.com\/fr\/wp-json\/wp\/v2\/product\/18294","targetHints":{"allow":["GET"]}}],"collection":[{"href":"https:\/\/boreait.com\/fr\/wp-json\/wp\/v2\/product"}],"about":[{"href":"https:\/\/boreait.com\/fr\/wp-json\/wp\/v2\/types\/product"}],"wp:featuredmedia":[{"embeddable":true,"href":"https:\/\/boreait.com\/fr\/wp-json\/wp\/v2\/media\/18365"}],"wp:attachment":[{"href":"https:\/\/boreait.com\/fr\/wp-json\/wp\/v2\/media?parent=18294"}],"wp:term":[{"taxonomy":"product_brand","embeddable":true,"href":"https:\/\/boreait.com\/fr\/wp-json\/wp\/v2\/product_brand?post=18294"},{"taxonomy":"product_cat","embeddable":true,"href":"https:\/\/boreait.com\/fr\/wp-json\/wp\/v2\/product_cat?post=18294"},{"taxonomy":"product_tag","embeddable":true,"href":"https:\/\/boreait.com\/fr\/wp-json\/wp\/v2\/product_tag?post=18294"}],"curies":[{"name":"wp","href":"https:\/\/api.w.org\/{rel}","templated":true}]}}