{"id":18293,"date":"2025-09-16T17:30:11","date_gmt":"2025-09-16T15:30:11","guid":{"rendered":"https:\/\/boreait.com\/fr\/?post_type=product&#038;p=18293"},"modified":"2025-09-16T17:32:53","modified_gmt":"2025-09-16T15:32:53","slug":"pave-tactile-et-cable-de-remplacement-pour-lenovo-thinkpad-l580-l590-01lw245-nbx0001l510","status":"publish","type":"product","link":"https:\/\/boreait.com\/fr\/produit\/pave-tactile-et-cable-de-remplacement-pour-lenovo-thinkpad-l580-l590-01lw245-nbx0001l510\/","title":{"rendered":"Pav\u00e9 tactile et c\u00e2ble de remplacement pour Lenovo ThinkPad L580 L590 (01LW245, NBX0001L510)"},"content":{"rendered":"<p data-start=\"630\" data-end=\"898\">Am\u00e9liorez ou r\u00e9parez votre ordinateur portable Lenovo avec ce <strong data-start=\"677\" data-end=\"738\">pav\u00e9 tactile ThinkPad L580 L590 avec c\u00e2ble (01LW245 \/ NBX0001L510)<\/strong>.<br data-start=\"739\" data-end=\"742\" \/>Cette pi\u00e8ce de rechange de haute qualit\u00e9 est con\u00e7ue pour restaurer le fonctionnement optimal de votre pav\u00e9 tactile, garantissant une navigation fluide et des performances fiables.<\/p>\n<p data-start=\"900\" data-end=\"1141\">\u2705 <strong data-start=\"902\" data-end=\"924\">Mod\u00e8les compatibles\u00a0:<\/strong> Lenovo ThinkPad L580, L590<br data-start=\"951\" data-end=\"954\" \/>\u2705 <strong data-start=\"956\" data-end=\"973\">Pi\u00e8ce Num\u00e9ros\u00a0: 01LW245, NBX0001L510<br data-start=\"994\" data-end=\"997\" \/>\u2705 <strong data-start=\"999\" data-end=\"1013\">\u00c9tat\u00a0: Pi\u00e8ce d&rsquo;origine pour ordinateur portable enti\u00e8rement test\u00e9e<br data-start=\"1047\" data-end=\"1050\" \/>\u2705 <strong data-start=\"1052\" data-end=\"1065\">Utilisation\u00a0: Remplacement id\u00e9al pour un c\u00e2ble de pav\u00e9 tactile endommag\u00e9, d\u00e9fectueux ou non r\u00e9actif<\/p>\n<p data-start=\"1143\" data-end=\"1388\">Toutes les photos de cette annonce sont des <strong data-start=\"1174\" data-end=\"1226\">images r\u00e9elles de la pi\u00e8ce que vous recevrez<\/strong>. Vous pouvez donc acheter en toute confiance.<br data-start=\"1259\" data-end=\"1262\" \/>Cet article est une pi\u00e8ce Notre vaste collection de <strong data-start=\"1306\" data-end=\"1322\">pi\u00e8ces d\u00e9tach\u00e9es pour ordinateurs portables<\/strong> pour les mod\u00e8les Lenovo ThinkPad est pr\u00eate \u00e0 \u00eatre exp\u00e9di\u00e9e dans le monde entier.<\/p>\n<p data-start=\"1390\" data-end=\"1546\">\u26a0\ufe0f Remarque\u00a0: cette liste ne comprend pas les instructions d&rsquo;installation. Si vous avez besoin d&rsquo;aide pour le remplacement, n&rsquo;h\u00e9sitez pas \u00e0 nous contacter.<\/p>\n","protected":false},"excerpt":{"rendered":"<p>C\u00e2ble de remplacement d&rsquo;origine pour pav\u00e9 tactile des ordinateurs portables Lenovo ThinkPad L580 et L590. Compatible avec les r\u00e9f\u00e9rences 01LW245 et NBX0001L510. Solution id\u00e9ale pour restaurer l&rsquo;int\u00e9gralit\u00e9 des fonctionnalit\u00e9s du pav\u00e9 tactile.<\/p>\n","protected":false},"featured_media":18358,"template":"","meta":[],"product_brand":[],"product_cat":[52],"product_tag":[62],"class_list":{"0":"post-18293","1":"product","2":"type-product","3":"status-publish","4":"has-post-thumbnail","6":"product_cat-laptop-housing","7":"product_tag-lenovo","9":"first","10":"instock","11":"taxable","12":"shipping-taxable","13":"purchasable","14":"product-type-simple"},"_links":{"self":[{"href":"https:\/\/boreait.com\/fr\/wp-json\/wp\/v2\/product\/18293","targetHints":{"allow":["GET"]}}],"collection":[{"href":"https:\/\/boreait.com\/fr\/wp-json\/wp\/v2\/product"}],"about":[{"href":"https:\/\/boreait.com\/fr\/wp-json\/wp\/v2\/types\/product"}],"wp:featuredmedia":[{"embeddable":true,"href":"https:\/\/boreait.com\/fr\/wp-json\/wp\/v2\/media\/18358"}],"wp:attachment":[{"href":"https:\/\/boreait.com\/fr\/wp-json\/wp\/v2\/media?parent=18293"}],"wp:term":[{"taxonomy":"product_brand","embeddable":true,"href":"https:\/\/boreait.com\/fr\/wp-json\/wp\/v2\/product_brand?post=18293"},{"taxonomy":"product_cat","embeddable":true,"href":"https:\/\/boreait.com\/fr\/wp-json\/wp\/v2\/product_cat?post=18293"},{"taxonomy":"product_tag","embeddable":true,"href":"https:\/\/boreait.com\/fr\/wp-json\/wp\/v2\/product_tag?post=18293"}],"curies":[{"name":"wp","href":"https:\/\/api.w.org\/{rel}","templated":true}]}}