{"id":18286,"date":"2025-09-16T17:29:43","date_gmt":"2025-09-16T15:29:43","guid":{"rendered":"https:\/\/boreait.com\/fr\/?post_type=product&#038;p=18286"},"modified":"2025-09-16T17:32:46","modified_gmt":"2025-09-16T15:32:46","slug":"coque-arriere-de-lecran-lcd-pour-lenovo-thinkpad-l580-ap165000300-pieces-de-rechange-pour-ordinateur-portable","status":"publish","type":"product","link":"https:\/\/boreait.com\/fr\/produit\/coque-arriere-de-lecran-lcd-pour-lenovo-thinkpad-l580-ap165000300-pieces-de-rechange-pour-ordinateur-portable\/","title":{"rendered":"Coque arri\u00e8re de l&rsquo;\u00e9cran LCD pour Lenovo ThinkPad L580 AP165000300 \u2013 Pi\u00e8ces de rechange pour ordinateur portable"},"content":{"rendered":"<p data-start=\"628\" data-end=\"922\">Il s&rsquo;agit d&rsquo;un <strong data-start=\"639\" data-end=\"717\">couvercle sup\u00e9rieur arri\u00e8re de l&rsquo;\u00e9cran LCD d&rsquo;origine Lenovo ThinkPad L580 (num\u00e9ro de pi\u00e8ce AP165000300)<\/strong>, con\u00e7u comme un remplacement de haute qualit\u00e9 pour votre ordinateur portable. Id\u00e9ale pour r\u00e9parer les coques fissur\u00e9es, ray\u00e9es ou endommag\u00e9es, cette pi\u00e8ce permet de restaurer l&rsquo;aspect professionnel et la durabilit\u00e9 de votre ThinkPad.<\/p>\n<p data-start=\"924\" data-end=\"1190\">\u2705 <strong data-start=\"926\" data-end=\"947\">Mod\u00e8le compatible\u00a0:<\/strong> Lenovo ThinkPad L580<br data-start=\"968\" data-end=\"971\" \/>\u2705 <strong data-start=\"973\" data-end=\"989\">R\u00e9f\u00e9rence\u00a0:<\/strong> AP165000300<br data-start=\"1001\" data-end=\"1004\" \/>\u2705 <strong data-start=\"1006\" data-end=\"1019\">Cat\u00e9gorie\u00a0:<\/strong> Pi\u00e8ces pour ordinateur portable \u2013 Coque arri\u00e8re\/coque sup\u00e9rieure de l&rsquo;\u00e9cran LCD<br data-start=\"1061\" data-end=\"1064\" \/>\u2705 <strong data-start=\"1066\" data-end=\"1080\">\u00c9tat\u00a0:<\/strong> Pi\u00e8ce de rechange d&rsquo;origine de haute qualit\u00e9.<br data-start=\"1114\" data-end=\"1117\" \/>\u2705 <strong data-start=\"1119\" data-end=\"1130\">Photos\u00a0:<\/strong> Photos r\u00e9elles du produit\u00a0; vous recevrez exactement ce que vous voyez.<\/p>\n<p data-start=\"1192\" data-end=\"1373\">Cette pi\u00e8ce d\u00e9tach\u00e9e pour ordinateur portable est une excellente solution si la coque arri\u00e8re de votre ordinateur portable est cass\u00e9e ou us\u00e9e. Elle garantit un ajustement parfait, une durabilit\u00e9 optimale et pr\u00e9serve la qualit\u00e9 de fabrication de votre Lenovo ThinkPad.<\/p>\n<p data-start=\"1375\" data-end=\"1501\">Nous ne fournissons pas d&rsquo;instructions d&rsquo;installation \u00e9tape par \u00e9tape, mais si vous avez besoin de conseils suppl\u00e9mentaires, n&rsquo;h\u00e9sitez pas \u00e0 nous contacter directement.<\/p>\n","protected":false},"excerpt":{"rendered":"<p>Coque arri\u00e8re d&rsquo;origine pour \u00e9cran LCD Lenovo ThinkPad L580 (AP165000300). Pi\u00e8ce de rechange de haute qualit\u00e9 pour ordinateur portable, id\u00e9ale pour restaurer l&rsquo;apparence et la durabilit\u00e9 d&rsquo;origine de votre appareil.<\/p>\n","protected":false},"featured_media":18356,"template":"","meta":[],"product_brand":[],"product_cat":[52],"product_tag":[62],"class_list":{"0":"post-18286","1":"product","2":"type-product","3":"status-publish","4":"has-post-thumbnail","6":"product_cat-laptop-housing","7":"product_tag-lenovo","9":"first","10":"instock","11":"taxable","12":"shipping-taxable","13":"purchasable","14":"product-type-simple"},"_links":{"self":[{"href":"https:\/\/boreait.com\/fr\/wp-json\/wp\/v2\/product\/18286","targetHints":{"allow":["GET"]}}],"collection":[{"href":"https:\/\/boreait.com\/fr\/wp-json\/wp\/v2\/product"}],"about":[{"href":"https:\/\/boreait.com\/fr\/wp-json\/wp\/v2\/types\/product"}],"wp:featuredmedia":[{"embeddable":true,"href":"https:\/\/boreait.com\/fr\/wp-json\/wp\/v2\/media\/18356"}],"wp:attachment":[{"href":"https:\/\/boreait.com\/fr\/wp-json\/wp\/v2\/media?parent=18286"}],"wp:term":[{"taxonomy":"product_brand","embeddable":true,"href":"https:\/\/boreait.com\/fr\/wp-json\/wp\/v2\/product_brand?post=18286"},{"taxonomy":"product_cat","embeddable":true,"href":"https:\/\/boreait.com\/fr\/wp-json\/wp\/v2\/product_cat?post=18286"},{"taxonomy":"product_tag","embeddable":true,"href":"https:\/\/boreait.com\/fr\/wp-json\/wp\/v2\/product_tag?post=18286"}],"curies":[{"name":"wp","href":"https:\/\/api.w.org\/{rel}","templated":true}]}}