{"id":18285,"date":"2025-09-16T17:29:43","date_gmt":"2025-09-16T15:29:43","guid":{"rendered":"https:\/\/boreait.com\/fr\/?post_type=product&#038;p=18285"},"modified":"2025-09-16T17:32:39","modified_gmt":"2025-09-16T15:32:39","slug":"carte-reseau-sans-fil-hp-wi-fi-8265ngw-851592-001-dorigine-pour-ordinateur-portable-intel-ac","status":"publish","type":"product","link":"https:\/\/boreait.com\/fr\/produit\/carte-reseau-sans-fil-hp-wi-fi-8265ngw-851592-001-dorigine-pour-ordinateur-portable-intel-ac\/","title":{"rendered":"Carte r\u00e9seau sans fil HP Wi-Fi 8265NGW 851592-001 d&rsquo;origine pour ordinateur portable Intel AC"},"content":{"rendered":"<p data-start=\"523\" data-end=\"848\">Cette <strong data-start=\"528\" data-end=\"599\">carte LAN sans fil HP WiFi 8265NGW authentique (num\u00e9ro de pi\u00e8ce\u00a0: 851592-001)<\/strong> est con\u00e7ue pour offrir une connectivit\u00e9 sans fil fiable et rapide \u00e0 votre ordinateur portable HP. Que vous remplaciez une carte d\u00e9fectueuse ou que vous souhaitiez une mise \u00e0 niveau pour de meilleures performances, cet adaptateur secteur Intel Dual Band garantit une navigation, un streaming et une connectivit\u00e9 fluides.<\/p>\n<ul data-start=\"850\" data-end=\"1124\">\n<li data-start=\"850\" data-end=\"878\">\n<p data-start=\"852\" data-end=\"878\"><strong data-start=\"852\" data-end=\"862\">Mod\u00e8le\u00a0:<\/strong> Intel 8265NGW<\/p>\n<\/li>\n<li data-start=\"879\" data-end=\"913\">\n<p data-start=\"881\" data-end=\"913\"><strong data-start=\"881\" data-end=\"900\">R\u00e9f\u00e9rence HP\u00a0:<\/strong> 851592-001<\/p>\n<\/li>\n<li data-start=\"914\" data-end=\"950\">\n<p data-start=\"916\" data-end=\"950\"><strong data-start=\"916\" data-end=\"925\">Type\u00a0:<\/strong> Carte Wi-Fi LAN sans fil<\/p>\n<\/li>\n<li data-start=\"951\" data-end=\"1045\">\n<p data-start=\"953\" data-end=\"1045\"><strong data-start=\"953\" data-end=\"971\">Compatibilit\u00e9\u00a0:<\/strong> Compatible avec une large gamme d&rsquo;ordinateurs portables HP compatibles avec la norme 8265NGW.<\/p>\n<\/li>\n<li data-start=\"1046\" data-end=\"1124\">\n<p data-start=\"1048\" data-end=\"1124\"><strong data-start=\"1048\" data-end=\"1062\">\u00c9tat\u00a0:<\/strong> Pi\u00e8ce d&rsquo;origine\u00a0; les photos montrent la carte elle-m\u00eame. Vous recevrez<\/p>\n<\/li>\n<\/ul>\n<p data-start=\"1126\" data-end=\"1340\">Cette carte est un <strong data-start=\"1152\" data-end=\"1167\">composant essentiel pour ordinateur portable<\/strong> pour toute personne rencontrant des probl\u00e8mes de Wi-Fi ou ayant besoin d&rsquo;une carte de remplacement fiable. L&rsquo;installation d&rsquo;une carte Wi-Fi d&rsquo;origine permet de pr\u00e9server les performances et la compatibilit\u00e9 d&rsquo;origine de votre ordinateur portable.<\/p>\n<p data-start=\"1342\" data-end=\"1357\">\ud83d\udccc <strong data-start=\"1345\" data-end=\"1355\">Remarques\u00a0:<\/strong><\/p>\n<ul data-start=\"1358\" data-end=\"1517\">\n<li data-start=\"1358\" data-end=\"1449\">\n<p data-start=\"1360\" data-end=\"1449\">Aucune instruction d&rsquo;installation n&rsquo;est fournie, mais vous pouvez nous contacter si vous avez besoin d&rsquo;aide.<\/p>\n<\/li>\n<li data-start=\"1450\" data-end=\"1517\">\n<p data-start=\"1452\" data-end=\"1517\">Les photos pr\u00e9sent\u00e9es sont des images r\u00e9elles du produit que vous utiliserez. recevoir.<\/p>\n<\/li>\n<\/ul>\n","protected":false},"excerpt":{"rendered":"<p>Am\u00e9liorez la connectivit\u00e9 de votre ordinateur portable avec cette carte r\u00e9seau sans fil HP Wi-Fi d&rsquo;origine (8265NGW, 851592-001). Fiable, rapide et id\u00e9ale pour des performances sans fil stables.<\/p>\n","protected":false},"featured_media":18355,"template":"","meta":[],"product_brand":[],"product_cat":[63],"product_tag":[61],"class_list":{"0":"post-18285","1":"product","2":"type-product","3":"status-publish","4":"has-post-thumbnail","6":"product_cat-motherboards-board-parts","7":"product_tag-hp","9":"first","10":"instock","11":"taxable","12":"shipping-taxable","13":"purchasable","14":"product-type-simple"},"_links":{"self":[{"href":"https:\/\/boreait.com\/fr\/wp-json\/wp\/v2\/product\/18285","targetHints":{"allow":["GET"]}}],"collection":[{"href":"https:\/\/boreait.com\/fr\/wp-json\/wp\/v2\/product"}],"about":[{"href":"https:\/\/boreait.com\/fr\/wp-json\/wp\/v2\/types\/product"}],"wp:featuredmedia":[{"embeddable":true,"href":"https:\/\/boreait.com\/fr\/wp-json\/wp\/v2\/media\/18355"}],"wp:attachment":[{"href":"https:\/\/boreait.com\/fr\/wp-json\/wp\/v2\/media?parent=18285"}],"wp:term":[{"taxonomy":"product_brand","embeddable":true,"href":"https:\/\/boreait.com\/fr\/wp-json\/wp\/v2\/product_brand?post=18285"},{"taxonomy":"product_cat","embeddable":true,"href":"https:\/\/boreait.com\/fr\/wp-json\/wp\/v2\/product_cat?post=18285"},{"taxonomy":"product_tag","embeddable":true,"href":"https:\/\/boreait.com\/fr\/wp-json\/wp\/v2\/product_tag?post=18285"}],"curies":[{"name":"wp","href":"https:\/\/api.w.org\/{rel}","templated":true}]}}