{"id":18284,"date":"2025-09-16T17:29:43","date_gmt":"2025-09-16T15:29:43","guid":{"rendered":"https:\/\/boreait.com\/fr\/?post_type=product&#038;p=18284"},"modified":"2025-09-16T17:32:35","modified_gmt":"2025-09-16T15:32:35","slug":"haut-parleurs-internes-pour-ordinateur-portable-lenovo-thinkpad-l580-l590-pk23000q8v0-pieces-dorigine","status":"publish","type":"product","link":"https:\/\/boreait.com\/fr\/produit\/haut-parleurs-internes-pour-ordinateur-portable-lenovo-thinkpad-l580-l590-pk23000q8v0-pieces-dorigine\/","title":{"rendered":"Haut-parleurs internes pour ordinateur portable Lenovo ThinkPad L580 L590 PK23000Q8V0, pi\u00e8ces d&rsquo;origine"},"content":{"rendered":"<p data-start=\"558\" data-end=\"814\">Am\u00e9liorez ou remplacez votre syst\u00e8me audio d\u00e9fectueux avec ces <strong data-start=\"613\" data-end=\"676\">haut-parleurs internes Lenovo ThinkPad L580 \/ L590 PK23000Q8V0 d&rsquo;origine<\/strong>. Con\u00e7ues sp\u00e9cifiquement pour le ThinkPad L580, ces pi\u00e8ces d\u00e9tach\u00e9es pour ordinateur portable offrent un son clair et net, garantissant \u00e0 votre appareil des performances optimales.<\/p>\n<p data-start=\"816\" data-end=\"840\">\u2705 <strong data-start=\"818\" data-end=\"838\">D\u00e9tails du produit\u00a0:<\/strong><\/p>\n<ul data-start=\"841\" data-end=\"1079\">\n<li data-start=\"841\" data-end=\"873\">\n<p data-start=\"843\" data-end=\"873\">R\u00e9f\u00e9rence\u00a0: <strong data-start=\"856\" data-end=\"871\">PK23000Q8V0<\/strong><\/p>\n<\/li>\n<li data-start=\"874\" data-end=\"917\">\n<p data-start=\"876\" data-end=\"917\">Compatibilit\u00e9\u00a0: <strong data-start=\"891\" data-end=\"915\">Lenovo ThinkPad L580 et L590\u00a0<\/strong><\/p>\n<\/li>\n<li data-start=\"918\" data-end=\"976\">\n<p data-start=\"920\" data-end=\"976\">\u00c9tat\u00a0: <strong data-start=\"931\" data-end=\"974\">Authentique, enti\u00e8rement test\u00e9, pr\u00eat \u00e0 installer<\/strong><\/p>\n<\/li>\n<li data-start=\"977\" data-end=\"1015\">\n<p data-start=\"979\" data-end=\"1015\">Type\u00a0: <strong data-start=\"985\" data-end=\"1013\">Haut-parleurs internes pour ordinateur portable<\/strong><\/p>\n<\/li>\n<li data-start=\"1016\" data-end=\"1079\">\n<p data-start=\"1018\" data-end=\"1079\">Les photos pr\u00e9sent\u00e9es sont celles du <strong data-start=\"1042\" data-end=\"1060\">produit r\u00e9el<\/strong> que vous recevrez.<\/p>\n<\/li>\n<\/ul>\n<p data-start=\"1081\" data-end=\"1314\">Ces pi\u00e8ces d\u00e9tach\u00e9es pour ordinateur portable sont id\u00e9ales si vos haut-parleurs actuels produisent un son d\u00e9form\u00e9, tr\u00e8s faible, voire inexistant. En les rempla\u00e7ant par des composants d&rsquo;origine, vous restaurez la qualit\u00e9 audio de votre ThinkPad et prolongez sa dur\u00e9e de vie.<\/p>\n<p data-start=\"1316\" data-end=\"1432\">\ud83d\udca1 <strong data-start=\"1319\" data-end=\"1328\">Remarque\u00a0:<\/strong> Les instructions d&rsquo;installation ne sont pas incluses. Si vous avez besoin d&rsquo;aide, n&rsquo;h\u00e9sitez pas \u00e0 nous contacter directement.<\/p>\n","protected":false},"excerpt":{"rendered":"<p>Haut-parleurs PK23000Q8V0 d&rsquo;origine pour Lenovo ThinkPad L580 et L590. Pi\u00e8ces d&rsquo;ordinateur portable 100 % test\u00e9es et fiables, offrant un son clair. Photos r\u00e9elles de l&rsquo;article que vous recevrez.<\/p>\n","protected":false},"featured_media":18354,"template":"","meta":[],"product_brand":[],"product_cat":[54],"product_tag":[62],"class_list":{"0":"post-18284","1":"product","2":"type-product","3":"status-publish","4":"has-post-thumbnail","6":"product_cat-laptop-speakers","7":"product_tag-lenovo","9":"first","10":"instock","11":"taxable","12":"shipping-taxable","13":"purchasable","14":"product-type-simple"},"_links":{"self":[{"href":"https:\/\/boreait.com\/fr\/wp-json\/wp\/v2\/product\/18284","targetHints":{"allow":["GET"]}}],"collection":[{"href":"https:\/\/boreait.com\/fr\/wp-json\/wp\/v2\/product"}],"about":[{"href":"https:\/\/boreait.com\/fr\/wp-json\/wp\/v2\/types\/product"}],"wp:featuredmedia":[{"embeddable":true,"href":"https:\/\/boreait.com\/fr\/wp-json\/wp\/v2\/media\/18354"}],"wp:attachment":[{"href":"https:\/\/boreait.com\/fr\/wp-json\/wp\/v2\/media?parent=18284"}],"wp:term":[{"taxonomy":"product_brand","embeddable":true,"href":"https:\/\/boreait.com\/fr\/wp-json\/wp\/v2\/product_brand?post=18284"},{"taxonomy":"product_cat","embeddable":true,"href":"https:\/\/boreait.com\/fr\/wp-json\/wp\/v2\/product_cat?post=18284"},{"taxonomy":"product_tag","embeddable":true,"href":"https:\/\/boreait.com\/fr\/wp-json\/wp\/v2\/product_tag?post=18284"}],"curies":[{"name":"wp","href":"https:\/\/api.w.org\/{rel}","templated":true}]}}