{"id":18281,"date":"2025-09-16T17:29:42","date_gmt":"2025-09-16T15:29:42","guid":{"rendered":"https:\/\/boreait.com\/fr\/?post_type=product&#038;p=18281"},"modified":"2025-09-16T17:32:20","modified_gmt":"2025-09-16T15:32:20","slug":"lecteur-de-carte-a-puce-et-cable-pour-ordinateur-portable-lenovo-thinkpad-t440-l580-pk471000c00tsl1","status":"publish","type":"product","link":"https:\/\/boreait.com\/fr\/produit\/lecteur-de-carte-a-puce-et-cable-pour-ordinateur-portable-lenovo-thinkpad-t440-l580-pk471000c00tsl1\/","title":{"rendered":"Lecteur de carte \u00e0 puce et c\u00e2ble pour ordinateur portable Lenovo ThinkPad T440 L580 (PK471000C00TSL1)"},"content":{"rendered":"<p data-start=\"502\" data-end=\"781\">Mettez \u00e0 niveau ou remplacez votre Lenovo ThinkPad T440 L580 avec ce <strong data-start=\"557\" data-end=\"615\">lecteur de carte \u00e0 puce et c\u00e2ble d&rsquo;origine (PK471000C00TSL1)<\/strong>. Cette pi\u00e8ce d&rsquo;origine pour ordinateur portable garantit des performances fiables et une compatibilit\u00e9 avec la s\u00e9rie T440. Id\u00e9al pour restaurer l&rsquo;int\u00e9gralit\u00e9 des fonctionnalit\u00e9s du lecteur de cartes sur votre appareil.<\/p>\n<p data-start=\"783\" data-end=\"806\"><strong data-start=\"783\" data-end=\"804\">Caract\u00e9ristiques du produit\u00a0:<\/strong><\/p>\n<ul data-start=\"807\" data-end=\"995\">\n<li data-start=\"807\" data-end=\"849\">\n<p data-start=\"809\" data-end=\"849\">Mod\u00e8le compatible\u00a0: Lenovo ThinkPad T440 et L580<\/p>\n<\/li>\n<li data-start=\"850\" data-end=\"882\">\n<p data-start=\"852\" data-end=\"882\">R\u00e9f\u00e9rence\u00a0: PK471000C00TSL1<\/p>\n<\/li>\n<li data-start=\"883\" data-end=\"921\">\n<p data-start=\"885\" data-end=\"921\">Type\u00a0: Lecteur de carte \u00e0 puce avec c\u00e2ble<\/p>\n<\/li>\n<li data-start=\"922\" data-end=\"957\">\n<p data-start=\"924\" data-end=\"957\">\u00c9tat\u00a0: Pi\u00e8ce d&rsquo;origine test\u00e9e<\/p>\n<\/li>\n<li data-start=\"958\" data-end=\"995\">\n<p data-start=\"960\" data-end=\"995\">Id\u00e9al pour les r\u00e9parations ou les remplacements<\/p>\n<\/li>\n<\/ul>\n<p data-start=\"997\" data-end=\"1024\"><strong data-start=\"997\" data-end=\"1022\">Pourquoi choisir cette pi\u00e8ce\u00a0?<\/strong><\/p>\n<ul data-start=\"1025\" data-end=\"1281\">\n<li data-start=\"1025\" data-end=\"1091\">\n<p data-start=\"1027\" data-end=\"1091\">Pi\u00e8ce d&rsquo;ordinateur portable Lenovo 100 % authentique pour une compatibilit\u00e9 garantie.<\/p>\n<\/li>\n<li data-start=\"1092\" data-end=\"1159\">\n<p data-start=\"1094\" data-end=\"1159\">Soigneusement test\u00e9 pour garantir son bon fonctionnement avant exp\u00e9dition.<\/p>\n<\/li>\n<li data-start=\"1160\" data-end=\"1228\">\n<p data-start=\"1162\" data-end=\"1228\">Photos r\u00e9elles de l&rsquo;article que vous recevrez\u00a0\u2013 aucune image d&rsquo;archive.<\/p>\n<\/li>\n<li data-start=\"1229\" data-end=\"1281\">\n<p data-start=\"1231\" data-end=\"1281\">Notre engagement envers des pi\u00e8ces d\u00e9tach\u00e9es pour ordinateurs portables de qualit\u00e9<\/p>\n<\/li>\n<\/ul>\n<p data-start=\"1283\" data-end=\"1426\">\ud83d\udd39 Remarque\u00a0: cette annonce ne comprend pas les instructions d&rsquo;installation. Si vous avez besoin d&rsquo;aide, n&rsquo;h\u00e9sitez pas \u00e0 nous contacter\u00a0; nous serons ravis de vous aider.<\/p>\n","protected":false},"excerpt":{"rendered":"<p>Lecteur de carte \u00e0 puce d&rsquo;origine Lenovo ThinkPad T440 et L580 avec c\u00e2ble (PK471000C00TSL1). Pi\u00e8ce test\u00e9e, id\u00e9ale pour remplacer votre ordinateur portable.<\/p>\n","protected":false},"featured_media":18346,"template":"","meta":[],"product_brand":[],"product_cat":[63],"product_tag":[62],"class_list":{"0":"post-18281","1":"product","2":"type-product","3":"status-publish","4":"has-post-thumbnail","6":"product_cat-motherboards-board-parts","7":"product_tag-lenovo","9":"first","10":"instock","11":"taxable","12":"shipping-taxable","13":"purchasable","14":"product-type-simple"},"_links":{"self":[{"href":"https:\/\/boreait.com\/fr\/wp-json\/wp\/v2\/product\/18281","targetHints":{"allow":["GET"]}}],"collection":[{"href":"https:\/\/boreait.com\/fr\/wp-json\/wp\/v2\/product"}],"about":[{"href":"https:\/\/boreait.com\/fr\/wp-json\/wp\/v2\/types\/product"}],"wp:featuredmedia":[{"embeddable":true,"href":"https:\/\/boreait.com\/fr\/wp-json\/wp\/v2\/media\/18346"}],"wp:attachment":[{"href":"https:\/\/boreait.com\/fr\/wp-json\/wp\/v2\/media?parent=18281"}],"wp:term":[{"taxonomy":"product_brand","embeddable":true,"href":"https:\/\/boreait.com\/fr\/wp-json\/wp\/v2\/product_brand?post=18281"},{"taxonomy":"product_cat","embeddable":true,"href":"https:\/\/boreait.com\/fr\/wp-json\/wp\/v2\/product_cat?post=18281"},{"taxonomy":"product_tag","embeddable":true,"href":"https:\/\/boreait.com\/fr\/wp-json\/wp\/v2\/product_tag?post=18281"}],"curies":[{"name":"wp","href":"https:\/\/api.w.org\/{rel}","templated":true}]}}