{"id":18273,"date":"2025-09-16T17:29:17","date_gmt":"2025-09-16T15:29:17","guid":{"rendered":"https:\/\/boreait.com\/fr\/?post_type=product&#038;p=18273"},"modified":"2025-09-16T17:32:14","modified_gmt":"2025-09-16T15:32:14","slug":"carte-audio-usb-pour-ordinateur-portable-lenovo-thinkpad-l580-l590-el580-ns-b462","status":"publish","type":"product","link":"https:\/\/boreait.com\/fr\/produit\/carte-audio-usb-pour-ordinateur-portable-lenovo-thinkpad-l580-l590-el580-ns-b462\/","title":{"rendered":"Carte audio USB pour ordinateur portable Lenovo ThinkPad L580 L590 EL580 NS-B462"},"content":{"rendered":"<p data-start=\"625\" data-end=\"790\">Am\u00e9liorez ou r\u00e9parez votre Lenovo ThinkPad avec cette <strong data-start=\"683\" data-end=\"716\">carte audio USB EL580 NS-B462<\/strong> d&rsquo;origine, con\u00e7ue pour \u00eatre compatible avec les <strong data-start=\"754\" data-end=\"787\">ThinkPad des s\u00e9ries L580 et L590<\/strong>.<\/p>\n<p data-start=\"792\" data-end=\"1004\">Cette carte offre une <strong data-start=\"821\" data-end=\"851\">connectivit\u00e9 USB et audio<\/strong> fiable, garantissant des performances optimales au quotidien. Toutes les pi\u00e8ces sont soigneusement test\u00e9es et photographi\u00e9es, vous recevrez donc exactement le m\u00eame produit que celui pr\u00e9sent\u00e9 dans l&rsquo;annonce.<\/p>\n<p data-start=\"1006\" data-end=\"1028\"><strong data-start=\"1006\" data-end=\"1026\">D\u00e9tails du produit\u00a0:<\/strong><\/p>\n<ul data-start=\"1029\" data-end=\"1299\">\n<li data-start=\"1029\" data-end=\"1079\">\n<p data-start=\"1031\" data-end=\"1079\">Mod\u00e8les compatibles\u00a0: Lenovo ThinkPad L580 \/ L590<\/p>\n<\/li>\n<li data-start=\"1080\" data-end=\"1110\">\n<p data-start=\"1082\" data-end=\"1110\">R\u00e9f\u00e9rence\u00a0: EL580 NS-B462<\/p>\n<\/li>\n<li data-start=\"1111\" data-end=\"1181\">\n<p data-start=\"1113\" data-end=\"1181\">Fonction\u00a0: Module de ports USB et audio pour une connexion fluide des appareils<\/p>\n<\/li>\n<li data-start=\"1182\" data-end=\"1232\">\n<p data-start=\"1184\" data-end=\"1232\">\u00c9tat\u00a0: Pi\u00e8ce d&rsquo;origine, enti\u00e8rement test\u00e9e et fonctionnelle<\/p>\n<\/li>\n<li data-start=\"1233\" data-end=\"1299\">\n<p data-start=\"1235\" data-end=\"1299\">Cat\u00e9gorie\u00a0: <strong data-start=\"1245\" data-end=\"1261\">Pi\u00e8ces d\u00e9tach\u00e9es pour ordinateurs portables<\/strong> \u2013 Id\u00e9ales pour le remplacement ou R\u00e9paration<\/p>\n<\/li>\n<\/ul>\n<p data-start=\"1301\" data-end=\"1449\">\u2714\ufe0f Photos r\u00e9elles de la carte m\u00e8re que vous recevrez.<br data-start=\"1351\" data-end=\"1354\" \/>\u2714\ufe0f Livraison internationale depuis l&rsquo;Europe.<br data-start=\"1387\" data-end=\"1390\" \/>\u2714\ufe0f Besoin d&rsquo;aide\u00a0? N&rsquo;h\u00e9sitez pas \u00e0 nous contacter.<\/p>\n<p data-start=\"1451\" data-end=\"1598\">Cette pi\u00e8ce de rechange de haute qualit\u00e9 est destin\u00e9e aux professionnels, aux ateliers de r\u00e9paration et aux particuliers souhaitant restaurer l&rsquo;int\u00e9gralit\u00e9 des fonctionnalit\u00e9s de leur ThinkPad.<\/p>\n","protected":false},"excerpt":{"rendered":"<p data-start=\"440\" data-end=\"574\">Carte audio USB EL580 NS-B462 de remplacement pour ordinateurs portables Lenovo ThinkPad L580 et L590. Pi\u00e8ce 100 % d&rsquo;origine, test\u00e9e et pr\u00eate \u00e0 l&#8217;emploi.<\/p>\n","protected":false},"featured_media":18345,"template":"","meta":[],"product_brand":[],"product_cat":[63],"product_tag":[62],"class_list":{"0":"post-18273","1":"product","2":"type-product","3":"status-publish","4":"has-post-thumbnail","6":"product_cat-motherboards-board-parts","7":"product_tag-lenovo","9":"first","10":"instock","11":"taxable","12":"shipping-taxable","13":"purchasable","14":"product-type-simple"},"_links":{"self":[{"href":"https:\/\/boreait.com\/fr\/wp-json\/wp\/v2\/product\/18273","targetHints":{"allow":["GET"]}}],"collection":[{"href":"https:\/\/boreait.com\/fr\/wp-json\/wp\/v2\/product"}],"about":[{"href":"https:\/\/boreait.com\/fr\/wp-json\/wp\/v2\/types\/product"}],"wp:featuredmedia":[{"embeddable":true,"href":"https:\/\/boreait.com\/fr\/wp-json\/wp\/v2\/media\/18345"}],"wp:attachment":[{"href":"https:\/\/boreait.com\/fr\/wp-json\/wp\/v2\/media?parent=18273"}],"wp:term":[{"taxonomy":"product_brand","embeddable":true,"href":"https:\/\/boreait.com\/fr\/wp-json\/wp\/v2\/product_brand?post=18273"},{"taxonomy":"product_cat","embeddable":true,"href":"https:\/\/boreait.com\/fr\/wp-json\/wp\/v2\/product_cat?post=18273"},{"taxonomy":"product_tag","embeddable":true,"href":"https:\/\/boreait.com\/fr\/wp-json\/wp\/v2\/product_tag?post=18273"}],"curies":[{"name":"wp","href":"https:\/\/api.w.org\/{rel}","templated":true}]}}