{"id":18269,"date":"2025-09-16T17:29:16","date_gmt":"2025-09-16T15:29:16","guid":{"rendered":"https:\/\/boreait.com\/fr\/?post_type=product&#038;p=18269"},"modified":"2025-09-16T17:31:47","modified_gmt":"2025-09-16T15:31:47","slug":"cadre-de-garniture-avant-en-plastique-pour-hp-elitebook-840-g5-740-g5-745-g5-b-l15506-001","status":"publish","type":"product","link":"https:\/\/boreait.com\/fr\/produit\/cadre-de-garniture-avant-en-plastique-pour-hp-elitebook-840-g5-740-g5-745-g5-b-l15506-001\/","title":{"rendered":"Cadre de garniture avant en plastique pour HP EliteBook 840 G5 740 G5 745 G5 B L15506-001"},"content":{"rendered":"<p data-start=\"538\" data-end=\"807\">Am\u00e9liorez ou r\u00e9parez votre HP EliteBook avec cette <strong data-start=\"584\" data-end=\"608\">pi\u00e8ce d&rsquo;ordinateur portable d&rsquo;origine<\/strong> : le cache de garniture avant (plastique B). Sp\u00e9cialement con\u00e7u pour les <strong data-start=\"677\" data-end=\"720\">HP EliteBook 840 G5, 740 G5 et 745 G5<\/strong>, ce cadre assure un ajustement parfait et redonne \u00e0 votre appareil son aspect professionnel.<\/p>\n<ul data-start=\"809\" data-end=\"1034\">\n<li data-start=\"809\" data-end=\"855\">\n<p data-start=\"811\" data-end=\"855\"><strong data-start=\"811\" data-end=\"828\">R\u00e9f\u00e9rences\u00a0:<\/strong> L15506-001, 6070B1210102<\/p>\n<\/li>\n<li data-start=\"856\" data-end=\"918\">\n<p data-start=\"858\" data-end=\"918\"><strong data-start=\"858\" data-end=\"880\">Mod\u00e8les compatibles\u00a0: HP EliteBook 840 G5, 740 G5, 745 G5<\/p>\n<\/li>\n<li data-start=\"919\" data-end=\"982\">\n<p data-start=\"921\" data-end=\"982\"><strong data-start=\"921\" data-end=\"935\">\u00c9tat\u00a0: Pi\u00e8ce d&rsquo;origine d&rsquo;occasion (photos r\u00e9elles fournies)<\/p>\n<\/li>\n<li data-start=\"983\" data-end=\"1034\">\n<p data-start=\"985\" data-end=\"1034\"><strong data-start=\"985\" data-end=\"998\">Cat\u00e9gorie\u00a0: Pi\u00e8ces pour ordinateur portable \u2013 Panneau avant\/Cadre avant<\/p>\n<\/li>\n<\/ul>\n<p data-start=\"1036\" data-end=\"1211\">Cette lunette de remplacement est id\u00e9ale si votre lunette actuelle est fissur\u00e9e, endommag\u00e9e ou manquante. Toutes les photos pr\u00e9sent\u00e9es repr\u00e9sentent l&rsquo;<strong data-start=\"1149\" data-end=\"1180\">article exact que vous recevrez<\/strong>, garantissant ainsi une transparence totale.<\/p>\n<p style=\"text-align: left;\" data-start=\"1213\" data-end=\"1355\">En cas de doute sur la compatibilit\u00e9 ou si vous avez besoin d&rsquo;aide avant l&rsquo;achat, n&rsquo;h\u00e9sitez pas \u00e0 <strong data-start=\"1307\" data-end=\"1330\">nous contacter directement<\/strong>\u00a0; nous serons ravis de vous aider.<\/p>\n","protected":false},"excerpt":{"rendered":"<p data-start=\"358\" data-end=\"487\">Cadre de protection avant (plastique B) pour ordinateurs portables HP EliteBook 840 G5, 740 G5 et 745 G5. Pi\u00e8ce d&rsquo;origine L15506-001 \/ 6070B1210102.<\/p>\n","protected":false},"featured_media":18334,"template":"","meta":[],"product_brand":[],"product_cat":[52],"product_tag":[61],"class_list":{"0":"post-18269","1":"product","2":"type-product","3":"status-publish","4":"has-post-thumbnail","6":"product_cat-laptop-housing","7":"product_tag-hp","9":"first","10":"instock","11":"taxable","12":"shipping-taxable","13":"purchasable","14":"product-type-simple"},"_links":{"self":[{"href":"https:\/\/boreait.com\/fr\/wp-json\/wp\/v2\/product\/18269","targetHints":{"allow":["GET"]}}],"collection":[{"href":"https:\/\/boreait.com\/fr\/wp-json\/wp\/v2\/product"}],"about":[{"href":"https:\/\/boreait.com\/fr\/wp-json\/wp\/v2\/types\/product"}],"wp:featuredmedia":[{"embeddable":true,"href":"https:\/\/boreait.com\/fr\/wp-json\/wp\/v2\/media\/18334"}],"wp:attachment":[{"href":"https:\/\/boreait.com\/fr\/wp-json\/wp\/v2\/media?parent=18269"}],"wp:term":[{"taxonomy":"product_brand","embeddable":true,"href":"https:\/\/boreait.com\/fr\/wp-json\/wp\/v2\/product_brand?post=18269"},{"taxonomy":"product_cat","embeddable":true,"href":"https:\/\/boreait.com\/fr\/wp-json\/wp\/v2\/product_cat?post=18269"},{"taxonomy":"product_tag","embeddable":true,"href":"https:\/\/boreait.com\/fr\/wp-json\/wp\/v2\/product_tag?post=18269"}],"curies":[{"name":"wp","href":"https:\/\/api.w.org\/{rel}","templated":true}]}}