{"id":18260,"date":"2025-09-16T17:28:53","date_gmt":"2025-09-16T15:28:53","guid":{"rendered":"https:\/\/boreait.com\/fr\/?post_type=product&#038;p=18260"},"modified":"2025-09-16T17:31:27","modified_gmt":"2025-09-16T15:31:27","slug":"pieces-detachees-pour-ordinateur-portable-hp-elitebook-840-845-g5-14-pouces-avec-repose-poignets-et-clavier-l18310-001","status":"publish","type":"product","link":"https:\/\/boreait.com\/fr\/produit\/pieces-detachees-pour-ordinateur-portable-hp-elitebook-840-845-g5-14-pouces-avec-repose-poignets-et-clavier-l18310-001\/","title":{"rendered":"Pi\u00e8ces d\u00e9tach\u00e9es pour ordinateur portable HP EliteBook 840\/845 G5 (14 pouces) avec repose-poignets et clavier (L18310-001)"},"content":{"rendered":"<p data-start=\"579\" data-end=\"739\">Am\u00e9liorez ou r\u00e9parez votre HP EliteBook avec ce <strong data-start=\"634\" data-end=\"708\">repose-poignets et clavier (hors clavier) pour HP EliteBook 840\/845 G5 14,0&Prime; d&rsquo;origine, r\u00e9f\u00e9rence <strong data-start=\"722\" data-end=\"736\">L18310-001<\/strong>.<\/p>\n<p data-start=\"741\" data-end=\"1123\">Ce repose-poignets est sp\u00e9cialement con\u00e7u pour les <strong data-start=\"794\" data-end=\"835\">HP EliteBook 840 G5 et 845 G5<\/strong>. Il sert de protection sup\u00e9rieure autour du clavier, offrant structure, durabilit\u00e9 et finition impeccable \u00e0 votre ordinateur portable. Que votre repose-poignets actuel soit fissur\u00e9, ray\u00e9 ou cass\u00e9, cette pi\u00e8ce de rechange d&rsquo;origine est la solution id\u00e9ale pour restaurer l&rsquo;\u00e9tat de votre appareil. \u00c9tat d&rsquo;origine.<\/p>\n<p data-start=\"1125\" data-end=\"1385\">\u2714 <strong data-start=\"1127\" data-end=\"1149\">Mod\u00e8les compatibles\u00a0:<\/strong> HP EliteBook 840 G5, HP EliteBook 845 G5 (mod\u00e8les 14 pouces)<br data-start=\"1209\" data-end=\"1212\" \/>\u2714 <strong data-start=\"1214\" data-end=\"1230\">R\u00e9f\u00e9rence\u00a0:<\/strong> L18310-001<br data-start=\"1241\" data-end=\"1244\" \/>\u2714 <strong data-start=\"1246\" data-end=\"1260\">\u00c9tat\u00a0:<\/strong> Cadre de repose-poignets de rechange d&rsquo;origine (clavier non inclus)<br data-start=\"1320\" data-end=\"1323\" \/>\u2714 <strong data-start=\"1325\" data-end=\"1338\">Cat\u00e9gorie\u00a0:<\/strong> Pi\u00e8ces pour ordinateur portable \u2013 Repose-poignets \/ capot sup\u00e9rieur<\/p>\n<p data-start=\"1387\" data-end=\"1584\">Cette annonce concerne le cadre du repose-poignets <strong data-start=\"1426\" data-end=\"1434\">uniquement<\/strong>. Le clavier et le pav\u00e9 tactile ne sont pas inclus. Toutes les photos de cette annonce repr\u00e9sentent la pi\u00e8ce que vous recevrez, garantissant transparence et confiance.<\/p>\n<p data-start=\"1586\" data-end=\"1687\">Pour plus d&rsquo;informations sur la compatibilit\u00e9, n&rsquo;h\u00e9sitez pas \u00e0 nous contacter\u00a0; nous serons ravis de vous aider.<\/p>\n","protected":false},"excerpt":{"rendered":"<p>Cadre de clavier repose-poignets d&rsquo;origine pour HP EliteBook 840\/845 G5 14&Prime; (hors clavier), r\u00e9f\u00e9rence L18310-001. Id\u00e9al pour remplacer les pi\u00e8ces endommag\u00e9es ou us\u00e9es de votre ordinateur portable.<\/p>\n","protected":false},"featured_media":18325,"template":"","meta":[],"product_brand":[],"product_cat":[52],"product_tag":[61],"class_list":{"0":"post-18260","1":"product","2":"type-product","3":"status-publish","4":"has-post-thumbnail","6":"product_cat-laptop-housing","7":"product_tag-hp","9":"first","10":"instock","11":"taxable","12":"shipping-taxable","13":"purchasable","14":"product-type-simple"},"_links":{"self":[{"href":"https:\/\/boreait.com\/fr\/wp-json\/wp\/v2\/product\/18260","targetHints":{"allow":["GET"]}}],"collection":[{"href":"https:\/\/boreait.com\/fr\/wp-json\/wp\/v2\/product"}],"about":[{"href":"https:\/\/boreait.com\/fr\/wp-json\/wp\/v2\/types\/product"}],"wp:featuredmedia":[{"embeddable":true,"href":"https:\/\/boreait.com\/fr\/wp-json\/wp\/v2\/media\/18325"}],"wp:attachment":[{"href":"https:\/\/boreait.com\/fr\/wp-json\/wp\/v2\/media?parent=18260"}],"wp:term":[{"taxonomy":"product_brand","embeddable":true,"href":"https:\/\/boreait.com\/fr\/wp-json\/wp\/v2\/product_brand?post=18260"},{"taxonomy":"product_cat","embeddable":true,"href":"https:\/\/boreait.com\/fr\/wp-json\/wp\/v2\/product_cat?post=18260"},{"taxonomy":"product_tag","embeddable":true,"href":"https:\/\/boreait.com\/fr\/wp-json\/wp\/v2\/product_tag?post=18260"}],"curies":[{"name":"wp","href":"https:\/\/api.w.org\/{rel}","templated":true}]}}