{"id":18248,"date":"2025-09-16T17:28:27","date_gmt":"2025-09-16T15:28:27","guid":{"rendered":"https:\/\/boreait.com\/fr\/?post_type=product&#038;p=18248"},"modified":"2025-09-16T17:30:56","modified_gmt":"2025-09-16T15:30:56","slug":"carte-dalimentation-pour-ordinateur-portable-hp-elitebook-840-850-845-740-745-g5-g6-6050a2926001","status":"publish","type":"product","link":"https:\/\/boreait.com\/fr\/produit\/carte-dalimentation-pour-ordinateur-portable-hp-elitebook-840-850-845-740-745-g5-g6-6050a2926001\/","title":{"rendered":"Carte d&rsquo;alimentation pour ordinateur portable HP EliteBook 840 850 845 740 745 G5 G6 6050A2926001"},"content":{"rendered":"<p data-start=\"515\" data-end=\"717\">Ceci est une <strong data-start=\"525\" data-end=\"551\">pi\u00e8ce d&rsquo;origine pour ordinateur portable HP<\/strong>\u00a0: une <strong data-start=\"568\" data-end=\"605\">carte de bouton d&rsquo;alimentation (carte de commutation)<\/strong> de remplacement compatible avec plusieurs mod\u00e8les HP EliteBook, notamment les <strong data-start=\"662\" data-end=\"714\">840 G5\/G6, 850 G5\/G6, 845 G5, 740 G5 et 745 G5<\/strong>.<\/p>\n<ul data-start=\"722\" data-end=\"898\">\n<li data-start=\"722\" data-end=\"755\">\n<p data-start=\"724\" data-end=\"755\"><strong data-start=\"724\" data-end=\"739\">R\u00e9f\u00e9rence<\/strong>\u00a0: 6050A2926001<\/p>\n<\/li>\n<li data-start=\"756\" data-end=\"824\">\n<p data-start=\"758\" data-end=\"824\"><strong data-start=\"758\" data-end=\"771\">\u00c9tat<\/strong>\u00a0: Original, enti\u00e8rement test\u00e9 et en bon \u00e9tat de fonctionnement.<\/p>\n<\/li>\n<li data-start=\"825\" data-end=\"898\">\n<p data-start=\"827\" data-end=\"898\"><strong data-start=\"827\" data-end=\"844\">Compatibilit\u00e9<\/strong>\u00a0: Con\u00e7u pour les ordinateurs portables HP EliteBook des s\u00e9ries G5 et G6.<\/p>\n<\/li>\n<\/ul>\n<p data-start=\"900\" data-end=\"1054\">Que la carte du bouton d&rsquo;alimentation de votre ordinateur portable ne r\u00e9ponde plus, soit endommag\u00e9e ou d\u00e9fectueuse, cette La carte de remplacement garantit un red\u00e9marrage fiable de votre appareil.<\/p>\n<p data-start=\"1056\" data-end=\"1241\">\u2714 Pi\u00e8ce HP 100 % d&rsquo;origine<br data-start=\"1078\" data-end=\"1081\" \/>\u2714 Compatible avec de nombreux mod\u00e8les d&rsquo;EliteBook<br data-start=\"1124\" data-end=\"1127\" \/>\u2714 Id\u00e9al pour la r\u00e9paration et le remplacement des cartes de commutation d\u00e9fectueuses<br data-start=\"1185\" data-end=\"1188\" \/>\u2714 Les photos repr\u00e9sentent la <strong data-start=\"1208\" data-end=\"1222\">pi\u00e8ce exacte<\/strong> que vous recevrez.<\/p>\n<p data-start=\"1243\" data-end=\"1407\"><strong data-start=\"1243\" data-end=\"1258\">Remarque<\/strong>\u00a0: Cette annonce concerne uniquement la carte du bouton d&rsquo;alimentation. Les instructions d&rsquo;installation ne sont pas incluses, mais si vous avez besoin d&rsquo;aide, n&rsquo;h\u00e9sitez pas \u00e0 nous envoyer un message.<\/p>\n","protected":false},"excerpt":{"rendered":"<p data-start=\"316\" data-end=\"466\">Carte de bouton d&rsquo;alimentation de remplacement pour ordinateur portable HP EliteBook s\u00e9ries 840, 850, 845, 740 et 745 G5\/G6. Pi\u00e8ce d&rsquo;origine, test\u00e9e et en bon \u00e9tat de fonctionnement.<\/p>\n","protected":false},"featured_media":18313,"template":"","meta":[],"product_brand":[],"product_cat":[63],"product_tag":[61],"class_list":{"0":"post-18248","1":"product","2":"type-product","3":"status-publish","4":"has-post-thumbnail","6":"product_cat-motherboards-board-parts","7":"product_tag-hp","9":"first","10":"instock","11":"taxable","12":"shipping-taxable","13":"purchasable","14":"product-type-simple"},"_links":{"self":[{"href":"https:\/\/boreait.com\/fr\/wp-json\/wp\/v2\/product\/18248","targetHints":{"allow":["GET"]}}],"collection":[{"href":"https:\/\/boreait.com\/fr\/wp-json\/wp\/v2\/product"}],"about":[{"href":"https:\/\/boreait.com\/fr\/wp-json\/wp\/v2\/types\/product"}],"wp:featuredmedia":[{"embeddable":true,"href":"https:\/\/boreait.com\/fr\/wp-json\/wp\/v2\/media\/18313"}],"wp:attachment":[{"href":"https:\/\/boreait.com\/fr\/wp-json\/wp\/v2\/media?parent=18248"}],"wp:term":[{"taxonomy":"product_brand","embeddable":true,"href":"https:\/\/boreait.com\/fr\/wp-json\/wp\/v2\/product_brand?post=18248"},{"taxonomy":"product_cat","embeddable":true,"href":"https:\/\/boreait.com\/fr\/wp-json\/wp\/v2\/product_cat?post=18248"},{"taxonomy":"product_tag","embeddable":true,"href":"https:\/\/boreait.com\/fr\/wp-json\/wp\/v2\/product_tag?post=18248"}],"curies":[{"name":"wp","href":"https:\/\/api.w.org\/{rel}","templated":true}]}}