{"id":18246,"date":"2025-09-16T17:28:26","date_gmt":"2025-09-16T15:28:26","guid":{"rendered":"https:\/\/boreait.com\/fr\/?post_type=product&#038;p=18246"},"modified":"2025-09-16T17:30:50","modified_gmt":"2025-09-16T15:30:50","slug":"haut-parleur-pour-hp-elitebook-840-g5-g6-845-740-745-pieces-de-rechange-dorigine-pour-ordinateur-portable-ls-ps1714","status":"publish","type":"product","link":"https:\/\/boreait.com\/fr\/produit\/haut-parleur-pour-hp-elitebook-840-g5-g6-845-740-745-pieces-de-rechange-dorigine-pour-ordinateur-portable-ls-ps1714\/","title":{"rendered":"Haut-parleur pour HP EliteBook 840 G5 G6 845 740 745 | Pi\u00e8ces de rechange d&rsquo;origine pour ordinateur portable LS-PS1714"},"content":{"rendered":"<p data-start=\"647\" data-end=\"882\">Redonnez vie \u00e0 votre HP EliteBook 840 G5 G6 845 740 745 avec cet authentique <strong data-start=\"709\" data-end=\"743\">ensemble de haut-parleurs de remplacement pour ordinateur portable<\/strong>. Id\u00e9als pour corriger un son faible, d\u00e9form\u00e9 ou non fonctionnel, ces haut-parleurs sont des pi\u00e8ces d&rsquo;origine con\u00e7ues pour s&rsquo;int\u00e9grer parfaitement \u00e0 votre appareil.<\/p>\n<p data-start=\"884\" data-end=\"907\"><strong data-start=\"884\" data-end=\"905\">Caract\u00e9ristiques du produit\u00a0:<\/strong><\/p>\n<ul data-start=\"908\" data-end=\"1150\">\n<li data-start=\"908\" data-end=\"955\">\n<p data-start=\"910\" data-end=\"955\">\u2705 Mod\u00e8le compatible\u00a0: HP EliteBook 840 G5 G6 845 740 745<\/p>\n<\/li>\n<li data-start=\"956\" data-end=\"993\">\n<p data-start=\"958\" data-end=\"993\">\u2705 Comprend\u00a0: LS-PS1714<\/p>\n<\/li>\n<li data-start=\"994\" data-end=\"1047\">\n<p data-start=\"996\" data-end=\"1047\">\u2705 Pi\u00e8ces d&rsquo;origine pour ordinateur portable HP\u00a0: fiables et durables<\/p>\n<\/li>\n<li data-start=\"1048\" data-end=\"1088\">\n<p data-start=\"1050\" data-end=\"1088\">\u2705 Qualit\u00e9 et performances test\u00e9es<\/p>\n<\/li>\n<li data-start=\"1089\" data-end=\"1150\">\n<p data-start=\"1091\" data-end=\"1150\">\u2705 Installation facile par un professionnel ou un utilisateur exp\u00e9riment\u00e9<\/p>\n<\/li>\n<\/ul>\n<p data-start=\"1152\" data-end=\"1297\">Cet ensemble d&rsquo;enceintes est id\u00e9al pour Les utilisateurs souhaitant retrouver les <strong data-start=\"1212\" data-end=\"1246\">performances audio claires et nettes<\/strong> de leur EliteBook sans compromettre la qualit\u00e9.<\/p>\n<p data-start=\"1299\" data-end=\"1321\"><strong data-start=\"1299\" data-end=\"1319\">Pourquoi acheter chez nous\u00a0?<\/strong><\/p>\n<ul data-start=\"1322\" data-end=\"1548\">\n<li data-start=\"1322\" data-end=\"1387\">\n<p data-start=\"1324\" data-end=\"1387\">Toutes les photos pr\u00e9sent\u00e9es sont celles des <strong data-start=\"1352\" data-end=\"1385\">pi\u00e8ces que vous recevrez<\/strong><\/p>\n<\/li>\n<li data-start=\"1388\" data-end=\"1442\">\n<p data-start=\"1390\" data-end=\"1442\">Pi\u00e8ces de rechange d&rsquo;origine pour ordinateur portable, s\u00e9lectionn\u00e9es avec soin.<\/p>\n<\/li>\n<li data-start=\"1443\" data-end=\"1480\">\n<p data-start=\"1445\" data-end=\"1480\">Exp\u00e9dition dans un emballage s\u00e9curis\u00e9 dans le monde entier.<\/p>\n<\/li>\n<li data-start=\"1481\" data-end=\"1548\">\n<p data-start=\"1483\" data-end=\"1548\">Besoin de conseils ou de questions\u00a0? N&rsquo;h\u00e9sitez pas \u00e0 nous contacter.<\/p>\n<\/li>\n<\/ul>\n<p data-start=\"1550\" data-end=\"1703\">Am\u00e9liorez le syst\u00e8me audio de votre ordinateur portable d\u00e8s aujourd&rsquo;hui avec des haut-parleurs HP EliteBook 840 G5 G6 845 740 745 authentiques\u00a0: la solution fiable pour un appareil comme neuf. encore.<\/p>\n","protected":false},"excerpt":{"rendered":"<p>Ensemble de haut-parleurs de remplacement d&rsquo;origine pour HP EliteBook 840 G5 G6 845 740 745. Pi\u00e8ce de haute qualit\u00e9 pour ordinateur portable, con\u00e7ue pour restituer un son clair et \u00e9quilibr\u00e9. Test\u00e9 et authentique, livr\u00e9 dans le monde entier avec photos du produit.<\/p>\n","protected":false},"featured_media":18311,"template":"","meta":[],"product_brand":[],"product_cat":[54],"product_tag":[61],"class_list":{"0":"post-18246","1":"product","2":"type-product","3":"status-publish","4":"has-post-thumbnail","6":"product_cat-laptop-speakers","7":"product_tag-hp","9":"first","10":"instock","11":"taxable","12":"shipping-taxable","13":"purchasable","14":"product-type-simple"},"_links":{"self":[{"href":"https:\/\/boreait.com\/fr\/wp-json\/wp\/v2\/product\/18246","targetHints":{"allow":["GET"]}}],"collection":[{"href":"https:\/\/boreait.com\/fr\/wp-json\/wp\/v2\/product"}],"about":[{"href":"https:\/\/boreait.com\/fr\/wp-json\/wp\/v2\/types\/product"}],"wp:featuredmedia":[{"embeddable":true,"href":"https:\/\/boreait.com\/fr\/wp-json\/wp\/v2\/media\/18311"}],"wp:attachment":[{"href":"https:\/\/boreait.com\/fr\/wp-json\/wp\/v2\/media?parent=18246"}],"wp:term":[{"taxonomy":"product_brand","embeddable":true,"href":"https:\/\/boreait.com\/fr\/wp-json\/wp\/v2\/product_brand?post=18246"},{"taxonomy":"product_cat","embeddable":true,"href":"https:\/\/boreait.com\/fr\/wp-json\/wp\/v2\/product_cat?post=18246"},{"taxonomy":"product_tag","embeddable":true,"href":"https:\/\/boreait.com\/fr\/wp-json\/wp\/v2\/product_tag?post=18246"}],"curies":[{"name":"wp","href":"https:\/\/api.w.org\/{rel}","templated":true}]}}