{"id":18234,"date":"2025-09-16T17:28:02","date_gmt":"2025-09-16T15:28:02","guid":{"rendered":"https:\/\/boreait.com\/fr\/?post_type=product&#038;p=18234"},"modified":"2025-09-16T17:30:18","modified_gmt":"2025-09-16T15:30:18","slug":"clavier-allemand-pour-ordinateur-portable-dell-latitude-e6420-nsk-dv0bc-0416g","status":"publish","type":"product","link":"https:\/\/boreait.com\/fr\/produit\/clavier-allemand-pour-ordinateur-portable-dell-latitude-e6420-nsk-dv0bc-0416g\/","title":{"rendered":"Clavier allemand pour ordinateur portable Dell Latitude E6420 (NSK-DV0BC 0416G)"},"content":{"rendered":"<p data-start=\"606\" data-end=\"799\">Ce <strong data-start=\"611\" data-end=\"658\">clavier allemand pour Dell Latitude E6420<\/strong> (r\u00e9f\u00e9rences NSK-DV0BC, 0416G, CN-00416G) est une pi\u00e8ce de rechange de haute qualit\u00e9 con\u00e7ue pour restaurer toutes les fonctionnalit\u00e9s de votre ordinateur portable.<\/p>\n<p data-start=\"801\" data-end=\"822\">\u2705 <strong data-start=\"803\" data-end=\"820\">Caract\u00e9ristiques principales\u00a0:<\/strong><\/p>\n<ul data-start=\"823\" data-end=\"1090\">\n<li data-start=\"823\" data-end=\"869\">\n<p data-start=\"825\" data-end=\"869\">Compatible avec la s\u00e9rie Dell Latitude E6420<\/p>\n<\/li>\n<li data-start=\"870\" data-end=\"948\">\n<p data-start=\"872\" data-end=\"948\">Disposition allemande\/allemande<\/p>\n<\/li>\n<li data-start=\"870\" data-end=\"948\">\n<p data-start=\"872\" data-end=\"948\">R\u00e9f\u00e9rences de pi\u00e8ces d&rsquo;origine\u00a0: NSK-DV0BC, 0G0416G, CN-00416G<\/p>\n<\/li>\n<li data-start=\"1006\" data-end=\"1052\">\n<p data-start=\"1008\" data-end=\"1052\">Conception robuste pour des performances durables<\/p>\n<\/li>\n<li data-start=\"1053\" data-end=\"1090\">\n<p data-start=\"1055\" data-end=\"1090\">Ajustement parfait et installation facile<\/p>\n<\/li>\n<\/ul>\n<p data-start=\"1092\" data-end=\"1220\">Ce clavier de remplacement est id\u00e9al si votre clavier d&rsquo;origine Latitude E6420 est endommag\u00e9, s&rsquo;il manque des touches ou s&rsquo;il ne r\u00e9pond plus.<\/p>\n<p data-start=\"1222\" data-end=\"1243\">\ud83d\udca1 <strong data-start=\"1225\" data-end=\"1241\">Remarque\u00a0:<\/strong><\/p>\n<ul data-start=\"1244\" data-end=\"1431\">\n<li data-start=\"1244\" data-end=\"1336\">\n<p data-start=\"1246\" data-end=\"1336\">Les instructions d&rsquo;installation ne sont pas incluses. Si vous avez besoin d&rsquo;aide, n&rsquo;h\u00e9sitez pas \u00e0 nous contacter.<\/p>\n<\/li>\n<li data-start=\"1337\" data-end=\"1431\">\n<p data-start=\"1339\" data-end=\"1431\">Toutes les photos de cette annonce sont des <strong data-start=\"1370\" data-end=\"1385\">images r\u00e9elles<\/strong> des pi\u00e8ces d\u00e9tach\u00e9es de votre ordinateur portable.<\/p>\n<\/li>\n<\/ul>\n<p data-start=\"1433\" data-end=\"1602\">Que vous r\u00e9pariez ou mettiez \u00e0 niveau votre ordinateur portable, ce clavier allemand d&rsquo;origine garantira une frappe fluide et un aspect professionnel \u00e0 votre Dell Latitude E6420.<\/p>\n","protected":false},"excerpt":{"rendered":"<p>Am\u00e9liorez votre Dell Latitude E6420 avec ce clavier allemand d&rsquo;origine (NSK-DV0BC \/ 0416G). Pi\u00e8ce de rechange id\u00e9ale pour une frappe fluide et des performances fiables.<\/p>\n","protected":false},"featured_media":18297,"template":"","meta":[],"product_brand":[],"product_cat":[71],"product_tag":[53],"class_list":{"0":"post-18234","1":"product","2":"type-product","3":"status-publish","4":"has-post-thumbnail","6":"product_cat-laptop-keyboard","7":"product_tag-dell","9":"first","10":"instock","11":"taxable","12":"shipping-taxable","13":"purchasable","14":"product-type-simple"},"_links":{"self":[{"href":"https:\/\/boreait.com\/fr\/wp-json\/wp\/v2\/product\/18234","targetHints":{"allow":["GET"]}}],"collection":[{"href":"https:\/\/boreait.com\/fr\/wp-json\/wp\/v2\/product"}],"about":[{"href":"https:\/\/boreait.com\/fr\/wp-json\/wp\/v2\/types\/product"}],"wp:featuredmedia":[{"embeddable":true,"href":"https:\/\/boreait.com\/fr\/wp-json\/wp\/v2\/media\/18297"}],"wp:attachment":[{"href":"https:\/\/boreait.com\/fr\/wp-json\/wp\/v2\/media?parent=18234"}],"wp:term":[{"taxonomy":"product_brand","embeddable":true,"href":"https:\/\/boreait.com\/fr\/wp-json\/wp\/v2\/product_brand?post=18234"},{"taxonomy":"product_cat","embeddable":true,"href":"https:\/\/boreait.com\/fr\/wp-json\/wp\/v2\/product_cat?post=18234"},{"taxonomy":"product_tag","embeddable":true,"href":"https:\/\/boreait.com\/fr\/wp-json\/wp\/v2\/product_tag?post=18234"}],"curies":[{"name":"wp","href":"https:\/\/api.w.org\/{rel}","templated":true}]}}