{"id":18233,"date":"2025-09-16T17:28:01","date_gmt":"2025-09-16T15:28:01","guid":{"rendered":"https:\/\/boreait.com\/fr\/?post_type=product&#038;p=18233"},"modified":"2025-09-16T17:30:04","modified_gmt":"2025-09-16T15:30:04","slug":"cache-metallique-inferieur-dorigine-pour-ordinateur-portable-dell-latitude-e6420-025v3n-am0fd000600","status":"publish","type":"product","link":"https:\/\/boreait.com\/fr\/produit\/cache-metallique-inferieur-dorigine-pour-ordinateur-portable-dell-latitude-e6420-025v3n-am0fd000600\/","title":{"rendered":"Cache m\u00e9tallique inf\u00e9rieur d&rsquo;origine pour ordinateur portable Dell Latitude E6420 (025V3N AM0FD000600)"},"content":{"rendered":"<p data-start=\"536\" data-end=\"758\">Ceci est un <strong data-start=\"547\" data-end=\"603\">cache inf\u00e9rieur m\u00e9tallique d&rsquo;origine pour Dell Latitude E6420<\/strong>, r\u00e9f\u00e9rence <strong data-start=\"617\" data-end=\"641\">025V3N \/ AM0FD000600<\/strong>. Ce composant Dell d&rsquo;origine est con\u00e7u pour s&rsquo;adapter parfaitement \u00e0 votre ordinateur portable et lui redonner son aspect d&rsquo;origine et sa durabilit\u00e9.<\/p>\n<p data-start=\"760\" data-end=\"1004\">Fabriqu\u00e9 en m\u00e9tal robuste, ce cache inf\u00e9rieur prot\u00e8ge les composants internes de votre Dell Latitude E6420, garantissant s\u00e9curit\u00e9 et stabilit\u00e9. C&rsquo;est une excellente option de remplacement si votre panneau inf\u00e9rieur actuel est cass\u00e9, ray\u00e9 ou manquant.<\/p>\n<p data-start=\"1006\" data-end=\"1028\"><strong data-start=\"1006\" data-end=\"1026\">D\u00e9tails du produit\u00a0:<\/strong><\/p>\n<ul data-start=\"1029\" data-end=\"1258\">\n<li data-start=\"1029\" data-end=\"1074\">\n<p data-start=\"1031\" data-end=\"1074\"><strong data-start=\"1031\" data-end=\"1052\">Mod\u00e8le compatible\u00a0:<\/strong> Dell Latitude E6420<\/p>\n<\/li>\n<li data-start=\"1075\" data-end=\"1116\">\n<p data-start=\"1077\" data-end=\"1116\"><strong data-start=\"1077\" data-end=\"1094\">R\u00e9f\u00e9rences\u00a0: 025V3N, AM0FD000600<\/p>\n<\/li>\n<li data-start=\"1117\" data-end=\"1161\">\n<p data-start=\"1119\" data-end=\"1161\"><strong data-start=\"1119\" data-end=\"1132\">Mat\u00e9riau\u00a0: Construction m\u00e9tallique robuste<\/p>\n<\/li>\n<li data-start=\"1162\" data-end=\"1200\">\n<p data-start=\"1164\" data-end=\"1200\"><strong data-start=\"1164\" data-end=\"1178\">\u00c9tat\u00a0: Original et test\u00e9<\/p>\n<\/li>\n<li data-start=\"1201\" data-end=\"1258\">\n<p data-start=\"1203\" data-end=\"1258\"><strong data-start=\"1203\" data-end=\"1216\">Cat\u00e9gorie\u00a0:<\/strong> Pi\u00e8ces pour ordinateur portable \u2013 Cache inf\u00e9rieur \/ Porte de base<\/p>\n<\/li>\n<\/ul>\n<p data-start=\"1260\" data-end=\"1453\">\u2714 Photos r\u00e9elles pr\u00e9sent\u00e9es\u00a0; vous recevrez exactement la pi\u00e8ce illustr\u00e9e.<br data-start=\"1323\" data-end=\"1326\" \/>\u2714 Livraison internationale disponible depuis notre boutique.<br data-start=\"1372\" data-end=\"1375\" \/>\u2714 Si vous avez besoin d&rsquo;aide pour identifier la pi\u00e8ce, n&rsquo;h\u00e9sitez pas \u00e0 nous contacter.<\/p>\n<p data-start=\"1455\" data-end=\"1586\"><strong data-start=\"1455\" data-end=\"1464\">Remarque\u00a0:<\/strong> Les instructions d&rsquo;installation ne sont pas incluses. Si vous avez besoin d\u2019aide, vous pouvez nous contacter et nous serons heureux de vous guider.<\/p>\n","protected":false},"excerpt":{"rendered":"<p>Gardez votre Dell Latitude E6420 prot\u00e9g\u00e9 et complet avec cette porte de protection inf\u00e9rieure en m\u00e9tal d&rsquo;origine (num\u00e9ro de pi\u00e8ce 025V3N \/ AM0FD000600). 100% authentique et test\u00e9, remplacement id\u00e9al pour les pi\u00e8ces d&rsquo;ordinateur portable endommag\u00e9es ou manquantes.<\/p>\n","protected":false},"featured_media":18291,"template":"","meta":[],"product_brand":[],"product_cat":[52],"product_tag":[53],"class_list":{"0":"post-18233","1":"product","2":"type-product","3":"status-publish","4":"has-post-thumbnail","6":"product_cat-laptop-housing","7":"product_tag-dell","9":"first","10":"instock","11":"taxable","12":"shipping-taxable","13":"purchasable","14":"product-type-simple"},"_links":{"self":[{"href":"https:\/\/boreait.com\/fr\/wp-json\/wp\/v2\/product\/18233","targetHints":{"allow":["GET"]}}],"collection":[{"href":"https:\/\/boreait.com\/fr\/wp-json\/wp\/v2\/product"}],"about":[{"href":"https:\/\/boreait.com\/fr\/wp-json\/wp\/v2\/types\/product"}],"wp:featuredmedia":[{"embeddable":true,"href":"https:\/\/boreait.com\/fr\/wp-json\/wp\/v2\/media\/18291"}],"wp:attachment":[{"href":"https:\/\/boreait.com\/fr\/wp-json\/wp\/v2\/media?parent=18233"}],"wp:term":[{"taxonomy":"product_brand","embeddable":true,"href":"https:\/\/boreait.com\/fr\/wp-json\/wp\/v2\/product_brand?post=18233"},{"taxonomy":"product_cat","embeddable":true,"href":"https:\/\/boreait.com\/fr\/wp-json\/wp\/v2\/product_cat?post=18233"},{"taxonomy":"product_tag","embeddable":true,"href":"https:\/\/boreait.com\/fr\/wp-json\/wp\/v2\/product_tag?post=18233"}],"curies":[{"name":"wp","href":"https:\/\/api.w.org\/{rel}","templated":true}]}}