{"id":18224,"date":"2025-09-16T17:27:38","date_gmt":"2025-09-16T15:27:38","guid":{"rendered":"https:\/\/boreait.com\/fr\/?post_type=product&#038;p=18224"},"modified":"2025-09-16T17:29:52","modified_gmt":"2025-09-16T15:29:52","slug":"module-bluetooth-owjcjd-pour-ordinateur-portable-dell-latitude-e4310-e6410-e5410-e6510-m4500-e6520-e6420","status":"publish","type":"product","link":"https:\/\/boreait.com\/fr\/produit\/module-bluetooth-owjcjd-pour-ordinateur-portable-dell-latitude-e4310-e6410-e5410-e6510-m4500-e6520-e6420\/","title":{"rendered":"Module Bluetooth OWJCJD pour ordinateur portable Dell Latitude E4310 E6410 E5410 E6510 M4500 E6520 E6420"},"content":{"rendered":"<p data-start=\"497\" data-end=\"763\">Mettez \u00e0 niveau votre Dell Latitude avec ce <strong data-start=\"534\" data-end=\"569\">module Bluetooth authentique OWJCJD<\/strong>, con\u00e7u pour une connectivit\u00e9 sans fil transparente. Cette pi\u00e8ce de rechange est compatible avec une large gamme de mod\u00e8les Dell Latitude, notamment les mod\u00e8les <strong data-start=\"705\" data-end=\"760\">E4310, E6410, E5410, E6510, M4500, E6520 et E6420<\/strong>.<\/p>\n<p data-start=\"765\" data-end=\"923\">Que vous remplaciez un module d\u00e9fectueux ou que vous ajoutiez une fonctionnalit\u00e9 Bluetooth, ce composant garantit des performances stables et une int\u00e9gration facile avec votre ordinateur portable.<\/p>\n<p data-start=\"925\" data-end=\"949\">\u2714 <strong data-start=\"927\" data-end=\"947\">D\u00e9tails du produit\u00a0:<\/strong><\/p>\n<ul data-start=\"950\" data-end=\"1247\">\n<li data-start=\"950\" data-end=\"984\">\n<p data-start=\"952\" data-end=\"984\">Mod\u00e8le\u00a0: Module Bluetooth OWJCJD<\/p>\n<\/li>\n<li data-start=\"985\" data-end=\"1067\">\n<p data-start=\"987\" data-end=\"1067\">Compatible avec\u00a0: Dell Latitude E4310, E6410, E5410, E6510, M4500, E6520, E6420<\/p>\n<\/li>\n<li data-start=\"1068\" data-end=\"1130\">\n<p data-start=\"1070\" data-end=\"1130\">Fonction\u00a0: Ajoute ou r\u00e9tablit la connectivit\u00e9 sans fil Bluetooth<\/p>\n<\/li>\n<li data-start=\"1131\" data-end=\"1182\">\n<p data-start=\"1133\" data-end=\"1182\">\u00c9tat\u00a0: Pi\u00e8ce d\u2019ordinateur portable test\u00e9e et enti\u00e8rement fonctionnelle.<\/p>\n<\/li>\n<li data-start=\"1183\" data-end=\"1247\">\n<p data-start=\"1185\" data-end=\"1247\">Id\u00e9al pour la r\u00e9paration ou le remplacement de mat\u00e9riel Bluetooth d\u00e9fectueux.<\/p>\n<\/li>\n<\/ul>\n<p data-start=\"1249\" data-end=\"1463\">Remarque\u00a0: les instructions d\u2019installation ne sont pas incluses. Si vous avez besoin d\u2019aide, n\u2019h\u00e9sitez pas \u00e0 nous contacter.<br data-start=\"1352\" data-end=\"1355\" \/>Les photos de l\u2019annonce repr\u00e9sentent la <strong data-start=\"1388\" data-end=\"1420\">pi\u00e8ce r\u00e9elle que vous recevrez<\/strong>, vous permettant ainsi de savoir exactement ce que vous achetez.<\/p>\n<p data-start=\"1465\" data-end=\"1558\">Il s\u2019agit d\u2019une pi\u00e8ce fiable. <strong data-start=\"1484\" data-end=\"1499\">pi\u00e8ce pour ordinateur portable<\/strong> pour maintenir votre Dell Latitude \u00e0 jour et connect\u00e9.<\/p>\n","protected":false},"excerpt":{"rendered":"<p>Module Bluetooth Dell d&rsquo;origine OWJCJD compatible avec plusieurs ordinateurs portables de la s\u00e9rie Latitude. Une connectivit\u00e9 fiable pour votre appareil.<\/p>\n","protected":false},"featured_media":18288,"template":"","meta":[],"product_brand":[],"product_cat":[63],"product_tag":[53],"class_list":{"0":"post-18224","1":"product","2":"type-product","3":"status-publish","4":"has-post-thumbnail","6":"product_cat-motherboards-board-parts","7":"product_tag-dell","9":"first","10":"instock","11":"taxable","12":"shipping-taxable","13":"purchasable","14":"product-type-simple"},"_links":{"self":[{"href":"https:\/\/boreait.com\/fr\/wp-json\/wp\/v2\/product\/18224","targetHints":{"allow":["GET"]}}],"collection":[{"href":"https:\/\/boreait.com\/fr\/wp-json\/wp\/v2\/product"}],"about":[{"href":"https:\/\/boreait.com\/fr\/wp-json\/wp\/v2\/types\/product"}],"wp:featuredmedia":[{"embeddable":true,"href":"https:\/\/boreait.com\/fr\/wp-json\/wp\/v2\/media\/18288"}],"wp:attachment":[{"href":"https:\/\/boreait.com\/fr\/wp-json\/wp\/v2\/media?parent=18224"}],"wp:term":[{"taxonomy":"product_brand","embeddable":true,"href":"https:\/\/boreait.com\/fr\/wp-json\/wp\/v2\/product_brand?post=18224"},{"taxonomy":"product_cat","embeddable":true,"href":"https:\/\/boreait.com\/fr\/wp-json\/wp\/v2\/product_cat?post=18224"},{"taxonomy":"product_tag","embeddable":true,"href":"https:\/\/boreait.com\/fr\/wp-json\/wp\/v2\/product_tag?post=18224"}],"curies":[{"name":"wp","href":"https:\/\/api.w.org\/{rel}","templated":true}]}}