{"id":18223,"date":"2025-09-16T17:27:38","date_gmt":"2025-09-16T15:27:38","guid":{"rendered":"https:\/\/boreait.com\/fr\/?post_type=product&#038;p=18223"},"modified":"2025-09-16T17:29:46","modified_gmt":"2025-09-16T15:29:46","slug":"carte-de-commutation-multimedia-avec-cable-pour-ordinateur-portable-dell-latitude-e6420-ls-6593p-4ghgp","status":"publish","type":"product","link":"https:\/\/boreait.com\/fr\/produit\/carte-de-commutation-multimedia-avec-cable-pour-ordinateur-portable-dell-latitude-e6420-ls-6593p-4ghgp\/","title":{"rendered":"Carte de commutation multim\u00e9dia avec c\u00e2ble pour ordinateur portable Dell Latitude E6420 LS-6593P (4GHGP)"},"content":{"rendered":"<p data-start=\"583\" data-end=\"873\">Mettez \u00e0 niveau ou r\u00e9parez votre Dell Latitude E6420 avec cette <strong data-start=\"636\" data-end=\"700\">carte de commutation de bouton multim\u00e9dia LS-6593P d&rsquo;origine (r\u00e9f\u00e9rence 4GHGP)<\/strong>, compl\u00e8te avec c\u00e2ble. Cette pi\u00e8ce d&rsquo;origine pour ordinateur portable Dell garantit le bon fonctionnement de vos boutons multim\u00e9dias, offrant des performances fiables et une compatibilit\u00e9 avec votre syst\u00e8me.<\/p>\n<p data-start=\"875\" data-end=\"899\">\u2705 <strong data-start=\"877\" data-end=\"897\">D\u00e9tails du produit\u00a0:<\/strong><\/p>\n<ul data-start=\"900\" data-end=\"1145\">\n<li data-start=\"900\" data-end=\"930\">\n<p data-start=\"902\" data-end=\"930\">Mod\u00e8le\u00a0: Dell Latitude E6420<\/p>\n<\/li>\n<li data-start=\"931\" data-end=\"964\">\n<p data-start=\"933\" data-end=\"964\">R\u00e9f\u00e9rence\u00a0: LS-6593P \/ 4GHGP<\/p>\n<\/li>\n<li data-start=\"965\" data-end=\"1011\">\n<p data-start=\"967\" data-end=\"1011\">Type\u00a0: Carte de commutation multim\u00e9dia avec c\u00e2ble<\/p>\n<\/li>\n<li data-start=\"1012\" data-end=\"1065\">\n<p data-start=\"1014\" data-end=\"1065\">\u00c9tat\u00a0: Original, test\u00e9 et enti\u00e8rement fonctionnel<\/p>\n<\/li>\n<li data-start=\"1066\" data-end=\"1145\">\n<p data-start=\"1068\" data-end=\"1145\">Compatibilit\u00e9\u00a0: Con\u00e7u sp\u00e9cifiquement pour les ordinateurs portables Dell Latitude s\u00e9rie E6420<\/p>\n<\/li>\n<\/ul>\n<p data-start=\"1147\" data-end=\"1172\">\ud83d\udd39 <strong data-start=\"1150\" data-end=\"1170\">Pourquoi acheter chez Nous\u00a0?<\/strong><\/p>\n<ul data-start=\"1173\" data-end=\"1334\">\n<li data-start=\"1173\" data-end=\"1209\">\n<p data-start=\"1175\" data-end=\"1209\">Pi\u00e8ces d&rsquo;ordinateur portable Dell 100\u00a0% authentiques<\/p>\n<\/li>\n<li data-start=\"1210\" data-end=\"1266\">\n<p data-start=\"1212\" data-end=\"1266\">Les photos pr\u00e9sent\u00e9es repr\u00e9sentent l&rsquo;article que vous recevrez.<\/p>\n<\/li>\n<li data-start=\"1267\" data-end=\"1301\">\n<p data-start=\"1269\" data-end=\"1301\">Qualit\u00e9 test\u00e9e avant exp\u00e9dition.<\/p>\n<\/li>\n<li data-start=\"1302\" data-end=\"1334\">\n<p data-start=\"1304\" data-end=\"1334\">Livraison internationale disponible<\/p>\n<\/li>\n<\/ul>\n<p data-start=\"1336\" data-end=\"1497\">\u2139\ufe0f Remarque\u00a0: les instructions d&rsquo;installation ne sont pas incluses. Pour toute question concernant la compatibilit\u00e9 ou toute question concernant cette pi\u00e8ce, n&rsquo;h\u00e9sitez pas \u00e0 nous contacter.<\/p>\n<p data-start=\"1499\" data-end=\"1646\">C&rsquo;est un excellent choix si vous devez remplacer une carte de commutation de boutons multim\u00e9dia d\u00e9fectueuse et restaurer toutes les fonctionnalit\u00e9s de votre Dell Latitude E6420.<\/p>\n","protected":false},"excerpt":{"rendered":"<p>Carte de commutation multim\u00e9dia Dell Latitude E6420 LS-6593P d&rsquo;origine avec c\u00e2ble (4GHGP). Test\u00e9e \u00e0 100 % et en bon \u00e9tat de fonctionnement. Pi\u00e8ce d&rsquo;origine pour ordinateur portable\u00a0\u2013 photos de l&rsquo;article incluses.<\/p>\n","protected":false},"featured_media":18287,"template":"","meta":[],"product_brand":[],"product_cat":[63],"product_tag":[53],"class_list":{"0":"post-18223","1":"product","2":"type-product","3":"status-publish","4":"has-post-thumbnail","6":"product_cat-motherboards-board-parts","7":"product_tag-dell","9":"first","10":"instock","11":"taxable","12":"shipping-taxable","13":"purchasable","14":"product-type-simple"},"_links":{"self":[{"href":"https:\/\/boreait.com\/fr\/wp-json\/wp\/v2\/product\/18223","targetHints":{"allow":["GET"]}}],"collection":[{"href":"https:\/\/boreait.com\/fr\/wp-json\/wp\/v2\/product"}],"about":[{"href":"https:\/\/boreait.com\/fr\/wp-json\/wp\/v2\/types\/product"}],"wp:featuredmedia":[{"embeddable":true,"href":"https:\/\/boreait.com\/fr\/wp-json\/wp\/v2\/media\/18287"}],"wp:attachment":[{"href":"https:\/\/boreait.com\/fr\/wp-json\/wp\/v2\/media?parent=18223"}],"wp:term":[{"taxonomy":"product_brand","embeddable":true,"href":"https:\/\/boreait.com\/fr\/wp-json\/wp\/v2\/product_brand?post=18223"},{"taxonomy":"product_cat","embeddable":true,"href":"https:\/\/boreait.com\/fr\/wp-json\/wp\/v2\/product_cat?post=18223"},{"taxonomy":"product_tag","embeddable":true,"href":"https:\/\/boreait.com\/fr\/wp-json\/wp\/v2\/product_tag?post=18223"}],"curies":[{"name":"wp","href":"https:\/\/api.w.org\/{rel}","templated":true}]}}