{"id":18222,"date":"2025-09-16T17:27:37","date_gmt":"2025-09-16T15:27:37","guid":{"rendered":"https:\/\/boreait.com\/fr\/?post_type=product&#038;p=18222"},"modified":"2025-09-16T17:29:39","modified_gmt":"2025-09-16T15:29:39","slug":"carte-wi-fi-sans-fil-3g-wcdma-mini-pcie-pour-ordinateur-portable-dell-ericsson-dw5550-2xgnj","status":"publish","type":"product","link":"https:\/\/boreait.com\/fr\/produit\/carte-wi-fi-sans-fil-3g-wcdma-mini-pcie-pour-ordinateur-portable-dell-ericsson-dw5550-2xgnj\/","title":{"rendered":"Carte Wi-Fi sans fil 3G WCDMA Mini PCIe pour ordinateur portable Dell Ericsson DW5550 2XGNJ"},"content":{"rendered":"<p data-start=\"444\" data-end=\"764\">Am\u00e9liorez ou remplacez la connectivit\u00e9 sans fil de votre ordinateur portable avec la <strong data-start=\"508\" data-end=\"573\">carte mini-PCIe sans fil 3G WCDMA Dell Ericsson DW5550 (2XGNJ)<\/strong>.<br data-start=\"574\" data-end=\"577\" \/>Cette pi\u00e8ce d&rsquo;origine pour ordinateur portable est con\u00e7ue pour offrir des performances stables en haut d\u00e9bit mobile et en Wi-Fi, ce qui en fait une option fiable pour restaurer les fonctionnalit\u00e9s r\u00e9seau des ordinateurs portables Dell compatibles.<\/p>\n<p data-start=\"766\" data-end=\"785\"><strong data-start=\"766\" data-end=\"783\">Principales caract\u00e9ristiques\u00a0:<\/strong><\/p>\n<ul data-start=\"786\" data-end=\"1016\">\n<li data-start=\"786\" data-end=\"816\">\n<p data-start=\"788\" data-end=\"816\">Mod\u00e8le\u00a0: <strong data-start=\"795\" data-end=\"814\">Ericsson DW5550<\/strong><\/p>\n<\/li>\n<li data-start=\"817\" data-end=\"848\">\n<p data-start=\"819\" data-end=\"848\">R\u00e9f\u00e9rence Dell\u00a0: <strong data-start=\"837\" data-end=\"846\">2XGNJ<\/strong><\/p>\n<\/li>\n<li data-start=\"849\" data-end=\"895\">\n<p data-start=\"851\" data-end=\"895\">Type\u00a0: <strong data-start=\"857\" data-end=\"893\">Carte sans fil 3G WCDMA Mini-PCIe<\/strong><\/p>\n<\/li>\n<li data-start=\"896\" data-end=\"961\">\n<p data-start=\"898\" data-end=\"961\">Fonction\u00a0: Compatible avec le <strong data-start=\"917\" data-end=\"959\">haut d\u00e9bit mobile et la connectivit\u00e9 Wi-Fi<\/strong><\/p>\n<\/li>\n<li data-start=\"962\" data-end=\"1016\">\n<p data-start=\"964\" data-end=\"1016\">Id\u00e9al pour le <strong data-start=\"974\" data-end=\"1002\">remplacement ou la mise \u00e0 niveau de pi\u00e8ces d&rsquo;ordinateur portable<\/strong><\/p>\n<\/li>\n<\/ul>\n<p data-start=\"1018\" data-end=\"1052\"><strong data-start=\"1018\" data-end=\"1050\">Pourquoi choisir cette pi\u00e8ce d&rsquo;ordinateur portable\u00a0?<\/strong><\/p>\n<ul data-start=\"1053\" data-end=\"1335\">\n<li data-start=\"1053\" data-end=\"1122\">\n<p data-start=\"1055\" data-end=\"1122\">Composant Dell Ericsson d&rsquo;origine pour la compatibilit\u00e9 et la fiabilit\u00e9<\/p>\n<\/li>\n<li data-start=\"1123\" data-end=\"1192\">\n<p data-start=\"1125\" data-end=\"1192\">Id\u00e9al pour r\u00e9soudre les probl\u00e8mes de connectivit\u00e9 ou mettre \u00e0 niveau des syst\u00e8mes plus anciens<\/p>\n<\/li>\n<li data-start=\"1193\" data-end=\"1262\">\n<p data-start=\"1195\" data-end=\"1262\">Format Mini-PCIe compact, facile \u00e0 int\u00e9grer dans les ordinateurs portables compatibles<\/p>\n<\/li>\n<li data-start=\"1263\" data-end=\"1335\">\n<p data-start=\"1265\" data-end=\"1335\">Les photos de l&rsquo;annonce sont r\u00e9elles\u00a0; vous Recevez exactement ce que vous voyez.<\/p>\n<\/li>\n<\/ul>\n<p data-start=\"1337\" data-end=\"1512\">Si vous avez besoin d&rsquo;aide pour d\u00e9terminer la compatibilit\u00e9, n&rsquo;h\u00e9sitez pas \u00e0 nous contacter. Bien que les guides d&rsquo;installation ne soient pas inclus, nous restons \u00e0 votre disposition pour toute question concernant les produits.<\/p>\n","protected":false},"excerpt":{"rendered":"<p>Carte sans fil 3G WCDMA Mini-PCIe Dell Ericsson DW5550 (2XGNJ), pi\u00e8ce d&rsquo;ordinateur portable id\u00e9ale pour restaurer ou mettre \u00e0 niveau la connectivit\u00e9 mobile.<\/p>\n","protected":false},"featured_media":18280,"template":"","meta":[],"product_brand":[],"product_cat":[63],"product_tag":[53],"class_list":{"0":"post-18222","1":"product","2":"type-product","3":"status-publish","4":"has-post-thumbnail","6":"product_cat-motherboards-board-parts","7":"product_tag-dell","9":"first","10":"instock","11":"taxable","12":"shipping-taxable","13":"purchasable","14":"product-type-simple"},"_links":{"self":[{"href":"https:\/\/boreait.com\/fr\/wp-json\/wp\/v2\/product\/18222","targetHints":{"allow":["GET"]}}],"collection":[{"href":"https:\/\/boreait.com\/fr\/wp-json\/wp\/v2\/product"}],"about":[{"href":"https:\/\/boreait.com\/fr\/wp-json\/wp\/v2\/types\/product"}],"wp:featuredmedia":[{"embeddable":true,"href":"https:\/\/boreait.com\/fr\/wp-json\/wp\/v2\/media\/18280"}],"wp:attachment":[{"href":"https:\/\/boreait.com\/fr\/wp-json\/wp\/v2\/media?parent=18222"}],"wp:term":[{"taxonomy":"product_brand","embeddable":true,"href":"https:\/\/boreait.com\/fr\/wp-json\/wp\/v2\/product_brand?post=18222"},{"taxonomy":"product_cat","embeddable":true,"href":"https:\/\/boreait.com\/fr\/wp-json\/wp\/v2\/product_cat?post=18222"},{"taxonomy":"product_tag","embeddable":true,"href":"https:\/\/boreait.com\/fr\/wp-json\/wp\/v2\/product_tag?post=18222"}],"curies":[{"name":"wp","href":"https:\/\/api.w.org\/{rel}","templated":true}]}}