{"id":18214,"date":"2025-09-16T17:27:13","date_gmt":"2025-09-16T15:27:13","guid":{"rendered":"https:\/\/boreait.com\/fr\/?post_type=product&#038;p=18214"},"modified":"2025-09-16T17:29:35","modified_gmt":"2025-09-16T15:29:35","slug":"carte-wi-fi-sans-fil-intel-centrino-advanced-n-6205-62205anhmw-pcie-pour-ordinateur-portable","status":"publish","type":"product","link":"https:\/\/boreait.com\/fr\/produit\/carte-wi-fi-sans-fil-intel-centrino-advanced-n-6205-62205anhmw-pcie-pour-ordinateur-portable\/","title":{"rendered":"Carte Wi-Fi sans fil Intel Centrino Advanced-N 6205 (62205ANHMW PCIe) pour ordinateur portable"},"content":{"rendered":"<p data-start=\"542\" data-end=\"842\">Am\u00e9liorez ou restaurez les performances sans fil de votre ordinateur portable avec la <strong data-start=\"605\" data-end=\"684\">carte PCI Express sans fil Intel Centrino Advanced-N 6205 (mod\u00e8le 62205ANHMW)<\/strong>.<br data-start=\"685\" data-end=\"688\" \/>Ce module Intel d&rsquo;origine offre une <strong data-start=\"723\" data-end=\"769\">connectivit\u00e9 Wi-Fi rapide, stable et s\u00e9curis\u00e9e<\/strong>, ce qui en fait un remplacement fiable pour les cartes sans fil d\u00e9fectueuses ou manquantes.<\/p>\n<p data-start=\"844\" data-end=\"863\"><strong data-start=\"844\" data-end=\"861\">Principales caract\u00e9ristiques\u00a0:<\/strong><\/p>\n<ul data-start=\"864\" data-end=\"1206\">\n<li data-start=\"864\" data-end=\"922\">\n<p data-start=\"866\" data-end=\"922\"><strong data-start=\"866\" data-end=\"876\">Mod\u00e8le\u00a0:<\/strong> Intel Centrino Advanced-N 6205 (62205ANHMW)<\/p>\n<\/li>\n<li data-start=\"923\" data-end=\"973\">\n<p data-start=\"925\" data-end=\"973\"><strong data-start=\"925\" data-end=\"939\">Interface\u00a0:<\/strong> Carte mini PCI Express demi-format<\/p>\n<\/li>\n<li data-start=\"974\" data-end=\"1018\">\n<p data-start=\"976\" data-end=\"1018\"><strong data-start=\"976\" data-end=\"998\">Prise en charge bi-bande\u00a0:<\/strong> 2,4\u00a0GHz et 5 GHz<\/p>\n<\/li>\n<li data-start=\"1019\" data-end=\"1065\">\n<p data-start=\"1021\" data-end=\"1065\"><strong data-start=\"1021\" data-end=\"1038\">D\u00e9bits jusqu&rsquo;\u00e0\u00a0:<\/strong> 300 Mbit\/s (802.11a\/b\/g\/n)<\/p>\n<\/li>\n<li data-start=\"1066\" data-end=\"1149\">\n<p data-start=\"1068\" data-end=\"1149\"><strong data-start=\"1068\" data-end=\"1086\">Compatibilit\u00e9\u00a0:<\/strong> Compatible avec de nombreuses marques d&rsquo;ordinateurs portables prenant en charge les modules Wi-Fi PCIe.<\/p>\n<\/li>\n<li data-start=\"1150\" data-end=\"1206\">\n<p data-start=\"1152\" data-end=\"1206\"><strong data-start=\"1152\" data-end=\"1166\">\u00c9tat\u00a0:<\/strong> Pi\u00e8ce d&rsquo;occasion d&rsquo;origine, test\u00e9e et fonctionnelle.<\/p>\n<\/li>\n<\/ul>\n<p data-start=\"1208\" data-end=\"1334\">Cette carte sans fil est un <strong data-start=\"1243\" data-end=\"1258\">composant essentiel pour ordinateur portable<\/strong> pour les utilisateurs recherchant des performances r\u00e9seau fiables sans dongles externes.<\/p>\n<p data-start=\"1336\" data-end=\"1363\"><strong data-start=\"1336\" data-end=\"1361\">Pourquoi choisir cette pi\u00e8ce\u00a0?<\/strong><\/p>\n<ul data-start=\"1364\" data-end=\"1539\">\n<li data-start=\"1364\" data-end=\"1437\">\n<p data-start=\"1366\" data-end=\"1437\">Compact et performant, con\u00e7u pour les ordinateurs portables \u00e9quip\u00e9s d&#8217;emplacements pour mini-cartes PCIe.<\/p>\n<\/li>\n<li data-start=\"1438\" data-end=\"1493\">\n<p data-start=\"1440\" data-end=\"1493\">Compatible avec les syst\u00e8mes d&rsquo;exploitation Windows et Linux.<\/p>\n<\/li>\n<li data-start=\"1494\" data-end=\"1539\">\n<p data-start=\"1496\" data-end=\"1539\">Installation facile par un technicien qualifi\u00e9.<\/p>\n<\/li>\n<\/ul>\n<p data-start=\"1541\" data-end=\"1739\">\ud83d\udd39 Remarque\u00a0: Nous ne fournissons pas d&rsquo;instructions d&rsquo;installation \u00e9tape par \u00e9tape, mais si vous avez besoin de conseils, n&rsquo;h\u00e9sitez pas \u00e0 nous contacter.<br data-start=\"1662\" data-end=\"1665\" \/>\ud83d\udd39 Les photos de cette liste sont celles de la carte Intel que vous recevrez.<\/p>\n","protected":false},"excerpt":{"rendered":"<p>Carte Wi-Fi Intel Centrino Advanced-N 6205 fiable (62205ANHMW). Module PCIe compact, id\u00e9al pour restaurer la connectivit\u00e9 sans fil des ordinateurs portables.<\/p>\n","protected":false},"featured_media":18279,"template":"","meta":[],"product_brand":[],"product_cat":[63],"product_tag":[53],"class_list":{"0":"post-18214","1":"product","2":"type-product","3":"status-publish","4":"has-post-thumbnail","6":"product_cat-motherboards-board-parts","7":"product_tag-dell","9":"first","10":"instock","11":"taxable","12":"shipping-taxable","13":"purchasable","14":"product-type-simple"},"_links":{"self":[{"href":"https:\/\/boreait.com\/fr\/wp-json\/wp\/v2\/product\/18214","targetHints":{"allow":["GET"]}}],"collection":[{"href":"https:\/\/boreait.com\/fr\/wp-json\/wp\/v2\/product"}],"about":[{"href":"https:\/\/boreait.com\/fr\/wp-json\/wp\/v2\/types\/product"}],"wp:featuredmedia":[{"embeddable":true,"href":"https:\/\/boreait.com\/fr\/wp-json\/wp\/v2\/media\/18279"}],"wp:attachment":[{"href":"https:\/\/boreait.com\/fr\/wp-json\/wp\/v2\/media?parent=18214"}],"wp:term":[{"taxonomy":"product_brand","embeddable":true,"href":"https:\/\/boreait.com\/fr\/wp-json\/wp\/v2\/product_brand?post=18214"},{"taxonomy":"product_cat","embeddable":true,"href":"https:\/\/boreait.com\/fr\/wp-json\/wp\/v2\/product_cat?post=18214"},{"taxonomy":"product_tag","embeddable":true,"href":"https:\/\/boreait.com\/fr\/wp-json\/wp\/v2\/product_tag?post=18214"}],"curies":[{"name":"wp","href":"https:\/\/api.w.org\/{rel}","templated":true}]}}