{"id":18213,"date":"2025-09-16T17:27:13","date_gmt":"2025-09-16T15:27:13","guid":{"rendered":"https:\/\/boreait.com\/fr\/?post_type=product&#038;p=18213"},"modified":"2025-09-16T17:29:32","modified_gmt":"2025-09-16T15:29:32","slug":"carte-modem-dorigine-pour-ordinateur-portable-dell-latitude-e6420-cn-0yw011","status":"publish","type":"product","link":"https:\/\/boreait.com\/fr\/produit\/carte-modem-dorigine-pour-ordinateur-portable-dell-latitude-e6420-cn-0yw011\/","title":{"rendered":"Carte modem d&rsquo;origine pour ordinateur portable Dell Latitude E6420 CN-0YW011"},"content":{"rendered":"<p data-start=\"550\" data-end=\"777\">Il s&rsquo;agit d&rsquo;une <strong data-start=\"560\" data-end=\"612\">carte modem authentique pour Dell Latitude 14&Prime; E6420<\/strong> portant la r\u00e9f\u00e9rence <strong data-start=\"630\" data-end=\"643\">CN-0YW011<\/strong>. Con\u00e7ue sp\u00e9cifiquement pour la s\u00e9rie Latitude E6420, elle offre une connectivit\u00e9 fiable et garantit la compatibilit\u00e9 avec votre appareil.<\/p>\n<ul data-start=\"779\" data-end=\"1028\">\n<li data-start=\"779\" data-end=\"821\">\n<p data-start=\"781\" data-end=\"821\"><strong data-start=\"781\" data-end=\"799\">Marque\/Mod\u00e8le\u00a0:<\/strong> Dell Latitude E6420<\/p>\n<\/li>\n<li data-start=\"822\" data-end=\"852\">\n<p data-start=\"824\" data-end=\"852\"><strong data-start=\"824\" data-end=\"840\">R\u00e9f\u00e9rence\u00a0: CN-0YW011<\/p>\n<\/li>\n<li data-start=\"853\" data-end=\"892\">\n<p data-start=\"855\" data-end=\"892\"><strong data-start=\"855\" data-end=\"864\">Type\u00a0: Carte modem d&rsquo;origine<\/p>\n<\/li>\n<li data-start=\"893\" data-end=\"965\">\n<p data-start=\"895\" data-end=\"965\"><strong data-start=\"895\" data-end=\"909\">\u00c9tat\u00a0: Pi\u00e8ce d&rsquo;origine pour ordinateur portable, test\u00e9e et en bon \u00e9tat de fonctionnement.<\/p>\n<\/li>\n<li data-start=\"966\" data-end=\"1028\">\n<p data-start=\"968\" data-end=\"1028\"><strong data-start=\"968\" data-end=\"986\">Compatibilit\u00e9\u00a0:<\/strong> Con\u00e7u pour les mod\u00e8les Dell Latitude 14&Prime; E6420<\/p>\n<\/li>\n<\/ul>\n<p data-start=\"1030\" data-end=\"1234\">Chez <strong data-start=\"1033\" data-end=\"1047\">Siggmo<\/strong>, nous sommes sp\u00e9cialis\u00e9s dans les <strong data-start=\"1079\" data-end=\"1095\">pi\u00e8ces d\u00e9tach\u00e9es pour ordinateurs portables<\/strong> de haute qualit\u00e9 pour les r\u00e9parations et les remplacements. Toutes les photos de cette annonce sont des images r\u00e9elles de la carte modem que vous recevrez\u00a0; aucune image d&rsquo;archive n&rsquo;est disponible.<\/p>\n<p data-start=\"1236\" data-end=\"1393\">\ud83d\udccc Remarque\u00a0: Nous ne fournissons pas d&rsquo;instructions d&rsquo;installation, mais si vous avez besoin de conseils ou si vous avez des questions sur la compatibilit\u00e9, n&rsquo;h\u00e9sitez pas \u00e0 nous contacter.<\/p>\n<p data-start=\"1395\" data-end=\"1544\">Cette carte modem Dell d&rsquo;origine est la solution de remplacement id\u00e9ale si votre pi\u00e8ce actuelle est d\u00e9fectueuse, garantissant ainsi le bon fonctionnement de votre ordinateur portable.<\/p>\n","protected":false},"excerpt":{"rendered":"<p>Carte modem d&rsquo;origine pour Dell Latitude E6420 14&Prime; (CN-0YW011). Pi\u00e8ce d&rsquo;ordinateur portable 100 % d&rsquo;origine, test\u00e9e et en \u00e9tat de fonctionnement. Photos du produit.<\/p>\n","protected":false},"featured_media":18278,"template":"","meta":[],"product_brand":[],"product_cat":[63],"product_tag":[53],"class_list":{"0":"post-18213","1":"product","2":"type-product","3":"status-publish","4":"has-post-thumbnail","6":"product_cat-motherboards-board-parts","7":"product_tag-dell","9":"first","10":"instock","11":"taxable","12":"shipping-taxable","13":"purchasable","14":"product-type-simple"},"_links":{"self":[{"href":"https:\/\/boreait.com\/fr\/wp-json\/wp\/v2\/product\/18213","targetHints":{"allow":["GET"]}}],"collection":[{"href":"https:\/\/boreait.com\/fr\/wp-json\/wp\/v2\/product"}],"about":[{"href":"https:\/\/boreait.com\/fr\/wp-json\/wp\/v2\/types\/product"}],"wp:featuredmedia":[{"embeddable":true,"href":"https:\/\/boreait.com\/fr\/wp-json\/wp\/v2\/media\/18278"}],"wp:attachment":[{"href":"https:\/\/boreait.com\/fr\/wp-json\/wp\/v2\/media?parent=18213"}],"wp:term":[{"taxonomy":"product_brand","embeddable":true,"href":"https:\/\/boreait.com\/fr\/wp-json\/wp\/v2\/product_brand?post=18213"},{"taxonomy":"product_cat","embeddable":true,"href":"https:\/\/boreait.com\/fr\/wp-json\/wp\/v2\/product_cat?post=18213"},{"taxonomy":"product_tag","embeddable":true,"href":"https:\/\/boreait.com\/fr\/wp-json\/wp\/v2\/product_tag?post=18213"}],"curies":[{"name":"wp","href":"https:\/\/api.w.org\/{rel}","templated":true}]}}