{"id":18203,"date":"2025-09-16T17:26:49","date_gmt":"2025-09-16T15:26:49","guid":{"rendered":"https:\/\/boreait.com\/fr\/?post_type=product&#038;p=18203"},"modified":"2025-09-16T17:29:14","modified_gmt":"2025-09-16T15:29:14","slug":"carte-mere-atg-pour-ordinateur-portable-dell-latitude-e6420-1fgh6-cn-a10a29","status":"publish","type":"product","link":"https:\/\/boreait.com\/fr\/produit\/carte-mere-atg-pour-ordinateur-portable-dell-latitude-e6420-1fgh6-cn-a10a29\/","title":{"rendered":"Carte m\u00e8re ATG pour ordinateur portable Dell Latitude E6420 1FGH6 CN-A10A29"},"content":{"rendered":"<p data-start=\"446\" data-end=\"714\">Mettez \u00e0 niveau ou r\u00e9parez votre ordinateur portable Dell Latitude E6420 avec cette authentique <strong data-start=\"514\" data-end=\"565\">carte \u00e0 puce (num\u00e9ro de pi\u00e8ce\u00a0: 1FGH6, CN-A10A29)<\/strong>. Cette carte m\u00e8re est sp\u00e9cialement con\u00e7ue pour les mod\u00e8les Dell Latitude E6420 et E6420 ATG, garantissant une compatibilit\u00e9 totale et des performances fiables.<\/p>\n<p data-start=\"716\" data-end=\"739\">\u2705 <strong data-start=\"718\" data-end=\"737\">D\u00e9tails du produit<\/strong><\/p>\n<ul data-start=\"740\" data-end=\"968\">\n<li data-start=\"740\" data-end=\"799\">\n<p data-start=\"742\" data-end=\"799\"><strong data-start=\"742\" data-end=\"766\">Mod\u00e8les compatibles\u00a0:<\/strong> Dell Latitude E6420, E6420 ATG<\/p>\n<\/li>\n<li data-start=\"800\" data-end=\"838\">\n<p data-start=\"802\" data-end=\"838\"><strong data-start=\"802\" data-end=\"819\">R\u00e9f\u00e9rences\u00a0: 1FGH6, CN-A10A29<\/p>\n<\/li>\n<li data-start=\"839\" data-end=\"894\">\n<p data-start=\"841\" data-end=\"894\"><strong data-start=\"841\" data-end=\"854\">Cat\u00e9gorie\u00a0: Pi\u00e8ces pour ordinateur portable \u2013 Carte lecteur de carte \u00e0 puce<\/p>\n<\/li>\n<li data-start=\"895\" data-end=\"968\">\n<p data-start=\"897\" data-end=\"968\"><strong data-start=\"897\" data-end=\"911\">\u00c9tat\u00a0: Pi\u00e8ce Dell d&rsquo;origine, soigneusement v\u00e9rifi\u00e9e et pr\u00eate \u00e0 l&#8217;emploi Utilisation<\/p>\n<\/li>\n<\/ul>\n<p data-start=\"970\" data-end=\"999\">\u2705 <strong data-start=\"972\" data-end=\"997\">Pourquoi choisir cette pi\u00e8ce\u00a0?<\/strong><\/p>\n<ul data-start=\"1000\" data-end=\"1211\">\n<li data-start=\"1000\" data-end=\"1047\">\n<p data-start=\"1002\" data-end=\"1047\">Parfaitement adapt\u00e9 aux ordinateurs portables Dell Latitude E6420<\/p>\n<\/li>\n<li data-start=\"1048\" data-end=\"1102\">\n<p data-start=\"1050\" data-end=\"1102\">Fonctionnalit\u00e9 carte \u00e0 puce pour une s\u00e9curit\u00e9 accrue<\/p>\n<\/li>\n<li data-start=\"1103\" data-end=\"1162\">\n<p data-start=\"1105\" data-end=\"1162\">Test\u00e9, fiable et issu d&rsquo;unit\u00e9s Dell authentiques<\/p>\n<\/li>\n<li data-start=\"1163\" data-end=\"1211\">\n<p data-start=\"1165\" data-end=\"1211\">Id\u00e9al pour les r\u00e9parations, les mises \u00e0 niveau ou les remplacements<\/p>\n<\/li>\n<\/ul>\n<p data-start=\"1213\" data-end=\"1332\">\ud83d\udcf8 <strong data-start=\"1216\" data-end=\"1240\">Photos r\u00e9elles incluses<\/strong> \u2013 Les photos de cette annonce sont des photos r\u00e9elles de la carte \u00e0 puce que vous recevrez.<\/p>\n<p data-start=\"1334\" data-end=\"1459\">\ud83d\udca1 <strong data-start=\"1337\" data-end=\"1346\">Remarque\u00a0:<\/strong> Aucune instruction d&rsquo;installation n&rsquo;est fournie. Si vous avez besoin d&rsquo;aide, n&rsquo;h\u00e9sitez pas \u00e0 nous contacter.<\/p>\n<p data-start=\"1461\" data-end=\"1657\">Cette <strong data-start=\"1466\" data-end=\"1505\">carte \u00e0 puce Dell Latitude E6420<\/strong> est une pi\u00e8ce de rechange fiable qui vous permet de restaurer ou de maintenir les fonctions de s\u00e9curit\u00e9 de votre ordinateur portable professionnel. Exp\u00e9dition dans le monde entier avec un emballage soign\u00e9.<\/p>\n","protected":false},"excerpt":{"rendered":"<p>Carte m\u00e8re ATG Dell Latitude E6420\/E6420 (1FGH6, CN-A10A29) fiable. Pi\u00e8ce d&rsquo;ordinateur portable 100 % d&rsquo;origine, test\u00e9e et pr\u00eate \u00e0 installer.<\/p>\n","protected":false},"featured_media":18268,"template":"","meta":[],"product_brand":[],"product_cat":[52],"product_tag":[53],"class_list":{"0":"post-18203","1":"product","2":"type-product","3":"status-publish","4":"has-post-thumbnail","6":"product_cat-laptop-housing","7":"product_tag-dell","9":"first","10":"instock","11":"taxable","12":"shipping-taxable","13":"purchasable","14":"product-type-simple"},"_links":{"self":[{"href":"https:\/\/boreait.com\/fr\/wp-json\/wp\/v2\/product\/18203","targetHints":{"allow":["GET"]}}],"collection":[{"href":"https:\/\/boreait.com\/fr\/wp-json\/wp\/v2\/product"}],"about":[{"href":"https:\/\/boreait.com\/fr\/wp-json\/wp\/v2\/types\/product"}],"wp:featuredmedia":[{"embeddable":true,"href":"https:\/\/boreait.com\/fr\/wp-json\/wp\/v2\/media\/18268"}],"wp:attachment":[{"href":"https:\/\/boreait.com\/fr\/wp-json\/wp\/v2\/media?parent=18203"}],"wp:term":[{"taxonomy":"product_brand","embeddable":true,"href":"https:\/\/boreait.com\/fr\/wp-json\/wp\/v2\/product_brand?post=18203"},{"taxonomy":"product_cat","embeddable":true,"href":"https:\/\/boreait.com\/fr\/wp-json\/wp\/v2\/product_cat?post=18203"},{"taxonomy":"product_tag","embeddable":true,"href":"https:\/\/boreait.com\/fr\/wp-json\/wp\/v2\/product_tag?post=18203"}],"curies":[{"name":"wp","href":"https:\/\/api.w.org\/{rel}","templated":true}]}}