{"id":18192,"date":"2025-09-16T17:26:25","date_gmt":"2025-09-16T15:26:25","guid":{"rendered":"https:\/\/boreait.com\/fr\/?post_type=product&#038;p=18192"},"modified":"2025-09-16T17:28:50","modified_gmt":"2025-09-16T15:28:50","slug":"boutons-gauche-et-droit-du-pave-tactile-pour-dell-latitude-e6420-et-e6520-pieces-detachees-pour-ordinateur-portable","status":"publish","type":"product","link":"https:\/\/boreait.com\/fr\/produit\/boutons-gauche-et-droit-du-pave-tactile-pour-dell-latitude-e6420-et-e6520-pieces-detachees-pour-ordinateur-portable\/","title":{"rendered":"Boutons gauche et droit du pav\u00e9 tactile pour Dell Latitude E6420 et E6520 | Pi\u00e8ces d\u00e9tach\u00e9es pour ordinateur portable"},"content":{"rendered":"<p data-start=\"489\" data-end=\"692\">Redonnez \u00e0 votre Dell Latitude toutes ses fonctionnalit\u00e9s gr\u00e2ce \u00e0 ces <strong data-start=\"560\" data-end=\"576\">pi\u00e8ces d\u00e9tach\u00e9es d&rsquo;origine pour ordinateur portable<\/strong>\u00a0: les <strong data-start=\"583\" data-end=\"627\">boutons de souris inf\u00e9rieurs gauche et droit<\/strong> con\u00e7us pour les Dell Latitude s\u00e9ries <strong data-start=\"659\" data-end=\"668\">E6420<\/strong> et <strong data-start=\"673\" data-end=\"682\">E6520<\/strong>.<\/p>\n<p data-start=\"694\" data-end=\"882\">Ces boutons sont id\u00e9aux si les clics de votre pav\u00e9 tactile actuel ne r\u00e9pondent pas, sont l\u00e2ches ou endommag\u00e9s. Chaque pi\u00e8ce a \u00e9t\u00e9 soigneusement test\u00e9e pour garantir ses performances et sa durabilit\u00e9.<\/p>\n<p data-start=\"884\" data-end=\"1146\">\u2714 Mod\u00e8les compatibles\u00a0: Dell Latitude E6420, Dell Latitude E6520<br data-start=\"945\" data-end=\"948\" \/>\u2714 Comprend\u00a0: Boutons gauche et droit de la souris (partie inf\u00e9rieure du pav\u00e9 tactile)<br data-start=\"1017\" data-end=\"1020\" \/>\u2714 \u00c9tat\u00a0: Enti\u00e8rement test\u00e9 et fonctionnel, provenant d&rsquo;ordinateurs portables d&rsquo;origine<br data-start=\"1086\" data-end=\"1089\" \/>\u2714 Les photos pr\u00e9sent\u00e9es repr\u00e9sentent les pi\u00e8ces que vous recevrez.<\/p>\n<p data-start=\"1148\" data-end=\"1168\"><strong data-start=\"1148\" data-end=\"1166\">Pourquoi nous choisir\u00a0?<\/strong><\/p>\n<ul data-start=\"1169\" data-end=\"1316\">\n<li data-start=\"1169\" data-end=\"1210\">\n<p data-start=\"1171\" data-end=\"1210\">Photos r\u00e9elles du produit\u00a0\u2013 aucune image d&rsquo;archive.<\/p>\n<\/li>\n<li data-start=\"1211\" data-end=\"1260\">\n<p data-start=\"1213\" data-end=\"1260\">Exp\u00e9dition fiable en Europe et dans le monde entier.<\/p>\n<\/li>\n<li data-start=\"1261\" data-end=\"1316\">\n<p data-start=\"1263\" data-end=\"1316\">Pi\u00e8ces d\u00e9tach\u00e9es pour ordinateur portable de qualit\u00e9 contr\u00f4l\u00e9e pour des performances optimales.<\/p>\n<\/li>\n<\/ul>\n<p data-start=\"1318\" data-end=\"1540\">Si vous avez besoin d&rsquo;aide pour d\u00e9terminer la compatibilit\u00e9 avec votre ordinateur portable. Mod\u00e8le, n&rsquo;h\u00e9sitez pas \u00e0 nous envoyer un message. Nous ne fournissons pas d&rsquo;instructions d&rsquo;installation d\u00e9taill\u00e9es, mais notre \u00e9quipe se fera un plaisir de vous guider.<\/p>\n","protected":false},"excerpt":{"rendered":"<p data-start=\"294\" data-end=\"436\">Boutons de souris gauche et droit de remplacement pour ordinateurs portables Dell Latitude E6420 et E6520. Pi\u00e8ces d&rsquo;origine pour ordinateur portable, test\u00e9es et pr\u00eates \u00e0 installer.<\/p>\n","protected":false},"featured_media":18256,"template":"","meta":[],"product_brand":[],"product_cat":[52],"product_tag":[53],"class_list":{"0":"post-18192","1":"product","2":"type-product","3":"status-publish","4":"has-post-thumbnail","6":"product_cat-laptop-housing","7":"product_tag-dell","9":"first","10":"instock","11":"taxable","12":"shipping-taxable","13":"purchasable","14":"product-type-simple"},"_links":{"self":[{"href":"https:\/\/boreait.com\/fr\/wp-json\/wp\/v2\/product\/18192","targetHints":{"allow":["GET"]}}],"collection":[{"href":"https:\/\/boreait.com\/fr\/wp-json\/wp\/v2\/product"}],"about":[{"href":"https:\/\/boreait.com\/fr\/wp-json\/wp\/v2\/types\/product"}],"wp:featuredmedia":[{"embeddable":true,"href":"https:\/\/boreait.com\/fr\/wp-json\/wp\/v2\/media\/18256"}],"wp:attachment":[{"href":"https:\/\/boreait.com\/fr\/wp-json\/wp\/v2\/media?parent=18192"}],"wp:term":[{"taxonomy":"product_brand","embeddable":true,"href":"https:\/\/boreait.com\/fr\/wp-json\/wp\/v2\/product_brand?post=18192"},{"taxonomy":"product_cat","embeddable":true,"href":"https:\/\/boreait.com\/fr\/wp-json\/wp\/v2\/product_cat?post=18192"},{"taxonomy":"product_tag","embeddable":true,"href":"https:\/\/boreait.com\/fr\/wp-json\/wp\/v2\/product_tag?post=18192"}],"curies":[{"name":"wp","href":"https:\/\/api.w.org\/{rel}","templated":true}]}}