{"id":18190,"date":"2025-09-16T17:26:25","date_gmt":"2025-09-16T15:26:25","guid":{"rendered":"https:\/\/boreait.com\/fr\/?post_type=product&#038;p=18190"},"modified":"2025-09-16T17:28:38","modified_gmt":"2025-09-16T15:28:38","slug":"coque-arriere-dorigine-pour-dell-latitude-e6420-wv0nd-am0fd000800-pieces-detachees-pour-ordinateur-portable","status":"publish","type":"product","link":"https:\/\/boreait.com\/fr\/produit\/coque-arriere-dorigine-pour-dell-latitude-e6420-wv0nd-am0fd000800-pieces-detachees-pour-ordinateur-portable\/","title":{"rendered":"Coque arri\u00e8re d&rsquo;origine pour Dell Latitude E6420 (WV0ND AM0FD000800) \u2013 Pi\u00e8ces d\u00e9tach\u00e9es pour ordinateur portable"},"content":{"rendered":"<p data-start=\"773\" data-end=\"1003\">Ceci est un <strong data-start=\"784\" data-end=\"812\">couvercle arri\u00e8re Dell d&rsquo;origine<\/strong> pour le Latitude E6420, r\u00e9f\u00e9rences <strong data-start=\"850\" data-end=\"859\">WV0ND<\/strong> et <strong data-start=\"864\" data-end=\"879\">AM0FD000800<\/strong>. Con\u00e7u pour un ajustement pr\u00e9cis, ce couvercle arri\u00e8re assure la protection de votre ordinateur portable tout en pr\u00e9servant son aspect professionnel.<\/p>\n<p data-start=\"1005\" data-end=\"1258\">Que votre coque actuelle soit fissur\u00e9e, ray\u00e9e ou simplement us\u00e9e, cette <strong data-start=\"1080\" data-end=\"1108\">pi\u00e8ce d&rsquo;origine pour ordinateur portable Dell<\/strong> est la pi\u00e8ce de rechange fiable dont vous avez besoin. Fabriqu\u00e9 \u00e0 partir de mat\u00e9riaux durables, il restaure l&rsquo;apparence de votre ordinateur portable et offre des performances durables.<\/p>\n<p data-start=\"1260\" data-end=\"1279\"><strong data-start=\"1260\" data-end=\"1277\">Principales caract\u00e9ristiques\u00a0:<\/strong><\/p>\n<ul data-start=\"1280\" data-end=\"1489\">\n<li data-start=\"1280\" data-end=\"1325\">\n<p data-start=\"1282\" data-end=\"1325\">Mod\u00e8le compatible\u00a0: <strong data-start=\"1300\" data-end=\"1323\">Dell Latitude E6420<\/strong><\/p>\n<\/li>\n<li data-start=\"1326\" data-end=\"1367\">\n<p data-start=\"1328\" data-end=\"1367\">R\u00e9f\u00e9rences\u00a0: <strong data-start=\"1342\" data-end=\"1365\">WV0ND \/ AM0FD000800<\/strong><\/p>\n<\/li>\n<li data-start=\"1368\" data-end=\"1414\">\n<p data-start=\"1370\" data-end=\"1414\">Pi\u00e8ce d&rsquo;origine pour ordinateur portable Dell \u2013 pas de pi\u00e8ce de rechange<\/p>\n<\/li>\n<li data-start=\"1415\" data-end=\"1452\">\n<p data-start=\"1417\" data-end=\"1452\">Construction durable et fiable<\/p>\n<\/li>\n<li data-start=\"1453\" data-end=\"1489\">\n<p data-start=\"1455\" data-end=\"1489\">Ajustement parfait pour un remplacement facile<\/p>\n<\/li>\n<\/ul>\n<p data-start=\"1491\" data-end=\"1665\">\u2714 <strong data-start=\"1493\" data-end=\"1518\">Les photos pr\u00e9sent\u00e9es sont r\u00e9elles<\/strong>\u00a0; vous recevrez exactement la pi\u00e8ce illustr\u00e9e.<br data-start=\"1560\" data-end=\"1563\" \/>\u2714 Si vous avez besoin d&rsquo;aide pour choisir ou confirmer la compatibilit\u00e9, n&rsquo;h\u00e9sitez pas \u00e0 nous contacter \u00e0 tout moment.<\/p>\n<p data-start=\"1667\" data-end=\"1807\">Cette coque arri\u00e8re est id\u00e9ale pour les techniciens, les services informatiques et les particuliers qui souhaitent maintenir leur Dell Latitude E6420 en parfait \u00e9tat.<\/p>\n","protected":false},"excerpt":{"rendered":"<p>Prot\u00e9gez votre Dell Latitude E6420 avec ce <strong data-start=\"527\" data-end=\"561\">couvercle arri\u00e8re de remplacement d&rsquo;origine<\/strong>. Ajustement parfait, construction durable et qualit\u00e9 Dell d&rsquo;origine\u00a0: le choix id\u00e9al pour r\u00e9parer ou mettre \u00e0 niveau les composants de votre ordinateur portable.<\/p>\n","protected":false},"featured_media":18252,"template":"","meta":[],"product_brand":[],"product_cat":[52],"product_tag":[53],"class_list":{"0":"post-18190","1":"product","2":"type-product","3":"status-publish","4":"has-post-thumbnail","6":"product_cat-laptop-housing","7":"product_tag-dell","9":"first","10":"instock","11":"taxable","12":"shipping-taxable","13":"purchasable","14":"product-type-simple"},"_links":{"self":[{"href":"https:\/\/boreait.com\/fr\/wp-json\/wp\/v2\/product\/18190","targetHints":{"allow":["GET"]}}],"collection":[{"href":"https:\/\/boreait.com\/fr\/wp-json\/wp\/v2\/product"}],"about":[{"href":"https:\/\/boreait.com\/fr\/wp-json\/wp\/v2\/types\/product"}],"wp:featuredmedia":[{"embeddable":true,"href":"https:\/\/boreait.com\/fr\/wp-json\/wp\/v2\/media\/18252"}],"wp:attachment":[{"href":"https:\/\/boreait.com\/fr\/wp-json\/wp\/v2\/media?parent=18190"}],"wp:term":[{"taxonomy":"product_brand","embeddable":true,"href":"https:\/\/boreait.com\/fr\/wp-json\/wp\/v2\/product_brand?post=18190"},{"taxonomy":"product_cat","embeddable":true,"href":"https:\/\/boreait.com\/fr\/wp-json\/wp\/v2\/product_cat?post=18190"},{"taxonomy":"product_tag","embeddable":true,"href":"https:\/\/boreait.com\/fr\/wp-json\/wp\/v2\/product_tag?post=18190"}],"curies":[{"name":"wp","href":"https:\/\/api.w.org\/{rel}","templated":true}]}}