{"id":18187,"date":"2025-09-16T17:26:24","date_gmt":"2025-09-16T15:26:24","guid":{"rendered":"https:\/\/boreait.com\/fr\/?post_type=product&#038;p=18187"},"modified":"2025-09-16T17:28:23","modified_gmt":"2025-09-16T15:28:23","slug":"cable-modem-et-port-ethernet-rj-11-56k-pour-dell-latitude-e6420-7tm86-pieces-de-rechange-pour-ordinateur-portable","status":"publish","type":"product","link":"https:\/\/boreait.com\/fr\/produit\/cable-modem-et-port-ethernet-rj-11-56k-pour-dell-latitude-e6420-7tm86-pieces-de-rechange-pour-ordinateur-portable\/","title":{"rendered":"C\u00e2ble modem et port Ethernet RJ-11 56k pour Dell Latitude E6420 7TM86 | Pi\u00e8ces de rechange pour ordinateur portable"},"content":{"rendered":"<p data-start=\"722\" data-end=\"1001\">Assurez-vous que votre ordinateur portable Dell Latitude E6420 maintient une connectivit\u00e9 modem et Ethernet fiable avec ce c\u00e2ble de port modem et Ethernet RJ-11 56k de remplacement de haute qualit\u00e9 (num\u00e9ro de pi\u00e8ce 7TM86). Cette pi\u00e8ce d&rsquo;origine pour ordinateur portable est id\u00e9ale pour r\u00e9parer ou mettre \u00e0 niveau les ports r\u00e9seau de votre appareil.<\/p>\n<p data-start=\"1003\" data-end=\"1020\"><strong data-start=\"1003\" data-end=\"1020\">Caract\u00e9ristiques principales\u00a0:<\/strong><\/p>\n<ul data-start=\"1021\" data-end=\"1334\">\n<li data-start=\"1021\" data-end=\"1072\">\n<p data-start=\"1023\" data-end=\"1072\">Compatible avec les ordinateurs portables <strong data-start=\"1039\" data-end=\"1062\">Dell Latitude E6420<\/strong><\/p>\n<\/li>\n<li data-start=\"1073\" data-end=\"1138\">\n<p data-start=\"1075\" data-end=\"1138\">Inclus <strong data-start=\"1084\" data-end=\"1108\">Prise modem RJ-11 56k<\/strong> et <strong data-start=\"1113\" data-end=\"1136\">C\u00e2ble Ethernet<\/strong><\/p>\n<\/li>\n<li data-start=\"1139\" data-end=\"1190\">\n<p data-start=\"1141\" data-end=\"1190\">Pi\u00e8ce de rechange d&rsquo;origine, r\u00e9f\u00e9rence <strong data-start=\"1179\" data-end=\"1188\">7TM86<\/strong><\/p>\n<\/li>\n<li data-start=\"1191\" data-end=\"1267\">\n<p data-start=\"1193\" data-end=\"1267\">Photos r\u00e9elles de la pi\u00e8ce fournies\u00a0: vous recevrez exactement le m\u00eame produit.<\/p>\n<\/li>\n<li data-start=\"1268\" data-end=\"1334\">\n<p data-start=\"1270\" data-end=\"1334\">Id\u00e9al pour r\u00e9parer les ports endommag\u00e9s ou remplacer les c\u00e2bles us\u00e9s.<\/p>\n<\/li>\n<\/ul>\n<p data-start=\"1336\" data-end=\"1358\"><strong data-start=\"1336\" data-end=\"1356\">Pourquoi acheter chez nous\u00a0:<\/strong><\/p>\n<ul data-start=\"1359\" data-end=\"1559\">\n<li data-start=\"1359\" data-end=\"1452\">\n<p data-start=\"1361\" data-end=\"1452\">Nous sommes sp\u00e9cialis\u00e9s dans les <strong data-start=\"1388\" data-end=\"1404\">pi\u00e8ces d\u00e9tach\u00e9es d&rsquo;ordinateurs portables<\/strong> authentiques, exp\u00e9di\u00e9es dans le monde entier, principalement \u00e0 travers Europe.<\/p>\n<\/li>\n<li data-start=\"1453\" data-end=\"1559\">\n<p data-start=\"1455\" data-end=\"1559\">Si vous avez besoin d&rsquo;aide pour identifier ou installer votre pi\u00e8ce, envoyez-nous un message\u00a0; nous serons ravis de vous guider\u00a0!<\/p>\n<\/li>\n<\/ul>\n<p data-start=\"1561\" data-end=\"1702\">Mettez \u00e0 niveau ou r\u00e9parez votre ordinateur portable d\u00e8s aujourd&rsquo;hui et restaurez toutes ses fonctionnalit\u00e9s r\u00e9seau gr\u00e2ce \u00e0 ce <strong data-start=\"1656\" data-end=\"1699\">c\u00e2ble RJ-11 et Ethernet Latitude E6420<\/strong> essentiel.<\/p>\n","protected":false},"excerpt":{"rendered":"<p data-start=\"450\" \u200b\u200bdata-end=\"671\">Remplacez ou am\u00e9liorez votre modem Dell Latitude E6420 et sa connectivit\u00e9 Ethernet gr\u00e2ce \u00e0 ce c\u00e2ble modem RJ-11 56k et port Ethernet d&rsquo;origine (7TM86). Photos authentiques de la pi\u00e8ce incluses. Pour toute aide \u00e0 l&rsquo;installation, n&rsquo;h\u00e9sitez pas \u00e0 nous contacter \u00e0 tout moment\u00a0!<\/p>\n","protected":false},"featured_media":18243,"template":"","meta":[],"product_brand":[],"product_cat":[56],"product_tag":[53],"class_list":{"0":"post-18187","1":"product","2":"type-product","3":"status-publish","4":"has-post-thumbnail","6":"product_cat-cables","7":"product_tag-dell","9":"first","10":"instock","11":"taxable","12":"shipping-taxable","13":"purchasable","14":"product-type-simple"},"_links":{"self":[{"href":"https:\/\/boreait.com\/fr\/wp-json\/wp\/v2\/product\/18187","targetHints":{"allow":["GET"]}}],"collection":[{"href":"https:\/\/boreait.com\/fr\/wp-json\/wp\/v2\/product"}],"about":[{"href":"https:\/\/boreait.com\/fr\/wp-json\/wp\/v2\/types\/product"}],"wp:featuredmedia":[{"embeddable":true,"href":"https:\/\/boreait.com\/fr\/wp-json\/wp\/v2\/media\/18243"}],"wp:attachment":[{"href":"https:\/\/boreait.com\/fr\/wp-json\/wp\/v2\/media?parent=18187"}],"wp:term":[{"taxonomy":"product_brand","embeddable":true,"href":"https:\/\/boreait.com\/fr\/wp-json\/wp\/v2\/product_brand?post=18187"},{"taxonomy":"product_cat","embeddable":true,"href":"https:\/\/boreait.com\/fr\/wp-json\/wp\/v2\/product_cat?post=18187"},{"taxonomy":"product_tag","embeddable":true,"href":"https:\/\/boreait.com\/fr\/wp-json\/wp\/v2\/product_tag?post=18187"}],"curies":[{"name":"wp","href":"https:\/\/api.w.org\/{rel}","templated":true}]}}